{"id":46312,"date":"2021-12-10T10:01:06","date_gmt":"2021-12-10T10:01:06","guid":{"rendered":"https:\/\/wydawnictwo.ug.edu.pl\/ksiegarnia-online\/uncategorized\/efektywnosc-dzialalnosci-polskich-szpitali-klinicznych\/"},"modified":"2026-02-11T14:05:34","modified_gmt":"2026-02-11T14:05:34","slug":"efektywnosc-dzialalnosci-polskich-szpitali-klinicznych","status":"publish","type":"product","link":"https:\/\/wydawnictwo.ug.edu.pl\/en\/ksiegarnia-online\/zarzadzanie\/efektywnosc-dzialalnosci-polskich-szpitali-klinicznych\/","title":{"rendered":"Efektywno\u015b\u0107 dzia\u0142alno\u015bci polskich szpitali klinicznych"},"content":{"rendered":"","protected":false},"excerpt":{"rendered":"<p>Ksi\u0105\u017cka <em>Efektywno\u015b\u0107 dzia\u0142alno\u015bci polskich szpitali klinicznych<\/em> jest dzie\u0142em warto\u015bciowym i z pewno\u015bci\u0105 stanowi istotny wk\u0142ad w subdyscyplin\u0119 ekonomiki zdrowia. Pani Joanna E. Sikora-Alicka przedstawia w swojej pracy szczeg\u00f3\u0142y autorskiej procedury doboru zmiennych do oceny efektywno\u015bci dzia\u0142ania szpitali klinicznych, prezentuje kompleksow\u0105 analiz\u0119 por\u00f3wnawcz\u0105 wybranych podmiot\u00f3w oraz dokonuje dwuczynnikowej dekompozycji indeksu Malmquista celem identyfikacji predykatora zmian produktywno\u015bci badanych szpitali. Wymienione walory poznawcze i aplikacyjne pracy upowa\u017cniaj\u0105 mnie do wyra\u017cenia pozytywnej opinii na temat celowo\u015bci wydania tej ksi\u0105\u017cki.<\/p>\n<p style=\"text-align: right;\"><em>Z recenzji prof. dr hab. Igi Rudawskiej<\/em><\/p>\n","protected":false},"featured_media":17246,"template":"","meta":{"_acf_changed":false},"journal":[],"rodzaj":[7074],"seria":[],"product_brand":[],"product_cat":[6942],"product_tag":[],"class_list":{"0":"post-46312","1":"product","2":"type-product","3":"status-publish","4":"has-post-thumbnail","6":"rodzaj-ksiazki","7":"product_cat-zarzadzanie","8":"pa_rok-wydania-2021-en","10":"first","11":"outofstock","12":"taxable","13":"shipping-taxable","14":"purchasable","15":"product-type-simple"},"acf":[],"_links":{"self":[{"href":"https:\/\/wydawnictwo.ug.edu.pl\/en\/wp-json\/wp\/v2\/product\/46312","targetHints":{"allow":["GET"]}}],"collection":[{"href":"https:\/\/wydawnictwo.ug.edu.pl\/en\/wp-json\/wp\/v2\/product"}],"about":[{"href":"https:\/\/wydawnictwo.ug.edu.pl\/en\/wp-json\/wp\/v2\/types\/product"}],"wp:featuredmedia":[{"embeddable":true,"href":"https:\/\/wydawnictwo.ug.edu.pl\/en\/wp-json\/wp\/v2\/media\/17246"}],"wp:attachment":[{"href":"https:\/\/wydawnictwo.ug.edu.pl\/en\/wp-json\/wp\/v2\/media?parent=46312"}],"wp:term":[{"taxonomy":"journal","embeddable":true,"href":"https:\/\/wydawnictwo.ug.edu.pl\/en\/wp-json\/wp\/v2\/journal?post=46312"},{"taxonomy":"rodzaj","embeddable":true,"href":"https:\/\/wydawnictwo.ug.edu.pl\/en\/wp-json\/wp\/v2\/rodzaj?post=46312"},{"taxonomy":"seria","embeddable":true,"href":"https:\/\/wydawnictwo.ug.edu.pl\/en\/wp-json\/wp\/v2\/seria?post=46312"},{"taxonomy":"product_brand","embeddable":true,"href":"https:\/\/wydawnictwo.ug.edu.pl\/en\/wp-json\/wp\/v2\/product_brand?post=46312"},{"taxonomy":"product_cat","embeddable":true,"href":"https:\/\/wydawnictwo.ug.edu.pl\/en\/wp-json\/wp\/v2\/product_cat?post=46312"},{"taxonomy":"product_tag","embeddable":true,"href":"https:\/\/wydawnictwo.ug.edu.pl\/en\/wp-json\/wp\/v2\/product_tag?post=46312"}],"curies":[{"name":"wp","href":"https:\/\/api.w.org\/{rel}","templated":true}]}}