{"id":46310,"date":"2021-12-11T08:04:03","date_gmt":"2021-12-11T08:04:03","guid":{"rendered":"https:\/\/wydawnictwo.ug.edu.pl\/ksiegarnia-online\/uncategorized\/uwarunkowania-rozwoju-instrumentow-rynku-kapitalowego-i-pienieznego\/"},"modified":"2026-02-11T14:05:36","modified_gmt":"2026-02-11T14:05:36","slug":"uwarunkowania-rozwoju-instrumentow-rynku-kapitalowego-i-pienieznego","status":"publish","type":"product","link":"https:\/\/wydawnictwo.ug.edu.pl\/en\/ksiegarnia-online\/ekonomia\/uwarunkowania-rozwoju-instrumentow-rynku-kapitalowego-i-pienieznego\/","title":{"rendered":"Uwarunkowania rozwoju instrument\u00f3w rynku kapita\u0142owego i pieni\u0119\u017cnego"},"content":{"rendered":"","protected":false},"excerpt":{"rendered":"<p>Na rynku finansowym wci\u0105\u017c rozwijaj\u0105 si\u0119 instrumenty finansowe, zar\u00f3wno bazowe, jak i pochodne. Ich badania maj\u0105 istotne znaczenie dla rozwoju dyscypliny ekonomia i finanse. Na pocz\u0105tku pierwszej dekady nowego tysi\u0105clecia polski rynek instrument\u00f3w finansowych rynku kapita\u0142owego i pieni\u0119\u017cnego sk\u0142ada\u0142y si\u0119 przede wszystkim z akcji i obligacji skarbowych (&#8230;). Tymczasem w 2021 r. w Polsce, opr\u00f3cz stosunkowo dobrze rozwini\u0119tego rynku akcji i instrument\u00f3w skarbowych, funkcjonowa\u0142 szeroki rynek walor\u00f3w pozaskarbowych, cz\u0119sto notowanych na publicznym rynku Catalyst. Ponadto rozwini\u0119ty by\u0142 rynek pochodnych instrument\u00f3w finansowych. Znaczenia nabra\u0142y przede wszystkim pozaskarbowe instrumenty finansowe zar\u00f3wno dost\u0119pne na rynku niepublicznym, jak i notowane na rynku Catalyst. Emitowane by\u0142y nie tylko przez sp\u00f3\u0142ki akcyjne zajmuj\u0105ce si\u0119 produkcj\u0105 i us\u0142ugami, ale r\u00f3wnie\u017c przez banki, samorz\u0105dy terytorialne, banki komercyjne czy bank centralny (&#8230;). Konsekwencj\u0105 powy\u017cszych obserwacji jest niniejsza monografia naukowa, w kt\u00f3rej przebadano wszystkie zasygnalizowane wy\u017cej instrumenty rynku kapita\u0142owego i pieni\u0119\u017cnego. Problem badawczy stanowi analiza genezy i stanu rozwoju polskiego rynku tych walor\u00f3w, a tak\u017ce perspektyw rozwoju wszystkich omawianych instrument\u00f3w dost\u0119pnych lub dopiero wprowadzanych na krajowy rynek finansowy. Podczas przygotowania monografii wykorzystano r\u00f3\u017cne statystyki, przeprowadzono te\u017c badania w\u0142asne. Istotny nacisk po\u0142o\u017cono r\u00f3wnie\u017c na przedstawienie ewolucji regulacji dotycz\u0105cych opodatkowania dochod\u00f3w z inwestycji w instrumenty finansowe.<\/p>\n<p style=\"text-align: right;\"><em>Ze Wst\u0119pu<\/em><\/p>\n","protected":false},"featured_media":17231,"template":"","meta":{"_acf_changed":false},"journal":[],"rodzaj":[7074],"seria":[],"product_brand":[],"product_cat":[6934],"product_tag":[7341],"class_list":{"0":"post-46310","1":"product","2":"type-product","3":"status-publish","4":"has-post-thumbnail","6":"rodzaj-ksiazki","7":"product_cat-ekonomia","8":"product_tag-slawomir-antkiewiczslawomir-antkiewicz","9":"pa_rok-wydania-2021-en","11":"first","12":"instock","13":"taxable","14":"shipping-taxable","15":"purchasable","16":"product-type-simple"},"acf":[],"_links":{"self":[{"href":"https:\/\/wydawnictwo.ug.edu.pl\/en\/wp-json\/wp\/v2\/product\/46310","targetHints":{"allow":["GET"]}}],"collection":[{"href":"https:\/\/wydawnictwo.ug.edu.pl\/en\/wp-json\/wp\/v2\/product"}],"about":[{"href":"https:\/\/wydawnictwo.ug.edu.pl\/en\/wp-json\/wp\/v2\/types\/product"}],"wp:featuredmedia":[{"embeddable":true,"href":"https:\/\/wydawnictwo.ug.edu.pl\/en\/wp-json\/wp\/v2\/media\/17231"}],"wp:attachment":[{"href":"https:\/\/wydawnictwo.ug.edu.pl\/en\/wp-json\/wp\/v2\/media?parent=46310"}],"wp:term":[{"taxonomy":"journal","embeddable":true,"href":"https:\/\/wydawnictwo.ug.edu.pl\/en\/wp-json\/wp\/v2\/journal?post=46310"},{"taxonomy":"rodzaj","embeddable":true,"href":"https:\/\/wydawnictwo.ug.edu.pl\/en\/wp-json\/wp\/v2\/rodzaj?post=46310"},{"taxonomy":"seria","embeddable":true,"href":"https:\/\/wydawnictwo.ug.edu.pl\/en\/wp-json\/wp\/v2\/seria?post=46310"},{"taxonomy":"product_brand","embeddable":true,"href":"https:\/\/wydawnictwo.ug.edu.pl\/en\/wp-json\/wp\/v2\/product_brand?post=46310"},{"taxonomy":"product_cat","embeddable":true,"href":"https:\/\/wydawnictwo.ug.edu.pl\/en\/wp-json\/wp\/v2\/product_cat?post=46310"},{"taxonomy":"product_tag","embeddable":true,"href":"https:\/\/wydawnictwo.ug.edu.pl\/en\/wp-json\/wp\/v2\/product_tag?post=46310"}],"curies":[{"name":"wp","href":"https:\/\/api.w.org\/{rel}","templated":true}]}}