{"id":46308,"date":"2021-12-13T08:54:12","date_gmt":"2021-12-13T08:54:12","guid":{"rendered":"https:\/\/wydawnictwo.ug.edu.pl\/ksiegarnia-online\/uncategorized\/rozwoj-transportu-spedycji-i-logistyki-w-dobie-cyfryzacji-i-globalnej-gospodarki\/"},"modified":"2026-02-11T14:05:36","modified_gmt":"2026-02-11T14:05:36","slug":"rozwoj-transportu-spedycji-i-logistyki-w-dobie-cyfryzacji-i-globalnej-gospodarki","status":"publish","type":"product","link":"https:\/\/wydawnictwo.ug.edu.pl\/en\/ksiegarnia-online\/ekonomia\/rozwoj-transportu-spedycji-i-logistyki-w-dobie-cyfryzacji-i-globalnej-gospodarki\/","title":{"rendered":"Rozw\u00f3j transportu, spedycji i logistyki w dobie cyfryzacji i globalnej gospodarki"},"content":{"rendered":"","protected":false},"excerpt":{"rendered":"<p>Dr Dorota Ksi\u0105\u017ckiewicz jest pracownikiem Katedry Polityki Transportowej i Integracji Gospodarczej Uniwersytetu Gda\u0144skiego. Jako wyk\u0142adowca i tutor akademicki zajmuje si\u0119 analiz\u0105 mechanizm\u00f3w funkcjonowania wsp\u00f3\u0142czesnej globalnej gospodarki i \u0142a\u0144cuch\u00f3w dostaw, wraz z ich zak\u0142\u00f3ceniami i zagro\u017ceniami dla ich bezpiecze\u0144stwa i skuteczno\u015bci. Jej szczeg\u00f3lnym obszarem zainteresowa\u0144 naukowych jest rozw\u00f3j technologii w globalnym handlu, transporcie i logistyce: cyfryzacja proces\u00f3w biznesowych, zastosowania Internetu rzeczy, analizy BIG DATA, automatyzacja i robotyzacja, zastosowania sztucznej inteligencji i uczenia si\u0119 maszyn w procesach gospodarczych. Drugim obszarem bada\u0144 s\u0105 aspekty zarz\u0105dzania ryzykiem w \u0142a\u0144cuchach dostaw, m.in.: wojny handlowe, piractwo, terroryzm oraz wp\u0142yw tych zjawisk na funkcjonowanie \u0142a\u0144cuch\u00f3w dostaw. Trzecim obszarem zainteresowa\u0144 naukowych s\u0105 technologie i nowe rozwi\u0105zania organizacyjne w d\u0105\u017ceniu do gospodarki zeroemisyjnej i zr\u00f3wnowa\u017conego rozwoju przedsi\u0119biorstw, szczeg\u00f3lnie w obszarze transportu i logistyki.<\/p>\n<p>Ksi\u0105\u017cka dost\u0119pna r\u00f3wnie\u017c w wersji elektronicznej.<\/p>\n","protected":false},"featured_media":17269,"template":"","meta":{"_acf_changed":false},"journal":[],"rodzaj":[7074],"seria":[],"product_brand":[],"product_cat":[6934],"product_tag":[7796],"class_list":{"0":"post-46308","1":"product","2":"type-product","3":"status-publish","4":"has-post-thumbnail","6":"rodzaj-ksiazki","7":"product_cat-ekonomia","8":"product_tag-dorota-ksiazkiewicz","9":"pa_rok-wydania-2021-en","11":"first","12":"outofstock","13":"taxable","14":"shipping-taxable","15":"purchasable","16":"product-type-simple"},"acf":[],"_links":{"self":[{"href":"https:\/\/wydawnictwo.ug.edu.pl\/en\/wp-json\/wp\/v2\/product\/46308","targetHints":{"allow":["GET"]}}],"collection":[{"href":"https:\/\/wydawnictwo.ug.edu.pl\/en\/wp-json\/wp\/v2\/product"}],"about":[{"href":"https:\/\/wydawnictwo.ug.edu.pl\/en\/wp-json\/wp\/v2\/types\/product"}],"wp:featuredmedia":[{"embeddable":true,"href":"https:\/\/wydawnictwo.ug.edu.pl\/en\/wp-json\/wp\/v2\/media\/17269"}],"wp:attachment":[{"href":"https:\/\/wydawnictwo.ug.edu.pl\/en\/wp-json\/wp\/v2\/media?parent=46308"}],"wp:term":[{"taxonomy":"journal","embeddable":true,"href":"https:\/\/wydawnictwo.ug.edu.pl\/en\/wp-json\/wp\/v2\/journal?post=46308"},{"taxonomy":"rodzaj","embeddable":true,"href":"https:\/\/wydawnictwo.ug.edu.pl\/en\/wp-json\/wp\/v2\/rodzaj?post=46308"},{"taxonomy":"seria","embeddable":true,"href":"https:\/\/wydawnictwo.ug.edu.pl\/en\/wp-json\/wp\/v2\/seria?post=46308"},{"taxonomy":"product_brand","embeddable":true,"href":"https:\/\/wydawnictwo.ug.edu.pl\/en\/wp-json\/wp\/v2\/product_brand?post=46308"},{"taxonomy":"product_cat","embeddable":true,"href":"https:\/\/wydawnictwo.ug.edu.pl\/en\/wp-json\/wp\/v2\/product_cat?post=46308"},{"taxonomy":"product_tag","embeddable":true,"href":"https:\/\/wydawnictwo.ug.edu.pl\/en\/wp-json\/wp\/v2\/product_tag?post=46308"}],"curies":[{"name":"wp","href":"https:\/\/api.w.org\/{rel}","templated":true}]}}