{"id":46307,"date":"2021-12-13T11:15:46","date_gmt":"2021-12-13T11:15:46","guid":{"rendered":"https:\/\/wydawnictwo.ug.edu.pl\/ksiegarnia-online\/uncategorized\/horoskop-prasowy-gatunek-jezyk-dzialanie\/"},"modified":"2026-02-11T14:05:38","modified_gmt":"2026-02-11T14:05:38","slug":"horoskop-prasowy-gatunek-jezyk-dzialanie","status":"publish","type":"product","link":"https:\/\/wydawnictwo.ug.edu.pl\/en\/ksiegarnia-online\/jezykoznawstwo\/horoskop-prasowy-gatunek-jezyk-dzialanie\/","title":{"rendered":"Horoskop prasowy. Gatunek \u2013 j\u0119zyk \u2013 dzia\u0142anie"},"content":{"rendered":"","protected":false},"excerpt":{"rendered":"<p>\u201eKsi\u0105\u017cka jest tomem oryginalnym i\u00a0cennym, poszerza i\u00a0znakomicie pog\u0142\u0119bia problematyk\u0119 z\u00a0zakresu genologii por\u00f3wnawczej (kontrastywnej), w\u00a0Polsce krystalizuj\u0105cej swe za\u0142o\u017cenia. [&#8230;] Mamy zatem do czynienia z\u00a0precyzyjnym zaprojektowaniem analizy genologicznej jako wielow\u0105tkowego post\u0119powania badawczego. Autorka w\u00a0pe\u0142ni zrealizowa\u0142a zak\u0142adane cele poznawcze, prezentuj\u0105c warsztat badawczy najwy\u017cszej pr\u00f3by, osadzony w\u00a0ramach genologii j\u0119zykoznawczej, umo\u017cliwiaj\u0105cej pe\u0142n\u0105 i\u00a0wielow\u0105tkow\u0105 charakterystyk\u0119 gatunku, przekraczaj\u0105cego przestrzenie kulturowe. Poszerzenie stanu bada\u0144 o\u00a0opracowania z\u00a0licznych kraj\u00f3w i\u00a0j\u0119zyk\u00f3w w\u00a0znacz\u0105cym stopniu pog\u0142\u0119bi\u0142y podj\u0119t\u0105 problematyk\u0119. [\u2026] Spo\u0142eczno\u015b\u0107 badaczy genolog\u00f3w powinna przyj\u0105\u0107 monografi\u0119 Pani Katarzyny Borkowskiej z\u00a0aprobat\u0105 ze wzgl\u0119du na: walory poznawcze opracowania; perspektywy, jakie ono wyznacza (\u015bcie\u017cki analiz por\u00f3wnawczych); stylistyczn\u0105 atrakcyjno\u015b\u0107 autorskiego wywodu (ksi\u0105\u017ck\u0119 czyta si\u0119 z\u00a0przyjemno\u015bci\u0105!); utwierdzenie w\u00a0s\u0142uszno\u015bci podstawowych przekona\u0144, kt\u00f3re tworz\u0105 wsp\u00f3lnot\u0119 poznawcz\u0105 wspomnianych badaczy; analizy drobiazgowe, wielow\u0105tkowe, precyzyjne, bogato ilustrowane materia\u0142em egzemplifikacyjnym, starannie dobieranym; uog\u00f3lnienia oraz konkluzje, kt\u00f3re mog\u0105 funkcjonowa\u0107 jako podstawa do formu\u0142owania dalszych hipotez badawczych, a\u00a0wi\u0119c poszerzania horyzont\u00f3w poznawczych dyscypliny. Ksi\u0105\u017cka powinna te\u017c zainteresowa\u0107 mi\u0119dzynarodow\u0105 spo\u0142eczno\u015b\u0107 badaczy, reprezentuj\u0105cych r\u00f3\u017cne dyscypliny, zajmuj\u0105cych si\u0119 problematyk\u0105 funkcjonowania horoskopu w\u00a0przestrzeni medialnej. Ca\u0142o\u015bciowy, precyzyjnie przedstawiony portret gatunku, pokazuj\u0105cy walory j\u0119zykoznawczego warsztatu badawczego, powinien tej spo\u0142eczno\u015bci dostarczy\u0107 bod\u017ac\u00f3w do poszerzenia przestrzeni poznawczych [\u2026]. Monografia pokazuje Autork\u0119 jako badaczk\u0119 o\u00a0szerokich horyzontach, skrupulatn\u0105 w\u00a0analizach i\u00a0dociekliw\u0105, dysponuj\u0105c\u0105 znakomitym warsztatem poznawczym z\u00a0zakresu lingwistyki, a\u00a0tak\u017ce umiej\u0119tno\u015bciami nie tylko formu\u0142owania hipotez badawczych, lecz ich analitycznej i\u00a0interpretacyjnej weryfikacji\u201d.<\/p>\n<p style=\"text-align: right;\"><em>Z\u00a0recenzji prof. zw. dr hab. Marii Wojtak<\/em><\/p>\n","protected":false},"featured_media":17280,"template":"","meta":{"_acf_changed":false},"journal":[],"rodzaj":[7074],"seria":[],"product_brand":[],"product_cat":[6924],"product_tag":[],"class_list":{"0":"post-46307","1":"product","2":"type-product","3":"status-publish","4":"has-post-thumbnail","6":"rodzaj-ksiazki","7":"product_cat-jezykoznawstwo","8":"pa_rok-wydania-2021-en","10":"first","11":"outofstock","12":"taxable","13":"shipping-taxable","14":"purchasable","15":"product-type-simple"},"acf":[],"_links":{"self":[{"href":"https:\/\/wydawnictwo.ug.edu.pl\/en\/wp-json\/wp\/v2\/product\/46307","targetHints":{"allow":["GET"]}}],"collection":[{"href":"https:\/\/wydawnictwo.ug.edu.pl\/en\/wp-json\/wp\/v2\/product"}],"about":[{"href":"https:\/\/wydawnictwo.ug.edu.pl\/en\/wp-json\/wp\/v2\/types\/product"}],"wp:featuredmedia":[{"embeddable":true,"href":"https:\/\/wydawnictwo.ug.edu.pl\/en\/wp-json\/wp\/v2\/media\/17280"}],"wp:attachment":[{"href":"https:\/\/wydawnictwo.ug.edu.pl\/en\/wp-json\/wp\/v2\/media?parent=46307"}],"wp:term":[{"taxonomy":"journal","embeddable":true,"href":"https:\/\/wydawnictwo.ug.edu.pl\/en\/wp-json\/wp\/v2\/journal?post=46307"},{"taxonomy":"rodzaj","embeddable":true,"href":"https:\/\/wydawnictwo.ug.edu.pl\/en\/wp-json\/wp\/v2\/rodzaj?post=46307"},{"taxonomy":"seria","embeddable":true,"href":"https:\/\/wydawnictwo.ug.edu.pl\/en\/wp-json\/wp\/v2\/seria?post=46307"},{"taxonomy":"product_brand","embeddable":true,"href":"https:\/\/wydawnictwo.ug.edu.pl\/en\/wp-json\/wp\/v2\/product_brand?post=46307"},{"taxonomy":"product_cat","embeddable":true,"href":"https:\/\/wydawnictwo.ug.edu.pl\/en\/wp-json\/wp\/v2\/product_cat?post=46307"},{"taxonomy":"product_tag","embeddable":true,"href":"https:\/\/wydawnictwo.ug.edu.pl\/en\/wp-json\/wp\/v2\/product_tag?post=46307"}],"curies":[{"name":"wp","href":"https:\/\/api.w.org\/{rel}","templated":true}]}}