{"id":46304,"date":"2021-12-13T12:34:09","date_gmt":"2021-12-13T12:34:09","guid":{"rendered":"https:\/\/wydawnictwo.ug.edu.pl\/ksiegarnia-online\/uncategorized\/kasacja-w-sprawach-karnych-wnoszona-przez-prokuratora-generalnego-charakterystyka-prawna-i-analiza-empiryczna\/"},"modified":"2026-02-11T13:38:29","modified_gmt":"2026-02-11T13:38:29","slug":"kasacja-w-sprawach-karnych-wnoszona-przez-prokuratora-generalnego-charakterystyka-prawna-i-analiza-empiryczna","status":"publish","type":"product","link":"https:\/\/wydawnictwo.ug.edu.pl\/en\/ksiegarnia-online\/prawo-i-administracja\/kasacja-w-sprawach-karnych-wnoszona-przez-prokuratora-generalnego-charakterystyka-prawna-i-analiza-empiryczna\/","title":{"rendered":"Kasacja w sprawach karnych wnoszona przez Prokuratora Generalnego. Charakterystyka prawna i analiza empiryczna"},"content":{"rendered":"","protected":false},"excerpt":{"rendered":"<p>Monografia stanowi zarys historii kasacji si\u0119gaj\u0105cej czas\u00f3w napoleo\u0144skich oraz omawia jej znaczenie jako nadzwyczajnego \u015brodka zaskar\u017cenia pe\u0142ni\u0105cego r\u00f3wnie\u017c wa\u017cn\u0105 funkcj\u0119 ustrojow\u0105. Publikacja jest po\u015bwi\u0119cona kasacji wnoszonej przez Prokuratora Generalnego w uj\u0119ciu teoretycznym oraz empirycznym. Zawiera, opr\u00f3cz dogmatycznej analizy kasacji z perspektywy regulacji prawnej tej instytucji, tak\u017ce badania aspekt\u00f3w ustrojowych i statusu PG. Przedstawia r\u00f3wnie\u017c funkcjonowanie tego urz\u0119du w kontek\u015bcie korzystania z tej szczeg\u00f3lnej skargi. Cz\u0119\u015b\u0107 empiryczna publikacji zosta\u0142a oparta na badaniach aktowych ponad 780 post\u0119powa\u0144, zainicjowanych przez PG z zakresu w\u0142a\u015bciwo\u015bci Wydzia\u0142u III Izby Karnej S\u0105du Najwy\u017cszego z lat 2003\u20132014. Na potrzeby prowadzonych bada\u0144 wykonano ponad 14 700 fotokopii kart z akt post\u0119powa\u0144 SN, z kt\u00f3rych wybrano i szczeg\u00f3\u0142owo opisano najbardziej reprezentatywne oraz najciekawsze pod wzgl\u0119dem prawnym skargi kasacyjne. Publikacja zawiera r\u00f3wnie\u017c informacje statystyczne pochodz\u0105ce zar\u00f3wno z w\u0142asnych analiz autora, jak i z system\u00f3w informatycznych wydzia\u0142\u00f3w Izby Karnej S\u0105du Najwy\u017cszego, kt\u00f3re opracowano w formie ponad stu tabel. Wykorzystuj\u0105c odpowiednie formu\u0142y obliczeniowe, sporz\u0105dzono tabele kumulatywne oraz wykresy graficzne ilustruj\u0105ce poszczeg\u00f3lne z analizowanych zagadnie\u0144. W przeprowadzonych badaniach dominowa\u0142a perspektywa finalna procesu rozpoznawania spraw kasacyjnych. Przyj\u0119ty mniej konwencjonalny punkt odniesienia jest interesuj\u0105cy i warty analizy.<\/p>\n","protected":false},"featured_media":17289,"template":"","meta":{"_acf_changed":false},"journal":[],"rodzaj":[7074],"seria":[],"product_brand":[],"product_cat":[6932],"product_tag":[7794],"class_list":{"0":"post-46304","1":"product","2":"type-product","3":"status-publish","4":"has-post-thumbnail","6":"rodzaj-ksiazki","7":"product_cat-prawo-i-administracja","8":"product_tag-lukasz-kodlubanskilukasz-kodlubanski","9":"pa_rok-wydania-2021-en","11":"first","12":"instock","13":"taxable","14":"shipping-taxable","15":"purchasable","16":"product-type-simple"},"acf":[],"_links":{"self":[{"href":"https:\/\/wydawnictwo.ug.edu.pl\/en\/wp-json\/wp\/v2\/product\/46304","targetHints":{"allow":["GET"]}}],"collection":[{"href":"https:\/\/wydawnictwo.ug.edu.pl\/en\/wp-json\/wp\/v2\/product"}],"about":[{"href":"https:\/\/wydawnictwo.ug.edu.pl\/en\/wp-json\/wp\/v2\/types\/product"}],"wp:featuredmedia":[{"embeddable":true,"href":"https:\/\/wydawnictwo.ug.edu.pl\/en\/wp-json\/wp\/v2\/media\/17289"}],"wp:attachment":[{"href":"https:\/\/wydawnictwo.ug.edu.pl\/en\/wp-json\/wp\/v2\/media?parent=46304"}],"wp:term":[{"taxonomy":"journal","embeddable":true,"href":"https:\/\/wydawnictwo.ug.edu.pl\/en\/wp-json\/wp\/v2\/journal?post=46304"},{"taxonomy":"rodzaj","embeddable":true,"href":"https:\/\/wydawnictwo.ug.edu.pl\/en\/wp-json\/wp\/v2\/rodzaj?post=46304"},{"taxonomy":"seria","embeddable":true,"href":"https:\/\/wydawnictwo.ug.edu.pl\/en\/wp-json\/wp\/v2\/seria?post=46304"},{"taxonomy":"product_brand","embeddable":true,"href":"https:\/\/wydawnictwo.ug.edu.pl\/en\/wp-json\/wp\/v2\/product_brand?post=46304"},{"taxonomy":"product_cat","embeddable":true,"href":"https:\/\/wydawnictwo.ug.edu.pl\/en\/wp-json\/wp\/v2\/product_cat?post=46304"},{"taxonomy":"product_tag","embeddable":true,"href":"https:\/\/wydawnictwo.ug.edu.pl\/en\/wp-json\/wp\/v2\/product_tag?post=46304"}],"curies":[{"name":"wp","href":"https:\/\/api.w.org\/{rel}","templated":true}]}}