{"id":46303,"date":"2021-12-13T12:58:17","date_gmt":"2021-12-13T12:58:17","guid":{"rendered":"https:\/\/wydawnictwo.ug.edu.pl\/ksiegarnia-online\/uncategorized\/wplyw-luki-technologicznej-na-intensywnosc-wymiany-handlowej-panstw-oecd\/"},"modified":"2026-02-11T13:38:31","modified_gmt":"2026-02-11T13:38:31","slug":"wplyw-luki-technologicznej-na-intensywnosc-wymiany-handlowej-panstw-oecd","status":"publish","type":"product","link":"https:\/\/wydawnictwo.ug.edu.pl\/en\/ksiegarnia-online\/ekonomia\/wplyw-luki-technologicznej-na-intensywnosc-wymiany-handlowej-panstw-oecd\/","title":{"rendered":"Wp\u0142yw luki technologicznej na intensywno\u015b\u0107 wymiany handlowej pa\u0144stw OECD"},"content":{"rendered":"","protected":false},"excerpt":{"rendered":"<p>Dr Jakub Micha\u0142 Kwiatkowski, adiunkt w Katedrze Ekonomii Mi\u0119dzynarodowej i Rozwoju Gospodarczego na Wydziale Ekonomicznym Uniwersytetu Gda\u0144skiego, w pracy naukowej zajmuje si\u0119 luk\u0105 technologiczn\u0105, ekonomi\u0105 innowacji oraz ekonomi\u0105 mi\u0119dzynarodow\u0105. By\u0142 stypendyst\u0105 Kiel Institute for the World Economy, gdzie uko\u0144czy\u0142 Advanced Studies Program in International Economic Policy Research. Beneficjent Stypendium Rektora Uniwersytetu Gda\u0144skiego dla najlepszych doktorant\u00f3w w latach 2017\u20132021. Wykonawca projekt\u00f3w finansowanych przez Narodowe Centrum Nauki oraz Jednostki Samorz\u0105du Terytorialnego, kt\u00f3rych wynikami s\u0105 m.in. publikacje o zasi\u0119gu mi\u0119dzynarodowym.<\/p>\n","protected":false},"featured_media":17208,"template":"","meta":{"_acf_changed":false},"journal":[],"rodzaj":[7074],"seria":[],"product_brand":[],"product_cat":[6934],"product_tag":[],"class_list":{"0":"post-46303","1":"product","2":"type-product","3":"status-publish","4":"has-post-thumbnail","6":"rodzaj-ksiazki","7":"product_cat-ekonomia","8":"pa_rok-wydania-2021-en","10":"first","11":"outofstock","12":"taxable","13":"shipping-taxable","14":"purchasable","15":"product-type-simple"},"acf":[],"_links":{"self":[{"href":"https:\/\/wydawnictwo.ug.edu.pl\/en\/wp-json\/wp\/v2\/product\/46303","targetHints":{"allow":["GET"]}}],"collection":[{"href":"https:\/\/wydawnictwo.ug.edu.pl\/en\/wp-json\/wp\/v2\/product"}],"about":[{"href":"https:\/\/wydawnictwo.ug.edu.pl\/en\/wp-json\/wp\/v2\/types\/product"}],"wp:featuredmedia":[{"embeddable":true,"href":"https:\/\/wydawnictwo.ug.edu.pl\/en\/wp-json\/wp\/v2\/media\/17208"}],"wp:attachment":[{"href":"https:\/\/wydawnictwo.ug.edu.pl\/en\/wp-json\/wp\/v2\/media?parent=46303"}],"wp:term":[{"taxonomy":"journal","embeddable":true,"href":"https:\/\/wydawnictwo.ug.edu.pl\/en\/wp-json\/wp\/v2\/journal?post=46303"},{"taxonomy":"rodzaj","embeddable":true,"href":"https:\/\/wydawnictwo.ug.edu.pl\/en\/wp-json\/wp\/v2\/rodzaj?post=46303"},{"taxonomy":"seria","embeddable":true,"href":"https:\/\/wydawnictwo.ug.edu.pl\/en\/wp-json\/wp\/v2\/seria?post=46303"},{"taxonomy":"product_brand","embeddable":true,"href":"https:\/\/wydawnictwo.ug.edu.pl\/en\/wp-json\/wp\/v2\/product_brand?post=46303"},{"taxonomy":"product_cat","embeddable":true,"href":"https:\/\/wydawnictwo.ug.edu.pl\/en\/wp-json\/wp\/v2\/product_cat?post=46303"},{"taxonomy":"product_tag","embeddable":true,"href":"https:\/\/wydawnictwo.ug.edu.pl\/en\/wp-json\/wp\/v2\/product_tag?post=46303"}],"curies":[{"name":"wp","href":"https:\/\/api.w.org\/{rel}","templated":true}]}}