{"id":46301,"date":"2021-12-14T10:46:27","date_gmt":"2021-12-14T10:46:27","guid":{"rendered":"https:\/\/wydawnictwo.ug.edu.pl\/ksiegarnia-online\/uncategorized\/fuzje-i-przejecia-miedzynarodowe-w-sektorze-bankowym-kopia\/"},"modified":"2026-02-11T13:38:36","modified_gmt":"2026-02-11T13:38:36","slug":"fuzje-i-przejecia-miedzynarodowe-w-sektorze-bankowym-kopia","status":"publish","type":"product","link":"https:\/\/wydawnictwo.ug.edu.pl\/en\/ksiegarnia-online\/prawo-i-administracja\/fuzje-i-przejecia-miedzynarodowe-w-sektorze-bankowym-kopia\/","title":{"rendered":"Fuzje i przej\u0119cia mi\u0119dzynarodowe w sektorze bankowym"},"content":{"rendered":"","protected":false},"excerpt":{"rendered":"<p>\u201ePrzedmiotem analizy w monografii s\u0105 przede wszystkim po\u0142\u0105czenia\u00a0 w wymiarze mi\u0119dzynarodowym, a wi\u0119c w sytuacji, gdy bank przejmowany oraz przejmuj\u0105cy s\u0105 z r\u00f3\u017cnych kraj\u00f3w. Jednak nie brak te\u017c odniesie\u0144 do fuzji i przej\u0119\u0107 w sektorze bankowym, kt\u00f3re wyst\u0105pi\u0142y, gdy oba banki mia\u0142y siedziby w tym samym kraju. Ksi\u0105\u017cka Magdaleny Markiewicz stanowi bardzo dobre kompendium wiedzy na temat fuzji i przej\u0119\u0107 w sektorze bankowym. Cho\u0107 warto podkre\u015bli\u0107, \u017ce przedstawiono w niej zar\u00f3wno uniwersaln\u0105 teori\u0119 po\u0142\u0105cze\u0144 konsolidacyjnych, kt\u00f3ra ma znaczenie nie tylko w odniesieniu do bank\u00f3w, ale i innych sektor\u00f3w gospodarczych,\u00a0 jak i egzemplifikacj\u0119 (w tym studia przypadk\u00f3w) oraz \u015bwietn\u0105 analiz\u0119\u00a0 i ilustracj\u0119 liczbow\u0105 M&amp;A w sektorze bankowym. Nale\u017cy podkre\u015bli\u0107\u00a0 z uznaniem, \u017ce znaczn\u0105 uwag\u0119 Autorka skupi\u0142a na regionie Europy \u015arodkowo-Wschodniej, a wi\u0119c r\u00f3wnie\u017c Polsce.<\/p>\n<p>Bardzo mocn\u0105 stron\u0105 tekstu s\u0105 pog\u0142\u0119bione analizy przeprowadzone\u00a0 na podstawie aktualnych informacji i danych liczbowych \u2013 kt\u00f3re nie\u0142atwo pozyska\u0107, a Autorka tego dokona\u0142a \u2013 ilustruj\u0105ce wielko\u015b\u0107, struktur\u0119\u00a0 i przebieg proces\u00f3w fuzji i przej\u0119\u0107 w sektorze bankowym. By\u0142o to mo\u017cliwe dzi\u0119ki dost\u0119powi do baz danych Thomson Reuters\/Refinitiv\/LSEG Eikon oraz Orbis na Wydziale Ekonomicznym Uniwersytetu Gda\u0144skiego. Monografia ta z pewno\u015bci\u0105 mo\u017ce s\u0142u\u017cy\u0107 badaczom podejmuj\u0105cym si\u0119 analizy M&amp;A w bankowo\u015bci, a tak\u017ce studentom, gdy\u017c dzi\u0119ki tej publikacji b\u0119d\u0105 mogli uzyska\u0107 i poszerzy\u0107 wiedz\u0119 z tego zakresu\u201d.<\/p>\n<p><em>Z recenzji prof. dr hab. Danuty Marciniak-Neider<\/em><\/p>\n","protected":false},"featured_media":17211,"template":"","meta":{"_acf_changed":false},"journal":[],"rodzaj":[2602],"seria":[],"product_brand":[],"product_cat":[232],"product_tag":[784],"class_list":{"0":"post-46301","1":"product","2":"type-product","3":"status-publish","4":"has-post-thumbnail","6":"rodzaj-ksiazki","7":"product_cat-prawo-i-administracja","8":"product_tag-magdalena-markiewicz","9":"pa_rok-wydania-861","11":"first","12":"instock","13":"taxable","14":"shipping-taxable","15":"product-type-simple"},"acf":[],"_links":{"self":[{"href":"https:\/\/wydawnictwo.ug.edu.pl\/en\/wp-json\/wp\/v2\/product\/46301","targetHints":{"allow":["GET"]}}],"collection":[{"href":"https:\/\/wydawnictwo.ug.edu.pl\/en\/wp-json\/wp\/v2\/product"}],"about":[{"href":"https:\/\/wydawnictwo.ug.edu.pl\/en\/wp-json\/wp\/v2\/types\/product"}],"wp:featuredmedia":[{"embeddable":true,"href":"https:\/\/wydawnictwo.ug.edu.pl\/en\/wp-json\/wp\/v2\/media\/17211"}],"wp:attachment":[{"href":"https:\/\/wydawnictwo.ug.edu.pl\/en\/wp-json\/wp\/v2\/media?parent=46301"}],"wp:term":[{"taxonomy":"journal","embeddable":true,"href":"https:\/\/wydawnictwo.ug.edu.pl\/en\/wp-json\/wp\/v2\/journal?post=46301"},{"taxonomy":"rodzaj","embeddable":true,"href":"https:\/\/wydawnictwo.ug.edu.pl\/en\/wp-json\/wp\/v2\/rodzaj?post=46301"},{"taxonomy":"seria","embeddable":true,"href":"https:\/\/wydawnictwo.ug.edu.pl\/en\/wp-json\/wp\/v2\/seria?post=46301"},{"taxonomy":"product_brand","embeddable":true,"href":"https:\/\/wydawnictwo.ug.edu.pl\/en\/wp-json\/wp\/v2\/product_brand?post=46301"},{"taxonomy":"product_cat","embeddable":true,"href":"https:\/\/wydawnictwo.ug.edu.pl\/en\/wp-json\/wp\/v2\/product_cat?post=46301"},{"taxonomy":"product_tag","embeddable":true,"href":"https:\/\/wydawnictwo.ug.edu.pl\/en\/wp-json\/wp\/v2\/product_tag?post=46301"}],"curies":[{"name":"wp","href":"https:\/\/api.w.org\/{rel}","templated":true}]}}