{"id":46298,"date":"2021-12-14T13:55:27","date_gmt":"2021-12-14T13:55:27","guid":{"rendered":"https:\/\/wydawnictwo.ug.edu.pl\/ksiegarnia-online\/uncategorized\/polska-fennistytka-bibliografia-dorobku-wybor-z-lat-1824-2021\/"},"modified":"2026-02-11T13:38:39","modified_gmt":"2026-02-11T13:38:39","slug":"polska-fennistytka-bibliografia-dorobku-wybor-z-lat-1824-2021","status":"publish","type":"product","link":"https:\/\/wydawnictwo.ug.edu.pl\/en\/ksiegarnia-online\/przekladoznawstwo\/polska-fennistytka-bibliografia-dorobku-wybor-z-lat-1824-2021\/","title":{"rendered":"Polska fennistyka. Bibliografia dorobku. Wyb\u00f3r z lat 1824\u20132021"},"content":{"rendered":"","protected":false},"excerpt":{"rendered":"<p>\u201ePrzedstawiona publikacja Katarzyny Wojan ma z za\u0142o\u017cenia spe\u0142nia\u0107 funkcj\u0119 nie tylko informatorium naukowego, lecz tak\u017ce kompendium przydatnego w dydaktyce akademickiej na kierunkach fennistycznych oraz skandynawistycznych. Wed\u0142ug mnie zamiar tw\u00f3rczy Badaczki zosta\u0142 spe\u0142niony. Z tej ksi\u0105\u017cki skorzystaj\u0105 nie tylko filologowie, gdy\u017c jest w niej materia\u0142, kt\u00f3ry mo\u017ce zaciekawi\u0107 m.in. historyk\u00f3w, przek\u0142adoznawc\u00f3w oraz przedstawicieli innych dyscyplin nauki. Natomiast z my\u015bl\u0105 o studentach kierunk\u00f3w skandynawistycznych. Autorka w\u0142\u0105czy\u0142a do bibliografii prace z obszaru historii, kultury, nauk o spo\u0142ecze\u0144stwie, gospodarki i studi\u00f3w regionalnych\u201d.<\/p>\n<p style=\"text-align: right;\"><em>Z recenzji dr. hab. Grzegorza Ojcewicza, prof. UWM<\/em><\/p>\n","protected":false},"featured_media":17209,"template":"","meta":{"_acf_changed":false},"journal":[],"rodzaj":[7074],"seria":[],"product_brand":[],"product_cat":[6926],"product_tag":[],"class_list":{"0":"post-46298","1":"product","2":"type-product","3":"status-publish","4":"has-post-thumbnail","6":"rodzaj-ksiazki","7":"product_cat-przekladoznawstwo","8":"pa_rok-wydania-2021-en","10":"first","11":"outofstock","12":"taxable","13":"shipping-taxable","14":"purchasable","15":"product-type-simple"},"acf":[],"_links":{"self":[{"href":"https:\/\/wydawnictwo.ug.edu.pl\/en\/wp-json\/wp\/v2\/product\/46298","targetHints":{"allow":["GET"]}}],"collection":[{"href":"https:\/\/wydawnictwo.ug.edu.pl\/en\/wp-json\/wp\/v2\/product"}],"about":[{"href":"https:\/\/wydawnictwo.ug.edu.pl\/en\/wp-json\/wp\/v2\/types\/product"}],"wp:featuredmedia":[{"embeddable":true,"href":"https:\/\/wydawnictwo.ug.edu.pl\/en\/wp-json\/wp\/v2\/media\/17209"}],"wp:attachment":[{"href":"https:\/\/wydawnictwo.ug.edu.pl\/en\/wp-json\/wp\/v2\/media?parent=46298"}],"wp:term":[{"taxonomy":"journal","embeddable":true,"href":"https:\/\/wydawnictwo.ug.edu.pl\/en\/wp-json\/wp\/v2\/journal?post=46298"},{"taxonomy":"rodzaj","embeddable":true,"href":"https:\/\/wydawnictwo.ug.edu.pl\/en\/wp-json\/wp\/v2\/rodzaj?post=46298"},{"taxonomy":"seria","embeddable":true,"href":"https:\/\/wydawnictwo.ug.edu.pl\/en\/wp-json\/wp\/v2\/seria?post=46298"},{"taxonomy":"product_brand","embeddable":true,"href":"https:\/\/wydawnictwo.ug.edu.pl\/en\/wp-json\/wp\/v2\/product_brand?post=46298"},{"taxonomy":"product_cat","embeddable":true,"href":"https:\/\/wydawnictwo.ug.edu.pl\/en\/wp-json\/wp\/v2\/product_cat?post=46298"},{"taxonomy":"product_tag","embeddable":true,"href":"https:\/\/wydawnictwo.ug.edu.pl\/en\/wp-json\/wp\/v2\/product_tag?post=46298"}],"curies":[{"name":"wp","href":"https:\/\/api.w.org\/{rel}","templated":true}]}}