{"id":46296,"date":"2021-12-15T10:19:38","date_gmt":"2021-12-15T10:19:38","guid":{"rendered":"https:\/\/wydawnictwo.ug.edu.pl\/ksiegarnia-online\/uncategorized\/zintegrowane-systemy-informacji-w-transporcie-pasazerskim-w-polsce-perspektywy-wdrozenia-i-uwarunkowania-funkcjonowania\/"},"modified":"2026-02-11T13:38:41","modified_gmt":"2026-02-11T13:38:41","slug":"zintegrowane-systemy-informacji-w-transporcie-pasazerskim-w-polsce-perspektywy-wdrozenia-i-uwarunkowania-funkcjonowania","status":"publish","type":"product","link":"https:\/\/wydawnictwo.ug.edu.pl\/en\/ksiegarnia-online\/ekonomia\/zintegrowane-systemy-informacji-w-transporcie-pasazerskim-w-polsce-perspektywy-wdrozenia-i-uwarunkowania-funkcjonowania\/","title":{"rendered":"Zintegrowane systemy informacji w transporcie pasa\u017cerskim w Polsce"},"content":{"rendered":"","protected":false},"excerpt":{"rendered":"<p>W niniejszej monografii skupiono si\u0119 na zastosowaniach ICT w krajowym transporcie pasa\u017cerskim, analizuj\u0105c kwesti\u0119 zasadno\u015bci, uwarunkowa\u0144 i korzy\u015bci integracji rozproszonych rozwi\u0105za\u0144 ICT w ramach zintegrowanych system\u00f3w danych. Jest to zagadnienie wa\u017cne z powod\u00f3w nie tylko ewidentnych korzy\u015bci ekonomicznych z niego wynikaj\u0105cych, dla zar\u00f3wno u\u017cytkownik\u00f3w, jak i organizator\u00f3w oraz przewo\u017anik\u00f3w w transporcie, lecz tak\u017ce regulacyjnych. Polska, jako cz\u0142onek Unii Europejskiej, jest zobowi\u0105zana do stosowania wprost dyrektyw m\u00f3wi\u0105cych o powo\u0142aniu zintegrowanego systemu danych z transportu pasa\u017cerskiego, dzia\u0142aj\u0105cego w skali kraju, i zapewnienia dost\u0119pu do takiej informacji poprzez Krajowy Punkt Dost\u0119pu (KPD). Taka integracja wymaga odpowiednich rozwi\u0105za\u0144 instytucjonalnych oraz zapewnienia w\u0142a\u015bciwego standardu danych transportowych. Standard ten zosta\u0142 r\u00f3wnie\u017c jednoznacznie zdefiniowany jako NeTEx \u2013 w odniesieniu do danych o przewozach, i DATEX II \u2013 w zakresie danych infrastrukturalnych.<\/p>\n<p>Cel niniejszej pracy to przybli\u017cenie Czytelnikowi zainteresowanemu funkcjonowaniem wsp\u00f3\u0142czesnych system\u00f3w transportowych zagadnie\u0144 zwi\u0105zanych z rewolucj\u0105 informacyjn\u0105, jaka czeka polski transport pasa\u017cerski w najbli\u017cszej dekadzie. Jest ona nieunikniona ze wzgl\u0119du na zar\u00f3wno rozw\u00f3j system\u00f3w informatycznych w transporcie oraz rosn\u0105ce oczekiwania klient\u00f3w transportu, jak i presj\u0119 regulacyjn\u0105 Unii Europejskiej, wymuszaj\u0105c\u0105 wprowadzenie zintegrowanych system\u00f3w dost\u0119pu do informacji w transporcie pasa\u017cerskim.<\/p>\n","protected":false},"featured_media":17322,"template":"","meta":{"_acf_changed":false},"journal":[],"rodzaj":[7074],"seria":[],"product_brand":[],"product_cat":[6934],"product_tag":[],"class_list":{"0":"post-46296","1":"product","2":"type-product","3":"status-publish","4":"has-post-thumbnail","6":"rodzaj-ksiazki","7":"product_cat-ekonomia","8":"pa_rok-wydania-2021-en","10":"first","11":"outofstock","12":"taxable","13":"shipping-taxable","14":"purchasable","15":"product-type-simple"},"acf":[],"_links":{"self":[{"href":"https:\/\/wydawnictwo.ug.edu.pl\/en\/wp-json\/wp\/v2\/product\/46296","targetHints":{"allow":["GET"]}}],"collection":[{"href":"https:\/\/wydawnictwo.ug.edu.pl\/en\/wp-json\/wp\/v2\/product"}],"about":[{"href":"https:\/\/wydawnictwo.ug.edu.pl\/en\/wp-json\/wp\/v2\/types\/product"}],"wp:featuredmedia":[{"embeddable":true,"href":"https:\/\/wydawnictwo.ug.edu.pl\/en\/wp-json\/wp\/v2\/media\/17322"}],"wp:attachment":[{"href":"https:\/\/wydawnictwo.ug.edu.pl\/en\/wp-json\/wp\/v2\/media?parent=46296"}],"wp:term":[{"taxonomy":"journal","embeddable":true,"href":"https:\/\/wydawnictwo.ug.edu.pl\/en\/wp-json\/wp\/v2\/journal?post=46296"},{"taxonomy":"rodzaj","embeddable":true,"href":"https:\/\/wydawnictwo.ug.edu.pl\/en\/wp-json\/wp\/v2\/rodzaj?post=46296"},{"taxonomy":"seria","embeddable":true,"href":"https:\/\/wydawnictwo.ug.edu.pl\/en\/wp-json\/wp\/v2\/seria?post=46296"},{"taxonomy":"product_brand","embeddable":true,"href":"https:\/\/wydawnictwo.ug.edu.pl\/en\/wp-json\/wp\/v2\/product_brand?post=46296"},{"taxonomy":"product_cat","embeddable":true,"href":"https:\/\/wydawnictwo.ug.edu.pl\/en\/wp-json\/wp\/v2\/product_cat?post=46296"},{"taxonomy":"product_tag","embeddable":true,"href":"https:\/\/wydawnictwo.ug.edu.pl\/en\/wp-json\/wp\/v2\/product_tag?post=46296"}],"curies":[{"name":"wp","href":"https:\/\/api.w.org\/{rel}","templated":true}]}}