{"id":46295,"date":"2021-12-15T10:20:22","date_gmt":"2021-12-15T10:20:22","guid":{"rendered":"https:\/\/wydawnictwo.ug.edu.pl\/ksiegarnia-online\/uncategorized\/przekladoznawstwo-rosyjskie-tom-ii-wydania-naukowe-popularnonaukowe-i-informacyjne-1837-2020\/"},"modified":"2026-02-11T13:38:43","modified_gmt":"2026-02-11T13:38:43","slug":"przekladoznawstwo-rosyjskie-tom-ii-wydania-naukowe-popularnonaukowe-i-informacyjne-1837-2020","status":"publish","type":"product","link":"https:\/\/wydawnictwo.ug.edu.pl\/en\/ksiegarnia-online\/przekladoznawstwo\/przekladoznawstwo-rosyjskie-tom-ii-wydania-naukowe-popularnonaukowe-i-informacyjne-1837-2020\/","title":{"rendered":"Przek\u0142adoznawstwo rosyjskie. Tom II. Wydania naukowe, popularnonaukowe i informacyjne 1837\u20132020"},"content":{"rendered":"","protected":false},"excerpt":{"rendered":"<p>Ksi\u0105\u017cka stanowi drugi tom serii bibliograficznej prezentuj\u0105cej osi\u0105gni\u0119cia przek\u0142adoznawstwa rosyjskoj\u0119zycznego. Dokumentuje on kolejny fragment dorobku gromadzonego w postaci wyda\u0144 naukowych: monografii jedno- i wieloautorskich, tom\u00f3w zbiorowych, periodyk\u00f3w i czasopism specjalistycznych. Ponadto do tomu zosta\u0142y w\u0142\u0105czone ksi\u0105\u017cki popularnonaukowe oraz publikacje typu informacyjnego \u2014 s\u0142owniki i encyklopedie terminologiczne oraz bibliografie literatury przek\u0142adoznawczej i przek\u0142adowej. Zarejestrowana w opracowaniu literatura ma w zamierzeniu do\u015b\u0107 wiernie ilustrowa\u0107 stan \u015bwiadomo\u015bci teoretycznej i metodologicznej rosyjskoj\u0119zycznych badaczy przek\u0142adu, wskazuj\u0105c jednocze\u015bnie na r\u00f3\u017cnorodno\u015b\u0107 i wielokierunkowo\u015b\u0107 poszukiwa\u0144 badawczych.<\/p>\n","protected":false},"featured_media":17273,"template":"","meta":{"_acf_changed":false},"journal":[],"rodzaj":[7077,7076],"seria":[7637],"product_brand":[],"product_cat":[6926],"product_tag":[],"class_list":{"0":"post-46295","1":"product","2":"type-product","3":"status-publish","4":"has-post-thumbnail","6":"rodzaj-czasopismo","7":"rodzaj-serie-wydawnicze","8":"seria-przekladoznawstwo-rosyjskie","9":"product_cat-przekladoznawstwo","10":"pa_rok-wydania-2021-en","12":"first","13":"outofstock","14":"taxable","15":"shipping-taxable","16":"purchasable","17":"product-type-simple"},"acf":[],"_links":{"self":[{"href":"https:\/\/wydawnictwo.ug.edu.pl\/en\/wp-json\/wp\/v2\/product\/46295","targetHints":{"allow":["GET"]}}],"collection":[{"href":"https:\/\/wydawnictwo.ug.edu.pl\/en\/wp-json\/wp\/v2\/product"}],"about":[{"href":"https:\/\/wydawnictwo.ug.edu.pl\/en\/wp-json\/wp\/v2\/types\/product"}],"wp:featuredmedia":[{"embeddable":true,"href":"https:\/\/wydawnictwo.ug.edu.pl\/en\/wp-json\/wp\/v2\/media\/17273"}],"wp:attachment":[{"href":"https:\/\/wydawnictwo.ug.edu.pl\/en\/wp-json\/wp\/v2\/media?parent=46295"}],"wp:term":[{"taxonomy":"journal","embeddable":true,"href":"https:\/\/wydawnictwo.ug.edu.pl\/en\/wp-json\/wp\/v2\/journal?post=46295"},{"taxonomy":"rodzaj","embeddable":true,"href":"https:\/\/wydawnictwo.ug.edu.pl\/en\/wp-json\/wp\/v2\/rodzaj?post=46295"},{"taxonomy":"seria","embeddable":true,"href":"https:\/\/wydawnictwo.ug.edu.pl\/en\/wp-json\/wp\/v2\/seria?post=46295"},{"taxonomy":"product_brand","embeddable":true,"href":"https:\/\/wydawnictwo.ug.edu.pl\/en\/wp-json\/wp\/v2\/product_brand?post=46295"},{"taxonomy":"product_cat","embeddable":true,"href":"https:\/\/wydawnictwo.ug.edu.pl\/en\/wp-json\/wp\/v2\/product_cat?post=46295"},{"taxonomy":"product_tag","embeddable":true,"href":"https:\/\/wydawnictwo.ug.edu.pl\/en\/wp-json\/wp\/v2\/product_tag?post=46295"}],"curies":[{"name":"wp","href":"https:\/\/api.w.org\/{rel}","templated":true}]}}