{"id":46294,"date":"2021-12-15T11:21:24","date_gmt":"2021-12-15T11:21:24","guid":{"rendered":"https:\/\/wydawnictwo.ug.edu.pl\/ksiegarnia-online\/uncategorized\/innowacje-w-rozwoju-ekonomiczno-spolecznym-tom-i-ujecie-teoretyczne\/"},"modified":"2026-02-11T13:38:48","modified_gmt":"2026-02-11T13:38:48","slug":"innowacje-w-rozwoju-ekonomiczno-spolecznym-tom-i-ujecie-teoretyczne","status":"publish","type":"product","link":"https:\/\/wydawnictwo.ug.edu.pl\/en\/ksiegarnia-online\/ekonomia\/innowacje-w-rozwoju-ekonomiczno-spolecznym-tom-i-ujecie-teoretyczne\/","title":{"rendered":"Innowacje w rozwoju ekonomiczno-spo\u0142ecznym. Tom I. Uj\u0119cie teoretyczne"},"content":{"rendered":"","protected":false},"excerpt":{"rendered":"<p>Niniejsza monografia zosta\u0142a opracowana w celu zbadania wp\u0142ywu proces\u00f3w innowacyjnych na wzrost gospodarczy i rozw\u00f3j ekonomiczno-spo\u0142eczny zachodz\u0105cy wsp\u00f3\u0142cze\u015bnie w poszczeg\u00f3lnych pa\u0144stwach i gospodarce \u015bwiatowej. Od oko\u0142o dw\u00f3ch stuleci innowacje s\u0105 elementem post\u0119pu naukowego i technologicznego, kt\u00f3ry stale otwiera nowe mo\u017cliwo\u015bci wzrostu gospodarczego i rozwoju ekonomiczno-spo\u0142ecznego, ale do\u015bwiadczenia z minionych dekad nakazuj\u0105 podchodzi\u0107 zar\u00f3wno z nadziej\u0105, jak i ostro\u017cno\u015bci\u0105 do wszystkich nowo\u015bci w systemach gospodarczych. Historia gospodarcza uczy, \u017ce od wiek\u00f3w nieustannie pojawia\u0142y si\u0119 r\u00f3\u017cne innowacje wdra\u017cane w dzia\u0142alno\u015bci produkcyjnej, wymianie i \u017cyciu spo\u0142ecznym, ale jedynie niewielki ich odsetek powodowa\u0142 masowe i trwa\u0142e prze\u0142omy. Sprawia to, \u017ce w badaniach proces\u00f3w innowacyjnych konieczne jest pog\u0142\u0119bione wyja\u015bnienie zar\u00f3wno mechanizm\u00f3w innowacji udanych, jak i uwarunkowa\u0144 powoduj\u0105cych niepowodzenia innowacyjne. W niniejszym tomie teoretycznym zosta\u0142a usystematyzowana wsp\u00f3\u0142czesna wiedza podstawowa w zakresie wzrostu gospodarczego, rozwoju ekonomiczno-spo\u0142ecznego i dokonywania si\u0119 proces\u00f3w innowacyjnych. W rozdziale pierwszym zawarto przegl\u0105d definicji oraz systematyzacj\u0119 twierdze\u0144 teoretycznych na temat r\u00f3\u017cnych aspekt\u00f3w wzrostu gospodarczego i rozwoju ekonomiczno-spo\u0142ecznego, w tym wzajemnych relacji i pomiaru tych kategorii ekonomicznych. Zosta\u0142 obja\u015bniony poj\u0119ciowy zwi\u0105zek mi\u0119dzy wzrostem gospodarczym i bogactwem narodowym oraz korelacja mi\u0119dzy wzrostem produkcji i wzrostem bogactwa narodowego. Rozdzia\u0142 drugi obejmuje kwestie teoretyczne innowacji i innowacyjno\u015bci. Wiedza w tym zakresie jest niezb\u0119dna do tego, aby w analizach oddzia\u0142ywania innowacji na dzia\u0142alno\u015b\u0107 gospodarcz\u0105 odr\u00f3\u017cnia\u0107 wiod\u0105ce (prze\u0142omowe) zmiany innowacyjne od licznych drobnych usprawnie\u0144 i ulotnych nowinek dla konsument\u00f3w. Kontynuacj\u0105 niniejszej publikacji b\u0119dzie tom II wskazuj\u0105cy na uj\u0119cie praktyczne dzia\u0142alno\u015bci innowacyjnej.<\/p>\n","protected":false},"featured_media":17325,"template":"","meta":{"_acf_changed":false},"journal":[],"rodzaj":[7074],"seria":[],"product_brand":[],"product_cat":[6934],"product_tag":[7563,7564],"class_list":{"0":"post-46294","1":"product","2":"type-product","3":"status-publish","4":"has-post-thumbnail","6":"rodzaj-ksiazki","7":"product_cat-ekonomia","8":"product_tag-aleksandra-kozlak","9":"product_tag-jan-burnewicz","10":"pa_rok-wydania-2021-en","12":"first","13":"instock","14":"taxable","15":"shipping-taxable","16":"purchasable","17":"product-type-simple"},"acf":[],"_links":{"self":[{"href":"https:\/\/wydawnictwo.ug.edu.pl\/en\/wp-json\/wp\/v2\/product\/46294","targetHints":{"allow":["GET"]}}],"collection":[{"href":"https:\/\/wydawnictwo.ug.edu.pl\/en\/wp-json\/wp\/v2\/product"}],"about":[{"href":"https:\/\/wydawnictwo.ug.edu.pl\/en\/wp-json\/wp\/v2\/types\/product"}],"wp:featuredmedia":[{"embeddable":true,"href":"https:\/\/wydawnictwo.ug.edu.pl\/en\/wp-json\/wp\/v2\/media\/17325"}],"wp:attachment":[{"href":"https:\/\/wydawnictwo.ug.edu.pl\/en\/wp-json\/wp\/v2\/media?parent=46294"}],"wp:term":[{"taxonomy":"journal","embeddable":true,"href":"https:\/\/wydawnictwo.ug.edu.pl\/en\/wp-json\/wp\/v2\/journal?post=46294"},{"taxonomy":"rodzaj","embeddable":true,"href":"https:\/\/wydawnictwo.ug.edu.pl\/en\/wp-json\/wp\/v2\/rodzaj?post=46294"},{"taxonomy":"seria","embeddable":true,"href":"https:\/\/wydawnictwo.ug.edu.pl\/en\/wp-json\/wp\/v2\/seria?post=46294"},{"taxonomy":"product_brand","embeddable":true,"href":"https:\/\/wydawnictwo.ug.edu.pl\/en\/wp-json\/wp\/v2\/product_brand?post=46294"},{"taxonomy":"product_cat","embeddable":true,"href":"https:\/\/wydawnictwo.ug.edu.pl\/en\/wp-json\/wp\/v2\/product_cat?post=46294"},{"taxonomy":"product_tag","embeddable":true,"href":"https:\/\/wydawnictwo.ug.edu.pl\/en\/wp-json\/wp\/v2\/product_tag?post=46294"}],"curies":[{"name":"wp","href":"https:\/\/api.w.org\/{rel}","templated":true}]}}