{"id":46293,"date":"2021-12-15T12:15:53","date_gmt":"2021-12-15T12:15:53","guid":{"rendered":"https:\/\/wydawnictwo.ug.edu.pl\/ksiegarnia-online\/uncategorized\/innowacje-w-rozwoju-ekonomiczno-spolecznym-tom-ii-ujecie-empiryczne\/"},"modified":"2026-02-11T13:38:50","modified_gmt":"2026-02-11T13:38:50","slug":"innowacje-w-rozwoju-ekonomiczno-spolecznym-tom-ii-ujecie-empiryczne","status":"publish","type":"product","link":"https:\/\/wydawnictwo.ug.edu.pl\/en\/ksiegarnia-online\/ekonomia\/innowacje-w-rozwoju-ekonomiczno-spolecznym-tom-ii-ujecie-empiryczne\/","title":{"rendered":"Innowacje w rozwoju ekonomiczno-spo\u0142ecznym. Tom II. Uj\u0119cie empiryczne"},"content":{"rendered":"","protected":false},"excerpt":{"rendered":"<p>W niniejszym empirycznym tomie zosta\u0142y przeprowadzone analizy wed\u0142ug podej\u015bcia indukcjonistycznego. Polega\u0142o ono na zebraniu nowych fakt\u00f3w obserwacyjnych w sferze innowacji, ich systematyzacji oraz na sformu\u0142owaniu uog\u00f3lnionych prawid\u0142owo\u015bci. Badania empiryczne zosta\u0142y ukierunkowane na cztery grupy zagadnie\u0144: mechanizmy i rezultaty innowacji w skali mikro i makro, studia przypadk\u00f3w najwa\u017cniejszych (prze\u0142omowych) trend\u00f3w innowacyjnych, ryzyko i niepowodzenia innowacyjne, tworzenie system\u00f3w wspierania innowacyjno\u015bci. Podej\u015bcie indukcjonistyczne w badaniu innowacji wzbogaca wyniki poznawcze uzyskane w podej\u015bciu teoretycznym (hipotetyczno-dedukcyjnym). Wci\u0105\u017c odnotowuje si\u0119 nowe fakty obserwacyjne w zakresie innowacji. Du\u017ca ich cz\u0119\u015b\u0107 nie by\u0142a znana, gdy tworzono teorie i modele. Empiryczne uj\u0119cie innowacji stanowi komplementarne dope\u0142nienie, ale tak\u017ce weryfikacj\u0119 rozwa\u017ca\u0144 i twierdze\u0144 teoretycznych zawartych w pierwszym tomie. Warto\u015bci\u0105 dodan\u0105 poznania empirycznego jest mo\u017cliwo\u015b\u0107 odpowiedzi na pytanie o u\u017cyteczno\u015b\u0107 i efektywno\u015b\u0107 zmian innowacyjnych w d\u0142u\u017cszym okresie. Nowym elementem poznania jest tak\u017ce uog\u00f3lniona empiryczna identyfikacja i charakterystyka g\u0142\u00f3wnych (prze\u0142omowych) trend\u00f3w innowacyjnych, kt\u00f3ra opiera si\u0119 na bardzo bogatym zbiorze danych i publikacji.<\/p>\n","protected":false},"featured_media":17336,"template":"","meta":{"_acf_changed":false},"journal":[],"rodzaj":[2602],"seria":[],"product_brand":[],"product_cat":[266],"product_tag":[1133,279,1131],"class_list":{"0":"post-46293","1":"product","2":"type-product","3":"status-publish","4":"has-post-thumbnail","6":"rodzaj-ksiazki","7":"product_cat-ekonomia","8":"product_tag-aleksandra-kozlak","9":"product_tag-jan-burnewicz","10":"product_tag-przemyslaw-borkowski","11":"pa_rok-wydania-861","13":"first","14":"instock","15":"taxable","16":"shipping-taxable","17":"purchasable","18":"product-type-simple"},"acf":[],"_links":{"self":[{"href":"https:\/\/wydawnictwo.ug.edu.pl\/en\/wp-json\/wp\/v2\/product\/46293","targetHints":{"allow":["GET"]}}],"collection":[{"href":"https:\/\/wydawnictwo.ug.edu.pl\/en\/wp-json\/wp\/v2\/product"}],"about":[{"href":"https:\/\/wydawnictwo.ug.edu.pl\/en\/wp-json\/wp\/v2\/types\/product"}],"wp:featuredmedia":[{"embeddable":true,"href":"https:\/\/wydawnictwo.ug.edu.pl\/en\/wp-json\/wp\/v2\/media\/17336"}],"wp:attachment":[{"href":"https:\/\/wydawnictwo.ug.edu.pl\/en\/wp-json\/wp\/v2\/media?parent=46293"}],"wp:term":[{"taxonomy":"journal","embeddable":true,"href":"https:\/\/wydawnictwo.ug.edu.pl\/en\/wp-json\/wp\/v2\/journal?post=46293"},{"taxonomy":"rodzaj","embeddable":true,"href":"https:\/\/wydawnictwo.ug.edu.pl\/en\/wp-json\/wp\/v2\/rodzaj?post=46293"},{"taxonomy":"seria","embeddable":true,"href":"https:\/\/wydawnictwo.ug.edu.pl\/en\/wp-json\/wp\/v2\/seria?post=46293"},{"taxonomy":"product_brand","embeddable":true,"href":"https:\/\/wydawnictwo.ug.edu.pl\/en\/wp-json\/wp\/v2\/product_brand?post=46293"},{"taxonomy":"product_cat","embeddable":true,"href":"https:\/\/wydawnictwo.ug.edu.pl\/en\/wp-json\/wp\/v2\/product_cat?post=46293"},{"taxonomy":"product_tag","embeddable":true,"href":"https:\/\/wydawnictwo.ug.edu.pl\/en\/wp-json\/wp\/v2\/product_tag?post=46293"}],"curies":[{"name":"wp","href":"https:\/\/api.w.org\/{rel}","templated":true}]}}