{"id":46292,"date":"2021-12-15T12:37:52","date_gmt":"2021-12-15T12:37:52","guid":{"rendered":"https:\/\/wydawnictwo.ug.edu.pl\/ksiegarnia-online\/uncategorized\/konkurencyjnosc-portow-morskich-teoria-i-praktyka\/"},"modified":"2026-02-11T13:38:51","modified_gmt":"2026-02-11T13:38:51","slug":"konkurencyjnosc-portow-morskich-teoria-i-praktyka","status":"publish","type":"product","link":"https:\/\/wydawnictwo.ug.edu.pl\/en\/ksiegarnia-online\/ekonomia\/konkurencyjnosc-portow-morskich-teoria-i-praktyka\/","title":{"rendered":"Konkurencyjno\u015b\u0107 port\u00f3w morskich. Teoria i praktyka"},"content":{"rendered":"","protected":false},"excerpt":{"rendered":"<p>Przedmiotem bada\u0144 w niniejszej monografii jest w\u0142a\u015bnie konkurencyjno\u015b\u0107 port\u00f3w morskich. Obszar bada\u0144 konkurencyjno\u015bci jest wymagaj\u0105cy ze wzgl\u0119du na du\u017c\u0105 liczb\u0119 czynnik\u00f3w konkurencyjno\u015bci, niekiedy wzajemnie powi\u0105zanych, o r\u00f3\u017cnym znaczeniu oraz intensywno\u015bci oddzia\u0142ywania. Czynniki te wydaj\u0105 si\u0119 mie\u0107 budow\u0119 hierarchiczn\u0105, st\u0105d przedmiot bada\u0144 nale\u017cy do grona z\u0142o\u017conych. W polskiej literaturze przedmiotu brakuje szerszych opracowa\u0144 odnosz\u0105cych si\u0119 do indywidualnej oraz sektorowej konkurencyjno\u015bci port\u00f3w morskich oraz terminali portowych. Brakuje r\u00f3wnie\u017c odpowiednich metod oceny konkurencyjno\u015bci, mo\u017cliwych do wykorzystania przez praktyk\u00f3w gospodarczych, potrzebuj\u0105cych wskaz\u00f3wek dotycz\u0105cych podnoszenia konkurencyjno\u015bci port\u00f3w czy terminali portowych. Niniejsze opracowanie ma szans\u0119 zmniejszy\u0107 t\u0119 luk\u0119. Jego warto\u015b\u0107 poznawcza polega na ustaleniu czynnik\u00f3w konkurencyjno\u015bci podmiot\u00f3w konkuruj\u0105cych na rynkach us\u0142ug portowych, wskazaniu ich hierarchii, a tak\u017ce ocenie mi\u0119dzynarodowej konkurencyjno\u015bci morskich terminali kontenerowych funkcjonuj\u0105cych w polskich portach morskich. Walory normatywne opracowania polegaj\u0105 na zaproponowaniu syntetycznej metody oceny konkurencyjno\u015bci port\u00f3w morskich, opartej na rzeczywistych decyzjach gospodarczych o wyborze portu podejmowanych przez u\u017cytkownik\u00f3w. Warto\u015b\u0107 aplikacyjna polega za\u015b na zaproponowaniu wdro\u017cenia pewnych rozwi\u0105za\u0144 o charakterze regulacyjnym, organizacyjnym oraz inwestycyjnym, dotycz\u0105cych podniesienia konkurencyjno\u015bci morskich terminali kontenerowych w Polsce.<\/p>\n","protected":false},"featured_media":17356,"template":"","meta":{"_acf_changed":false},"journal":[],"rodzaj":[7074,7075],"seria":[],"product_brand":[],"product_cat":[6934],"product_tag":[7788,7567,7568],"class_list":{"0":"post-46292","1":"product","2":"type-product","3":"status-publish","4":"has-post-thumbnail","6":"rodzaj-ksiazki","7":"rodzaj-e-book","8":"product_cat-ekonomia","9":"product_tag-adam-kaliszewskiadam-kaliszewski","10":"product_tag-hanna-klimek","11":"product_tag-janusz-dabrowski","13":"first","14":"instock","15":"taxable","16":"shipping-taxable","17":"product-type-external"},"acf":[],"_links":{"self":[{"href":"https:\/\/wydawnictwo.ug.edu.pl\/en\/wp-json\/wp\/v2\/product\/46292","targetHints":{"allow":["GET"]}}],"collection":[{"href":"https:\/\/wydawnictwo.ug.edu.pl\/en\/wp-json\/wp\/v2\/product"}],"about":[{"href":"https:\/\/wydawnictwo.ug.edu.pl\/en\/wp-json\/wp\/v2\/types\/product"}],"wp:featuredmedia":[{"embeddable":true,"href":"https:\/\/wydawnictwo.ug.edu.pl\/en\/wp-json\/wp\/v2\/media\/17356"}],"wp:attachment":[{"href":"https:\/\/wydawnictwo.ug.edu.pl\/en\/wp-json\/wp\/v2\/media?parent=46292"}],"wp:term":[{"taxonomy":"journal","embeddable":true,"href":"https:\/\/wydawnictwo.ug.edu.pl\/en\/wp-json\/wp\/v2\/journal?post=46292"},{"taxonomy":"rodzaj","embeddable":true,"href":"https:\/\/wydawnictwo.ug.edu.pl\/en\/wp-json\/wp\/v2\/rodzaj?post=46292"},{"taxonomy":"seria","embeddable":true,"href":"https:\/\/wydawnictwo.ug.edu.pl\/en\/wp-json\/wp\/v2\/seria?post=46292"},{"taxonomy":"product_brand","embeddable":true,"href":"https:\/\/wydawnictwo.ug.edu.pl\/en\/wp-json\/wp\/v2\/product_brand?post=46292"},{"taxonomy":"product_cat","embeddable":true,"href":"https:\/\/wydawnictwo.ug.edu.pl\/en\/wp-json\/wp\/v2\/product_cat?post=46292"},{"taxonomy":"product_tag","embeddable":true,"href":"https:\/\/wydawnictwo.ug.edu.pl\/en\/wp-json\/wp\/v2\/product_tag?post=46292"}],"curies":[{"name":"wp","href":"https:\/\/api.w.org\/{rel}","templated":true}]}}