{"id":46291,"date":"2021-12-17T07:06:31","date_gmt":"2021-12-17T07:06:31","guid":{"rendered":"https:\/\/wydawnictwo.ug.edu.pl\/ksiegarnia-online\/uncategorized\/kowadla-i-mlotki-dom-warsztat-i-wytworczosc-gdanskiego-zlotnika-w-xviii-wieku\/"},"modified":"2026-02-11T13:38:52","modified_gmt":"2026-02-11T13:38:52","slug":"kowadla-i-mlotki-dom-warsztat-i-wytworczosc-gdanskiego-zlotnika-w-xviii-wieku","status":"publish","type":"product","link":"https:\/\/wydawnictwo.ug.edu.pl\/en\/ksiegarnia-online\/historia-sztuki-i-kulturoznawstwo\/kowadla-i-mlotki-dom-warsztat-i-wytworczosc-gdanskiego-zlotnika-w-xviii-wieku\/","title":{"rendered":"Kowad\u0142a i m\u0142otki. Dom, warsztat i wytw\u00f3rczo\u015b\u0107 gda\u0144skiego z\u0142otnika w XVIII wieku"},"content":{"rendered":"","protected":false},"excerpt":{"rendered":"<p>Stan wiedzy o rzemio\u015ble z\u0142otniczym i mistrzach tej specjalno\u015bci dzia\u0142aj\u0105cych w XVIII w. w Gda\u0144sku oraz o zakresie i rodzaju, jak r\u00f3wnie\u017c artystycznym wyrazie ich wytw\u00f3rczo\u015bci, mimo istniej\u0105cych wielu niewiadomych, wydaje si\u0119 zadowalaj\u0105cy. Jest to bowiem jedno z tych rzemios\u0142 artystycznych bujnie rozwijaj\u0105cych si\u0119 niegdy\u015b w trzech wielkich miastach Prus Kr\u00f3lewskich, w Gda\u0144sku, Elbl\u0105gu i Toruniu, ale r\u00f3wnie\u017c\u00a0 w o\u015brodkach mniejszych, nad kt\u00f3rymi badania rozpocz\u0119to jeszcze w ko\u0144cu XIX w. Tym dotkliwiej mo\u017cna odczu\u0107 brak opublikowanych informacji o wygl\u0105dzie i wyposa\u017ceniu domu i warsztatu gda\u0144skiego z\u0142otnika.<\/p>\n<p>Pretekstem do wype\u0142nienia tej luki jest zachowany w Archiwum Pa\u0144stwowym w Gda\u0144sku po\u015bmiertny inwentarz d\u00f3br Simona Gottlieba Ungera, miejscowego z\u0142otnika, g\u0142\u00f3wnego bohatera niniejszej ksi\u0105\u017cki, kt\u00f3rego dzia\u0142alno\u015b\u0107 zawodowa przypad\u0142a na lata 1745-1762. (&#8230;.) Inwentarz Ungera pozwala na dalsze rozszerzenie naszej wiedzy o narz\u0119dziach s\u0142u\u017c\u0105cych artystom rzemie\u015blnikom przy obr\u00f3bce metali szlachetnych oraz ich nazwach u\u017cywanych w Gda\u0144sku w XVIII w. \u0179r\u00f3d\u0142o to pozwala nam na przedstawienie domu, warsztatu oraz przyk\u0142ad\u00f3w tw\u00f3rczo\u015bci gda\u0144skiego z\u0142otnika u schy\u0142ku nowo\u017cytnej \u015bwietno\u015bci miasta.<\/p>\n<p style=\"text-align: right;\"><em>Ze Wst\u0119pu<\/em><\/p>\n","protected":false},"featured_media":17321,"template":"","meta":{"_acf_changed":false},"journal":[],"rodzaj":[7074],"seria":[],"product_brand":[],"product_cat":[6936],"product_tag":[7787],"class_list":{"0":"post-46291","1":"product","2":"type-product","3":"status-publish","4":"has-post-thumbnail","6":"rodzaj-ksiazki","7":"product_cat-historia-sztuki-i-kulturoznawstwo","8":"product_tag-jacek-kriegseisen","9":"pa_rok-wydania-2021-en","11":"first","12":"instock","13":"taxable","14":"shipping-taxable","15":"purchasable","16":"product-type-simple"},"acf":[],"_links":{"self":[{"href":"https:\/\/wydawnictwo.ug.edu.pl\/en\/wp-json\/wp\/v2\/product\/46291","targetHints":{"allow":["GET"]}}],"collection":[{"href":"https:\/\/wydawnictwo.ug.edu.pl\/en\/wp-json\/wp\/v2\/product"}],"about":[{"href":"https:\/\/wydawnictwo.ug.edu.pl\/en\/wp-json\/wp\/v2\/types\/product"}],"wp:featuredmedia":[{"embeddable":true,"href":"https:\/\/wydawnictwo.ug.edu.pl\/en\/wp-json\/wp\/v2\/media\/17321"}],"wp:attachment":[{"href":"https:\/\/wydawnictwo.ug.edu.pl\/en\/wp-json\/wp\/v2\/media?parent=46291"}],"wp:term":[{"taxonomy":"journal","embeddable":true,"href":"https:\/\/wydawnictwo.ug.edu.pl\/en\/wp-json\/wp\/v2\/journal?post=46291"},{"taxonomy":"rodzaj","embeddable":true,"href":"https:\/\/wydawnictwo.ug.edu.pl\/en\/wp-json\/wp\/v2\/rodzaj?post=46291"},{"taxonomy":"seria","embeddable":true,"href":"https:\/\/wydawnictwo.ug.edu.pl\/en\/wp-json\/wp\/v2\/seria?post=46291"},{"taxonomy":"product_brand","embeddable":true,"href":"https:\/\/wydawnictwo.ug.edu.pl\/en\/wp-json\/wp\/v2\/product_brand?post=46291"},{"taxonomy":"product_cat","embeddable":true,"href":"https:\/\/wydawnictwo.ug.edu.pl\/en\/wp-json\/wp\/v2\/product_cat?post=46291"},{"taxonomy":"product_tag","embeddable":true,"href":"https:\/\/wydawnictwo.ug.edu.pl\/en\/wp-json\/wp\/v2\/product_tag?post=46291"}],"curies":[{"name":"wp","href":"https:\/\/api.w.org\/{rel}","templated":true}]}}