{"id":46289,"date":"2021-12-18T10:29:48","date_gmt":"2021-12-18T10:29:48","guid":{"rendered":"https:\/\/wydawnictwo.ug.edu.pl\/ksiegarnia-online\/uncategorized\/przekladoznawstwo-rosyjskie-tom-iii-literatura-dydaktyczna-1837-2020\/"},"modified":"2026-02-11T13:38:56","modified_gmt":"2026-02-11T13:38:56","slug":"przekladoznawstwo-rosyjskie-tom-iii-literatura-dydaktyczna-1837-2020","status":"publish","type":"product","link":"https:\/\/wydawnictwo.ug.edu.pl\/en\/ksiegarnia-online\/przekladoznawstwo\/przekladoznawstwo-rosyjskie-tom-iii-literatura-dydaktyczna-1837-2020\/","title":{"rendered":"Przek\u0142adoznawstwo rosyjskie. Tom III. Literatura dydaktyczna 1817\u20132020"},"content":{"rendered":"","protected":false},"excerpt":{"rendered":"<p>Ksi\u0105\u017cka stanowi trzeci tom serii bibliograficznej prezentuj\u0105cej osi\u0105gni\u0119cia przek\u0142adoznawstwa rosyjskoj\u0119zycznego. Dokumentuje on naukowo-dydaktyczne i dydaktyczne publikacje wydane w formie podr\u0119cznik\u00f3w, wyk\u0142ad\u00f3w akademickich, skrypt\u00f3w, poradnik\u00f3w oraz kompendi\u00f3w przeznaczonych dla t\u0142umaczy. Ten najobszerniejszy pod wzgl\u0119dem ilo\u015bciowym fragment dorobku do\u015b\u0107 jednoznacznie odzwierciedla priorytety i cele, jakie wyznaczy\u0142o w przesz\u0142o\u015bci i wci\u0105\u017c kre\u015bli przek\u0142adoznawstwo rosyjskie, ujawniaj\u0105c zarazem jego wyra\u017any aplikatywny charakter. Kwesti\u0105 kluczow\u0105 pozostaje bowiem przygotowanie profesjonalnych t\u0142umaczy, kszta\u0142conych m.in. na potrzeby dyplomacji, armii czy priorytetowych ga\u0142\u0119zi przemys\u0142u.<\/p>\n","protected":false},"featured_media":17305,"template":"","meta":{"_acf_changed":false},"journal":[],"rodzaj":[7077,7076],"seria":[7637],"product_brand":[],"product_cat":[6926],"product_tag":[],"class_list":{"0":"post-46289","1":"product","2":"type-product","3":"status-publish","4":"has-post-thumbnail","6":"rodzaj-czasopismo","7":"rodzaj-serie-wydawnicze","8":"seria-przekladoznawstwo-rosyjskie","9":"product_cat-przekladoznawstwo","10":"pa_rok-wydania-2021-en","12":"first","13":"outofstock","14":"taxable","15":"shipping-taxable","16":"purchasable","17":"product-type-simple"},"acf":[],"_links":{"self":[{"href":"https:\/\/wydawnictwo.ug.edu.pl\/en\/wp-json\/wp\/v2\/product\/46289","targetHints":{"allow":["GET"]}}],"collection":[{"href":"https:\/\/wydawnictwo.ug.edu.pl\/en\/wp-json\/wp\/v2\/product"}],"about":[{"href":"https:\/\/wydawnictwo.ug.edu.pl\/en\/wp-json\/wp\/v2\/types\/product"}],"wp:featuredmedia":[{"embeddable":true,"href":"https:\/\/wydawnictwo.ug.edu.pl\/en\/wp-json\/wp\/v2\/media\/17305"}],"wp:attachment":[{"href":"https:\/\/wydawnictwo.ug.edu.pl\/en\/wp-json\/wp\/v2\/media?parent=46289"}],"wp:term":[{"taxonomy":"journal","embeddable":true,"href":"https:\/\/wydawnictwo.ug.edu.pl\/en\/wp-json\/wp\/v2\/journal?post=46289"},{"taxonomy":"rodzaj","embeddable":true,"href":"https:\/\/wydawnictwo.ug.edu.pl\/en\/wp-json\/wp\/v2\/rodzaj?post=46289"},{"taxonomy":"seria","embeddable":true,"href":"https:\/\/wydawnictwo.ug.edu.pl\/en\/wp-json\/wp\/v2\/seria?post=46289"},{"taxonomy":"product_brand","embeddable":true,"href":"https:\/\/wydawnictwo.ug.edu.pl\/en\/wp-json\/wp\/v2\/product_brand?post=46289"},{"taxonomy":"product_cat","embeddable":true,"href":"https:\/\/wydawnictwo.ug.edu.pl\/en\/wp-json\/wp\/v2\/product_cat?post=46289"},{"taxonomy":"product_tag","embeddable":true,"href":"https:\/\/wydawnictwo.ug.edu.pl\/en\/wp-json\/wp\/v2\/product_tag?post=46289"}],"curies":[{"name":"wp","href":"https:\/\/api.w.org\/{rel}","templated":true}]}}