{"id":46287,"date":"2021-12-30T00:00:00","date_gmt":"2021-12-30T00:00:00","guid":{"rendered":"https:\/\/wydawnictwo.ug.edu.pl\/ksiegarnia-online\/uncategorized\/uniwersytet-gdanski-w-latach-1970-1995\/"},"modified":"2026-02-11T13:39:00","modified_gmt":"2026-02-11T13:39:00","slug":"uniwersytet-gdanski-w-latach-1970-1995","status":"publish","type":"product","link":"https:\/\/wydawnictwo.ug.edu.pl\/en\/ksiegarnia-online\/historia\/uniwersytet-gdanski-w-latach-1970-1995\/","title":{"rendered":"Uniwersytet Gda\u0144ski w latach 1970\u20131995"},"content":{"rendered":"","protected":false},"excerpt":{"rendered":"<p>Uniwersytet Gda\u0144ski jest uczelni\u0105 dojrza\u0142\u0105, z ponad pi\u0119\u0107dziesi\u0119cioletni\u0105 histori\u0105 i ugruntowan\u0105 struktur\u0105 organizacyjn\u0105. Jej dzieje, mimo \u017ce udokumentowane w licznych publikacjach, nie s\u0105 w pe\u0142ni rozpoznane i kryj\u0105 wiele \u201ebia\u0142ych plam\u201d. Niniejszy zbi\u00f3r ma na celu odkrycie niekt\u00f3rych z nich.<\/p>\n<p>Opracowanie zawiera dokumenty zwi\u0105zane m.in. z powo\u0142aniem i kszta\u0142towaniem si\u0119 Uniwersytetu, \u017cyciem spo\u0142ecznym i politycznym na uczelni, sprawami studenckimi oraz sytuacja materialn\u0105 zar\u00f3wno pracownik\u00f3w, jak i student\u00f3w. Dokumenty obejmuj\u0105ce pierwsze 25 lat UG (z kilkoma wyj\u0105tkami si\u0119gaj\u0105cymi okresu funkcjonowania jego poprzedniczek &#8211; Wy\u017cszej Szko\u0142y Pedagogicznej w Gda\u0144sku i Wy\u017cszej Szko\u0142y Ekonomicznej w Sopocie) podzielono na pi\u0119\u0107 chronologicznych dzia\u0142\u00f3w, kt\u00f3rych tytu\u0142y odnosz\u0105 si\u0119 do kolejnych etap\u00f3w dzia\u0142alno\u015bci UG: genezy, pierwszej dekady istnienia, karnawa\u0142u \u201eSolidarno\u015bci\u201d, lat osiemdziesi\u0105tych XX w., czasu przemian.<\/p>\n<p>\u0179r\u00f3d\u0142a opublikowane w tomie pochodz\u0105 ze zbior\u00f3w wielu instytucji, m.in. Archiwum Pa\u0144stwowego w Gda\u0144sku, Archiwum Uniwersytetu Gda\u0144skiego, Biblioteki Uniwersytetu Gda\u0144skiego. Mog\u0105 one stanowi\u0107 materia\u0142 do bada\u0144 zar\u00f3wno dla historyk\u00f3w, pedagog\u00f3w, politolog\u00f3w, jak i wszystkich zainteresowanych dziejami gda\u0144skiej Alma Mater na tle zachodz\u0105cych przemian spo\u0142ecznych i politycznych.<\/p>\n","protected":false},"featured_media":17755,"template":"","meta":{"_acf_changed":false},"journal":[],"rodzaj":[7074],"seria":[],"product_brand":[],"product_cat":[6958],"product_tag":[7440],"class_list":{"0":"post-46287","1":"product","2":"type-product","3":"status-publish","4":"has-post-thumbnail","6":"rodzaj-ksiazki","7":"product_cat-historia","8":"product_tag-dominik-bien","9":"pa_rok-wydania-2021-en","11":"first","12":"instock","13":"taxable","14":"shipping-taxable","15":"purchasable","16":"product-type-simple"},"acf":[],"_links":{"self":[{"href":"https:\/\/wydawnictwo.ug.edu.pl\/en\/wp-json\/wp\/v2\/product\/46287","targetHints":{"allow":["GET"]}}],"collection":[{"href":"https:\/\/wydawnictwo.ug.edu.pl\/en\/wp-json\/wp\/v2\/product"}],"about":[{"href":"https:\/\/wydawnictwo.ug.edu.pl\/en\/wp-json\/wp\/v2\/types\/product"}],"wp:featuredmedia":[{"embeddable":true,"href":"https:\/\/wydawnictwo.ug.edu.pl\/en\/wp-json\/wp\/v2\/media\/17755"}],"wp:attachment":[{"href":"https:\/\/wydawnictwo.ug.edu.pl\/en\/wp-json\/wp\/v2\/media?parent=46287"}],"wp:term":[{"taxonomy":"journal","embeddable":true,"href":"https:\/\/wydawnictwo.ug.edu.pl\/en\/wp-json\/wp\/v2\/journal?post=46287"},{"taxonomy":"rodzaj","embeddable":true,"href":"https:\/\/wydawnictwo.ug.edu.pl\/en\/wp-json\/wp\/v2\/rodzaj?post=46287"},{"taxonomy":"seria","embeddable":true,"href":"https:\/\/wydawnictwo.ug.edu.pl\/en\/wp-json\/wp\/v2\/seria?post=46287"},{"taxonomy":"product_brand","embeddable":true,"href":"https:\/\/wydawnictwo.ug.edu.pl\/en\/wp-json\/wp\/v2\/product_brand?post=46287"},{"taxonomy":"product_cat","embeddable":true,"href":"https:\/\/wydawnictwo.ug.edu.pl\/en\/wp-json\/wp\/v2\/product_cat?post=46287"},{"taxonomy":"product_tag","embeddable":true,"href":"https:\/\/wydawnictwo.ug.edu.pl\/en\/wp-json\/wp\/v2\/product_tag?post=46287"}],"curies":[{"name":"wp","href":"https:\/\/api.w.org\/{rel}","templated":true}]}}