{"id":46286,"date":"2021-12-30T00:00:00","date_gmt":"2021-12-30T00:00:00","guid":{"rendered":"https:\/\/wydawnictwo.ug.edu.pl\/ksiegarnia-online\/uncategorized\/obiekty-metody-interpretacje-tom-1\/"},"modified":"2026-02-11T13:39:05","modified_gmt":"2026-02-11T13:39:05","slug":"obiekty-metody-interpretacje-tom-1","status":"publish","type":"product","link":"https:\/\/wydawnictwo.ug.edu.pl\/en\/ksiegarnia-online\/przekladoznawstwo\/obiekty-metody-interpretacje-tom-1\/","title":{"rendered":"Obiekty, metody, interpretacje. Tom 1"},"content":{"rendered":"","protected":false},"excerpt":{"rendered":"<p>Pomys\u0142 tej ksi\u0105\u017cki zrodzi\u0142 si\u0119 w trakcie wsp\u00f3\u0142pracy wyk\u0142adowc\u00f3w i student\u00f3w z r\u00f3\u017cnych kraj\u00f3w w ramach programu Erasmus+.\u00a0 Wyk\u0142ady, spotkania, rozmowy, kontakt wyk\u0142adowc\u00f3w-specjalist\u00f3w ze studentami po raz kolejny unaoczni\u0142y szeroki zakres i \u201ewielo\u015b\u0107 twarzy\u201d wsp\u00f3\u0142czesnej lingwistyki: r\u00f3\u017cnorodno\u015b\u0107 obiekt\u00f3w badawczych, niejednorodno\u015b\u0107 bazy metodologicznej, oryginalno\u015b\u0107 podej\u015b\u0107, czyli tego wszystkiego, co w j\u0119zykoznawstwie okre\u015bla si\u0119 mianem poliparadygmatyzmu nauki o j\u0119zyku. Okaza\u0142o si\u0119, \u017ce prawie wszyscy wyk\u0142adowcy, bior\u0105cy udzia\u0142 w wymianie akademickiej, wykorzystuj\u0105 na zaj\u0119ciach materia\u0142y i koncepcje w\u0142asnych docieka\u0144 naukowych. Tre\u015b\u0107 przeprowadzonych i wys\u0142uchanych wyk\u0142ad\u00f3w pokaza\u0142a, \u017ce uniwersytecka nauka wnosi zauwa\u017calny wk\u0142ad w og\u00f3lny post\u0119p naukowy.<\/p>\n<p>Ksi\u0105\u017cka ukaza\u0142a si\u0119 w serii wydawniczej Oblicza lingwistyki XXI wieku.<\/p>\n","protected":false},"featured_media":16848,"template":"","meta":{"_acf_changed":false},"journal":[],"rodzaj":[7074,7076],"seria":[7664],"product_brand":[],"product_cat":[6926],"product_tag":[7470,7783,7784,7665,7667],"class_list":{"0":"post-46286","1":"product","2":"type-product","3":"status-publish","4":"has-post-thumbnail","6":"rodzaj-ksiazki","7":"rodzaj-serie-wydawnicze","8":"seria-oblicza-lingwistyki-xxi-wieku","9":"product_cat-przekladoznawstwo","10":"product_tag-aleksandra-klimkiewicz","11":"product_tag-michal-a-rybakow","12":"product_tag-olga-i-walentynowa","13":"product_tag-tatiana-kananowicztatiana-kananowicz","14":"product_tag-zoja-nowozenowa","15":"pa_rok-wydania-2020-en","17":"first","18":"outofstock","19":"taxable","20":"shipping-taxable","21":"purchasable","22":"product-type-simple"},"acf":[],"_links":{"self":[{"href":"https:\/\/wydawnictwo.ug.edu.pl\/en\/wp-json\/wp\/v2\/product\/46286","targetHints":{"allow":["GET"]}}],"collection":[{"href":"https:\/\/wydawnictwo.ug.edu.pl\/en\/wp-json\/wp\/v2\/product"}],"about":[{"href":"https:\/\/wydawnictwo.ug.edu.pl\/en\/wp-json\/wp\/v2\/types\/product"}],"wp:featuredmedia":[{"embeddable":true,"href":"https:\/\/wydawnictwo.ug.edu.pl\/en\/wp-json\/wp\/v2\/media\/16848"}],"wp:attachment":[{"href":"https:\/\/wydawnictwo.ug.edu.pl\/en\/wp-json\/wp\/v2\/media?parent=46286"}],"wp:term":[{"taxonomy":"journal","embeddable":true,"href":"https:\/\/wydawnictwo.ug.edu.pl\/en\/wp-json\/wp\/v2\/journal?post=46286"},{"taxonomy":"rodzaj","embeddable":true,"href":"https:\/\/wydawnictwo.ug.edu.pl\/en\/wp-json\/wp\/v2\/rodzaj?post=46286"},{"taxonomy":"seria","embeddable":true,"href":"https:\/\/wydawnictwo.ug.edu.pl\/en\/wp-json\/wp\/v2\/seria?post=46286"},{"taxonomy":"product_brand","embeddable":true,"href":"https:\/\/wydawnictwo.ug.edu.pl\/en\/wp-json\/wp\/v2\/product_brand?post=46286"},{"taxonomy":"product_cat","embeddable":true,"href":"https:\/\/wydawnictwo.ug.edu.pl\/en\/wp-json\/wp\/v2\/product_cat?post=46286"},{"taxonomy":"product_tag","embeddable":true,"href":"https:\/\/wydawnictwo.ug.edu.pl\/en\/wp-json\/wp\/v2\/product_tag?post=46286"}],"curies":[{"name":"wp","href":"https:\/\/api.w.org\/{rel}","templated":true}]}}