{"id":46284,"date":"2021-12-31T00:00:00","date_gmt":"2021-12-31T00:00:00","guid":{"rendered":"https:\/\/wydawnictwo.ug.edu.pl\/ksiegarnia-online\/uncategorized\/chrzescijanstwo-islam-dialog\/"},"modified":"2026-02-11T13:39:05","modified_gmt":"2026-02-11T13:39:05","slug":"chrzescijanstwo-islam-dialog","status":"publish","type":"product","link":"https:\/\/wydawnictwo.ug.edu.pl\/en\/ksiegarnia-online\/jezykoznawstwo\/chrzescijanstwo-islam-dialog\/","title":{"rendered":"Chrze\u015bcija\u0144stwo. Islam. Dialog"},"content":{"rendered":"","protected":false},"excerpt":{"rendered":"<p>Oddajemy w Pa\u0144stwa r\u0119ce wieloautorsk\u0105 monografi\u0119 po\u015bwi\u0119con\u0105 wp\u0142ywowi wielkich religii \u015bwiata na kultur\u0119 w szerokim znaczeniu tego s\u0142owa. W niniejszej ksi\u0105\u017cce s\u0105 poruszane zagadnienia teologiczne, j\u0119zykoznawcze, literaturoznawcze, kulturowe. Jest to tom \u00a0r\u00f3\u017cnorodny, w kt\u00f3rym badacze, reprezentuj\u0105cy zar\u00f3wno polskie o\u015brodki naukowe (\u0141\u00f3d\u017a, Bia\u0142ystok, Gda\u0144sk), jak i zagraniczne (Rosja) przedstawili swoje badania i refleksje dotycz\u0105ce nast\u0119puj\u0105cych zagadnie\u0144: dialogu mi\u0119dzyreligijnego; zachowania to\u017csamo\u015bci religijnej w sytuacji dominacji innej religii; roli monarchy brytyjskiego i zwierzchnika Ko\u015bcio\u0142a anglika\u0144skiego w integracji spo\u0142ecznej; politycznej ideologizacji religii; odzwierciedlenia religii chrze\u015bcija\u0144skiej i muzu\u0142ma\u0144skiej w zasobie paremiologicznym poszczeg\u00f3lnych j\u0119zyk\u00f3w; wp\u0142ywu czynnik\u00f3w religijno-geopolitycznych na imiennictwo Tatar\u00f3w polskich na Podlasiu; arabskich pozosta\u0142o\u015bci w europejskiej nomenklaturze botanicznej; sacrum i profanum we wsp\u00f3\u0142czesnej kulturze masowej; kategorii \u201eswojsko\u015bci\/obco\u015bci\u201d w wybranym filmie rosyjskim; roli muzyki w liturgii.<\/p>\n<p>Ksi\u0105\u017cka ukaza\u0142a si\u0119 w serii wydawniczej Wielkie religie \u015bwiata w j\u0119zyku i kulturze.<\/p>\n","protected":false},"featured_media":17296,"template":"","meta":{"_acf_changed":false},"journal":[],"rodzaj":[7074,7076],"seria":[7781],"product_brand":[],"product_cat":[6924],"product_tag":[7553,7554,7489],"class_list":{"0":"post-46284","1":"product","2":"type-product","3":"status-publish","4":"has-post-thumbnail","6":"rodzaj-ksiazki","7":"rodzaj-serie-wydawnicze","8":"seria-wielkie-religie-swiata-w-jezyku-i-kulturze","9":"product_cat-jezykoznawstwo","10":"product_tag-magdalena-jaszczewskamagdalena-jaszczewska","11":"product_tag-tatiana-kopac","12":"product_tag-wanda-stecwanda-stec","13":"pa_rok-wydania-2021-en","15":"first","16":"instock","17":"taxable","18":"shipping-taxable","19":"purchasable","20":"product-type-simple"},"acf":[],"_links":{"self":[{"href":"https:\/\/wydawnictwo.ug.edu.pl\/en\/wp-json\/wp\/v2\/product\/46284","targetHints":{"allow":["GET"]}}],"collection":[{"href":"https:\/\/wydawnictwo.ug.edu.pl\/en\/wp-json\/wp\/v2\/product"}],"about":[{"href":"https:\/\/wydawnictwo.ug.edu.pl\/en\/wp-json\/wp\/v2\/types\/product"}],"wp:featuredmedia":[{"embeddable":true,"href":"https:\/\/wydawnictwo.ug.edu.pl\/en\/wp-json\/wp\/v2\/media\/17296"}],"wp:attachment":[{"href":"https:\/\/wydawnictwo.ug.edu.pl\/en\/wp-json\/wp\/v2\/media?parent=46284"}],"wp:term":[{"taxonomy":"journal","embeddable":true,"href":"https:\/\/wydawnictwo.ug.edu.pl\/en\/wp-json\/wp\/v2\/journal?post=46284"},{"taxonomy":"rodzaj","embeddable":true,"href":"https:\/\/wydawnictwo.ug.edu.pl\/en\/wp-json\/wp\/v2\/rodzaj?post=46284"},{"taxonomy":"seria","embeddable":true,"href":"https:\/\/wydawnictwo.ug.edu.pl\/en\/wp-json\/wp\/v2\/seria?post=46284"},{"taxonomy":"product_brand","embeddable":true,"href":"https:\/\/wydawnictwo.ug.edu.pl\/en\/wp-json\/wp\/v2\/product_brand?post=46284"},{"taxonomy":"product_cat","embeddable":true,"href":"https:\/\/wydawnictwo.ug.edu.pl\/en\/wp-json\/wp\/v2\/product_cat?post=46284"},{"taxonomy":"product_tag","embeddable":true,"href":"https:\/\/wydawnictwo.ug.edu.pl\/en\/wp-json\/wp\/v2\/product_tag?post=46284"}],"curies":[{"name":"wp","href":"https:\/\/api.w.org\/{rel}","templated":true}]}}