{"id":46281,"date":"2022-01-28T08:20:53","date_gmt":"2022-01-28T08:20:53","guid":{"rendered":"https:\/\/wydawnictwo.ug.edu.pl\/ksiegarnia-online\/uncategorized\/dwory-polskie-w-akwareli-macieja-rydla\/"},"modified":"2026-02-11T13:39:10","modified_gmt":"2026-02-11T13:39:10","slug":"dwory-polskie-w-akwareli-macieja-rydla","status":"publish","type":"product","link":"https:\/\/wydawnictwo.ug.edu.pl\/en\/ksiegarnia-online\/varia\/dwory-polskie-w-akwareli-macieja-rydla\/","title":{"rendered":"Dwory polskie w akwareli Macieja Rydla"},"content":{"rendered":"","protected":false},"excerpt":{"rendered":"<p><em>Dwory polskie w akwareli Macieja Rydla. Na ratunek dziedzictwa narodowego<\/em> to katalog zawieraj\u0105cy akwarele autorstwa Macieja Rydla wzbogacone autorskim opisem dotycz\u0105cym historii polskich dwor\u00f3w, a tak\u017ce ich obecnego stanu i funkcji. Katalog zosta\u0142 wydany z okazji wystawy prac malarza w Bibliotece G\u0142\u00f3wnej Uniwersytetu Gda\u0144skiego.<\/p>\n<p>Maciej Rydel (ur. 1943) \u2014 dokumentalista polskich dwor\u00f3w i historii ziemia\u0144stwa; w\u0142a\u015bciciel zbioru ikonografii polskich dwor\u00f3w (ok. 30 tys. fotografii); autor ksi\u0105\u017cek: <em>Jam dw\u00f3r polski<\/em> (1993, 1997), <em>Oblicza polskiego dworu<\/em> (wsp\u00f3\u0142autor S. Markowski, 2004), <em>Dw\u00f3r \u2014 polska to\u017csamo\u015b\u0107<\/em> (2014, 2018), <em>Wiejskie dwory i pa\u0142ace rekomendowane przez Polskie Towarzystwo Ziemia\u0144skie<\/em> (2015, 2016), <em>Bibliografia ziemia\u0144ska<\/em> (2018), a tak\u017ce ponad 100 artyku\u0142\u00f3w oraz odczyt\u00f3w na temat ziemia\u0144stwa polskiego. Przygotowa\u0142 20 wystaw fotograficznych w Polsce, Brukseli (2004) i Jaszunach na Litwie (2016), bra\u0142 udzia\u0142 w wystawie w Londynie (2018). Jako malarz dokumentalista tworz\u0105cy w\u00a0 technice akwareli przygotowa\u0142 r\u00f3wnie\u017c cztery wystawy malarskie swoich prac: Sopot \u2014 Dworek Sierakowskich (1992), Gda\u0144sk \u2014 Dom Holenderski (2003), Uniwersytet Gda\u0144ski \u2014 Biblioteka G\u0142\u00f3wna (2009), Centrum Kultury Morskiej w Gda\u0144sku (2014). Jego prace znajduj\u0105 si\u0119 w zbiorach prywatnych w Polsce oraz za granic\u0105: w Pary\u017cu, Londynie, Glasgow i Montrealu. Jest wiceprezesem Zarz\u0105du G\u0142\u00f3wnego Polskiego Towarzystwa Ziemia\u0144skiego i Zarz\u0105du Oddzia\u0142u Gda\u0144skiego Stowarzyszenia Historyk\u00f3w Sztuki. Odznaczony Krzy\u017cem Kawalerskim Orderu Odrodzenia Polski (2014) za zas\u0142ugi dla dziedzictwa narodowego. Przez 45 lat by\u0142 zwi\u0105zany z Instytutem Handlu Zagranicznego na Wydziale Ekonomicznym Uniwersytetu Gda\u0144skiego jako pracownik dydaktyczny; obecnie na emeryturze.<\/p>\n","protected":false},"featured_media":17789,"template":"","meta":{"_acf_changed":false},"journal":[],"rodzaj":[7074],"seria":[],"product_brand":[],"product_cat":[6948],"product_tag":[7780],"class_list":{"0":"post-46281","1":"product","2":"type-product","3":"status-publish","4":"has-post-thumbnail","6":"rodzaj-ksiazki","7":"product_cat-varia","8":"product_tag-maciej-rydelmaciej-rydel","10":"first","11":"outofstock","12":"taxable","13":"shipping-taxable","14":"purchasable","15":"product-type-simple"},"acf":[],"_links":{"self":[{"href":"https:\/\/wydawnictwo.ug.edu.pl\/en\/wp-json\/wp\/v2\/product\/46281","targetHints":{"allow":["GET"]}}],"collection":[{"href":"https:\/\/wydawnictwo.ug.edu.pl\/en\/wp-json\/wp\/v2\/product"}],"about":[{"href":"https:\/\/wydawnictwo.ug.edu.pl\/en\/wp-json\/wp\/v2\/types\/product"}],"wp:featuredmedia":[{"embeddable":true,"href":"https:\/\/wydawnictwo.ug.edu.pl\/en\/wp-json\/wp\/v2\/media\/17789"}],"wp:attachment":[{"href":"https:\/\/wydawnictwo.ug.edu.pl\/en\/wp-json\/wp\/v2\/media?parent=46281"}],"wp:term":[{"taxonomy":"journal","embeddable":true,"href":"https:\/\/wydawnictwo.ug.edu.pl\/en\/wp-json\/wp\/v2\/journal?post=46281"},{"taxonomy":"rodzaj","embeddable":true,"href":"https:\/\/wydawnictwo.ug.edu.pl\/en\/wp-json\/wp\/v2\/rodzaj?post=46281"},{"taxonomy":"seria","embeddable":true,"href":"https:\/\/wydawnictwo.ug.edu.pl\/en\/wp-json\/wp\/v2\/seria?post=46281"},{"taxonomy":"product_brand","embeddable":true,"href":"https:\/\/wydawnictwo.ug.edu.pl\/en\/wp-json\/wp\/v2\/product_brand?post=46281"},{"taxonomy":"product_cat","embeddable":true,"href":"https:\/\/wydawnictwo.ug.edu.pl\/en\/wp-json\/wp\/v2\/product_cat?post=46281"},{"taxonomy":"product_tag","embeddable":true,"href":"https:\/\/wydawnictwo.ug.edu.pl\/en\/wp-json\/wp\/v2\/product_tag?post=46281"}],"curies":[{"name":"wp","href":"https:\/\/api.w.org\/{rel}","templated":true}]}}