{"id":46280,"date":"2022-02-10T09:49:08","date_gmt":"2022-02-10T09:49:08","guid":{"rendered":"https:\/\/wydawnictwo.ug.edu.pl\/ksiegarnia-online\/uncategorized\/trywializacja-feminizmu-pop-feminizm-latte-feminizm-i-girl-power-w-kobiecej-prasie-ilustrowanej-segmentu-luksusowego\/"},"modified":"2026-02-11T13:39:10","modified_gmt":"2026-02-11T13:39:10","slug":"trywializacja-feminizmu-pop-feminizm-latte-feminizm-i-girl-power-w-kobiecej-prasie-ilustrowanej-segmentu-luksusowego","status":"publish","type":"product","link":"https:\/\/wydawnictwo.ug.edu.pl\/en\/ksiegarnia-online\/socjologia\/trywializacja-feminizmu-pop-feminizm-latte-feminizm-i-girl-power-w-kobiecej-prasie-ilustrowanej-segmentu-luksusowego\/","title":{"rendered":"Trywializacja feminizmu. Pop-feminizm, latte-feminizm i\u00a0girl power w\u00a0kobiecej prasie ilustrowanej segmentu luksusowego"},"content":{"rendered":"","protected":false},"excerpt":{"rendered":"<p>Przedmiotem pracy jest problematyka trywializacji poj\u0119cia feminizmu w mediach, a konkretnie w segmencie kobiecej prasy luksusowej. Punktem wyj\u015bcia poczynionych rozwa\u017ca\u0144 jest zjawisko negocjowania znaczenia feminizmu w mediach. Opisano przejawy postfeministycznego dyskursu w postaciach latte-feminizmu, pop-feminizmu i girl power oraz zwi\u0105zki pomi\u0119dzy nimi a konkretnym tytu\u0142em prasowym (\u201eTw\u00f3j Styl\u201d, \u201eWysokie Obcasy\u201d, \u201eWysokie Obcasy Extra\u201d i \u201eCosmopolitan\u201d). Ponadto opracowano oryginalne, autorskie definicje form postfeminizmu, dotychczas niespotykane w pracach naukowych.<\/p>\n","protected":false},"featured_media":17815,"template":"","meta":{"_acf_changed":false},"journal":[],"rodzaj":[6667,2604],"seria":[6752],"product_brand":[],"product_cat":[6953],"product_tag":[1190],"class_list":{"0":"post-46280","1":"product","2":"type-product","3":"status-publish","4":"has-post-thumbnail","6":"rodzaj-czasopismo","7":"rodzaj-serie-wydawnicze","8":"seria-medistery","9":"product_cat-socjologia","10":"product_tag-olivia-klusek","12":"first","13":"instock","14":"taxable","15":"shipping-taxable","16":"product-type-simple"},"acf":[],"_links":{"self":[{"href":"https:\/\/wydawnictwo.ug.edu.pl\/en\/wp-json\/wp\/v2\/product\/46280","targetHints":{"allow":["GET"]}}],"collection":[{"href":"https:\/\/wydawnictwo.ug.edu.pl\/en\/wp-json\/wp\/v2\/product"}],"about":[{"href":"https:\/\/wydawnictwo.ug.edu.pl\/en\/wp-json\/wp\/v2\/types\/product"}],"wp:featuredmedia":[{"embeddable":true,"href":"https:\/\/wydawnictwo.ug.edu.pl\/en\/wp-json\/wp\/v2\/media\/17815"}],"wp:attachment":[{"href":"https:\/\/wydawnictwo.ug.edu.pl\/en\/wp-json\/wp\/v2\/media?parent=46280"}],"wp:term":[{"taxonomy":"journal","embeddable":true,"href":"https:\/\/wydawnictwo.ug.edu.pl\/en\/wp-json\/wp\/v2\/journal?post=46280"},{"taxonomy":"rodzaj","embeddable":true,"href":"https:\/\/wydawnictwo.ug.edu.pl\/en\/wp-json\/wp\/v2\/rodzaj?post=46280"},{"taxonomy":"seria","embeddable":true,"href":"https:\/\/wydawnictwo.ug.edu.pl\/en\/wp-json\/wp\/v2\/seria?post=46280"},{"taxonomy":"product_brand","embeddable":true,"href":"https:\/\/wydawnictwo.ug.edu.pl\/en\/wp-json\/wp\/v2\/product_brand?post=46280"},{"taxonomy":"product_cat","embeddable":true,"href":"https:\/\/wydawnictwo.ug.edu.pl\/en\/wp-json\/wp\/v2\/product_cat?post=46280"},{"taxonomy":"product_tag","embeddable":true,"href":"https:\/\/wydawnictwo.ug.edu.pl\/en\/wp-json\/wp\/v2\/product_tag?post=46280"}],"curies":[{"name":"wp","href":"https:\/\/api.w.org\/{rel}","templated":true}]}}