{"id":46276,"date":"2022-02-14T15:21:32","date_gmt":"2022-02-14T15:21:32","guid":{"rendered":"https:\/\/wydawnictwo.ug.edu.pl\/ksiegarnia-online\/uncategorized\/zycie-spoleczne-jako-gra-kontekst-miedzykulturowy\/"},"modified":"2026-02-11T13:36:28","modified_gmt":"2026-02-11T13:36:28","slug":"zycie-spoleczne-jako-gra-kontekst-miedzykulturowy","status":"publish","type":"product","link":"https:\/\/wydawnictwo.ug.edu.pl\/en\/ksiegarnia-online\/pedagogika-i-psychologia\/zycie-spoleczne-jako-gra-kontekst-miedzykulturowy\/","title":{"rendered":"\u017bycie spo\u0142eczne jako Gra. Kontekst mi\u0119dzykulturowy"},"content":{"rendered":"","protected":false},"excerpt":{"rendered":"<p>Monografia Joanny R\u00f3\u017cyckiej zawiera materia\u0142 z bardzo obszernego badania mi\u0119dzykulturowego dotycz\u0105cego przekona\u0144 spo\u0142ecznych zwanych skr\u00f3towo GR\u0104, uzyskane wyniki z tego badania oraz zale\u017cno\u015bci z innymi wymiarami kulturowymi i wska\u017anikami makrospo\u0142ecznymi, wskazuj\u0105 na zwi\u0105zek posiadanych przekona\u0144 z obiektywn\u0105 sytuacj\u0105 ekonomiczn\u0105.<strong>\u00a0<\/strong>Ksi\u0105\u017cka opisuje te\u017c wytyczne wsp\u00f3\u0142czesnej metodologii mi\u0119dzykulturowej. Mimo i\u017c jest to tekst naukowy, zawiera r\u00f3wnie\u017c du\u017co materia\u0142u i r\u00f3\u017cnego typu ciekawostek przywiezionych z podr\u00f3\u017cy odbytych przez autork\u0119 w\u015br\u00f3d innych kultur. Ca\u0142o\u015b\u0107 tekstu autorka uzupe\u0142ni\u0142a zdj\u0119ciami z odbytych wypraw po Azji \u015arodkowo-Wschodniej (Tybet, Indie, Nepal, Wietnam) oraz fragmentami r\u00f3\u017cnych artyku\u0142\u00f3w popularnonaukowych, maj\u0105c nadziej\u0119, \u017ce w ten spos\u00f3b, uprzyjemni czytelnikowi podr\u00f3\u017c przez monografi\u0119, do kt\u00f3rej serdecznie zaprasza.<\/p>\n","protected":false},"featured_media":17846,"template":"","meta":{"_acf_changed":false},"journal":[],"rodzaj":[],"seria":[],"product_brand":[],"product_cat":[271],"product_tag":[1192],"class_list":{"0":"post-46276","1":"product","2":"type-product","3":"status-publish","4":"has-post-thumbnail","6":"product_cat-pedagogika-i-psychologia","7":"product_tag-joanna-rozycka","9":"first","10":"instock","11":"taxable","12":"shipping-taxable","13":"purchasable","14":"product-type-simple"},"acf":[],"_links":{"self":[{"href":"https:\/\/wydawnictwo.ug.edu.pl\/en\/wp-json\/wp\/v2\/product\/46276","targetHints":{"allow":["GET"]}}],"collection":[{"href":"https:\/\/wydawnictwo.ug.edu.pl\/en\/wp-json\/wp\/v2\/product"}],"about":[{"href":"https:\/\/wydawnictwo.ug.edu.pl\/en\/wp-json\/wp\/v2\/types\/product"}],"wp:featuredmedia":[{"embeddable":true,"href":"https:\/\/wydawnictwo.ug.edu.pl\/en\/wp-json\/wp\/v2\/media\/17846"}],"wp:attachment":[{"href":"https:\/\/wydawnictwo.ug.edu.pl\/en\/wp-json\/wp\/v2\/media?parent=46276"}],"wp:term":[{"taxonomy":"journal","embeddable":true,"href":"https:\/\/wydawnictwo.ug.edu.pl\/en\/wp-json\/wp\/v2\/journal?post=46276"},{"taxonomy":"rodzaj","embeddable":true,"href":"https:\/\/wydawnictwo.ug.edu.pl\/en\/wp-json\/wp\/v2\/rodzaj?post=46276"},{"taxonomy":"seria","embeddable":true,"href":"https:\/\/wydawnictwo.ug.edu.pl\/en\/wp-json\/wp\/v2\/seria?post=46276"},{"taxonomy":"product_brand","embeddable":true,"href":"https:\/\/wydawnictwo.ug.edu.pl\/en\/wp-json\/wp\/v2\/product_brand?post=46276"},{"taxonomy":"product_cat","embeddable":true,"href":"https:\/\/wydawnictwo.ug.edu.pl\/en\/wp-json\/wp\/v2\/product_cat?post=46276"},{"taxonomy":"product_tag","embeddable":true,"href":"https:\/\/wydawnictwo.ug.edu.pl\/en\/wp-json\/wp\/v2\/product_tag?post=46276"}],"curies":[{"name":"wp","href":"https:\/\/api.w.org\/{rel}","templated":true}]}}