{"id":46275,"date":"2022-02-14T16:03:01","date_gmt":"2022-02-14T16:03:01","guid":{"rendered":"https:\/\/wydawnictwo.ug.edu.pl\/ksiegarnia-online\/uncategorized\/nowe-wyzwania-nowe-horyzonty-tom-1-literatura-jezyk-przeklad\/"},"modified":"2026-02-11T13:36:22","modified_gmt":"2026-02-11T13:36:22","slug":"nowe-wyzwania-nowe-horyzonty-tom-1-literatura-jezyk-przeklad","status":"publish","type":"product","link":"https:\/\/wydawnictwo.ug.edu.pl\/en\/ksiegarnia-online\/jezykoznawstwo\/nowe-wyzwania-nowe-horyzonty-tom-1-literatura-jezyk-przeklad\/","title":{"rendered":"Nowe Wyzwania, Nowe Horyzonty. Tom 1. Literatura \u2013 J\u0119zyk \u2013 Przek\u0142ad"},"content":{"rendered":"","protected":false},"excerpt":{"rendered":"<p>Tom 1 serii\u00a0<em>Nowe Wyzwania, Nowe Horyzonty. Czterdzie\u015bci lat skandynawistyki gda\u0144skiej\u00a0<\/em>\u00a0po\u015bwi\u0119cony zosta\u0142 literaturze, j\u0119zykowi i przek\u0142adowi.<\/p>\n","protected":false},"featured_media":17850,"template":"","meta":{"_acf_changed":false},"journal":[],"rodzaj":[7074,7076],"seria":[7775],"product_brand":[],"product_cat":[6924,6926],"product_tag":[7453,7776],"class_list":{"0":"post-46275","1":"product","2":"type-product","3":"status-publish","4":"has-post-thumbnail","6":"rodzaj-ksiazki","7":"rodzaj-serie-wydawnicze","8":"seria-nowe-wyzwania-nowe-horyzonty-czterdziesci-lat-skandynawistyki-gdanskiej","9":"product_cat-jezykoznawstwo","10":"product_cat-przekladoznawstwo","11":"product_tag-hanna-dymel-trzebiatowskahanna-dymel-trzebiatowska","12":"product_tag-maria-sibinska","14":"first","15":"instock","16":"taxable","17":"shipping-taxable","18":"product-type-simple"},"acf":[],"_links":{"self":[{"href":"https:\/\/wydawnictwo.ug.edu.pl\/en\/wp-json\/wp\/v2\/product\/46275","targetHints":{"allow":["GET"]}}],"collection":[{"href":"https:\/\/wydawnictwo.ug.edu.pl\/en\/wp-json\/wp\/v2\/product"}],"about":[{"href":"https:\/\/wydawnictwo.ug.edu.pl\/en\/wp-json\/wp\/v2\/types\/product"}],"wp:featuredmedia":[{"embeddable":true,"href":"https:\/\/wydawnictwo.ug.edu.pl\/en\/wp-json\/wp\/v2\/media\/17850"}],"wp:attachment":[{"href":"https:\/\/wydawnictwo.ug.edu.pl\/en\/wp-json\/wp\/v2\/media?parent=46275"}],"wp:term":[{"taxonomy":"journal","embeddable":true,"href":"https:\/\/wydawnictwo.ug.edu.pl\/en\/wp-json\/wp\/v2\/journal?post=46275"},{"taxonomy":"rodzaj","embeddable":true,"href":"https:\/\/wydawnictwo.ug.edu.pl\/en\/wp-json\/wp\/v2\/rodzaj?post=46275"},{"taxonomy":"seria","embeddable":true,"href":"https:\/\/wydawnictwo.ug.edu.pl\/en\/wp-json\/wp\/v2\/seria?post=46275"},{"taxonomy":"product_brand","embeddable":true,"href":"https:\/\/wydawnictwo.ug.edu.pl\/en\/wp-json\/wp\/v2\/product_brand?post=46275"},{"taxonomy":"product_cat","embeddable":true,"href":"https:\/\/wydawnictwo.ug.edu.pl\/en\/wp-json\/wp\/v2\/product_cat?post=46275"},{"taxonomy":"product_tag","embeddable":true,"href":"https:\/\/wydawnictwo.ug.edu.pl\/en\/wp-json\/wp\/v2\/product_tag?post=46275"}],"curies":[{"name":"wp","href":"https:\/\/api.w.org\/{rel}","templated":true}]}}