{"id":46270,"date":"2022-02-18T10:34:51","date_gmt":"2022-02-18T10:34:51","guid":{"rendered":"https:\/\/wydawnictwo.ug.edu.pl\/ksiegarnia-online\/uncategorized\/japonia-w-oczach-polakow-panstwo-spoleczenstwo-kultura-tom-2\/"},"modified":"2026-02-11T13:36:04","modified_gmt":"2026-02-11T13:36:04","slug":"japonia-w-oczach-polakow-panstwo-spoleczenstwo-kultura-tom-2","status":"publish","type":"product","link":"https:\/\/wydawnictwo.ug.edu.pl\/en\/ksiegarnia-online\/etnologia-i-antropologia-kulturowa\/japonia-w-oczach-polakow-panstwo-spoleczenstwo-kultura-tom-2\/","title":{"rendered":"Japonia w oczach Polak\u00f3w. Pa\u0144stwo \u2013 spo\u0142ecze\u0144stwo \u2013 kultura, tom 2"},"content":{"rendered":"","protected":false},"excerpt":{"rendered":"<p><strong><a href=\"https:\/\/wydawnictwo.ug.edu.pl\/wp-content\/uploads\/2022\/02\/Japonia-t.-II.pdf\">Dost\u0119p do ksi\u0105\u017cki w wersji elektronicznej.<\/a><\/strong><\/p>\n","protected":false},"featured_media":17881,"template":"","meta":{"_acf_changed":false},"journal":[],"rodzaj":[7077,7076],"seria":[7079],"product_brand":[],"product_cat":[6970],"product_tag":[7773,7413],"class_list":{"0":"post-46270","1":"product","2":"type-product","3":"status-publish","4":"has-post-thumbnail","6":"rodzaj-czasopismo","7":"rodzaj-serie-wydawnicze","8":"seria-biblioteka-studiow-azji-wschodniej","9":"product_cat-etnologia-i-antropologia-kulturowa","10":"product_tag-jozef-arno-wlodarski","11":"product_tag-kamil-zeidlerkamil-zeidler","13":"first","14":"instock","15":"taxable","16":"shipping-taxable","17":"product-type-simple"},"acf":[],"_links":{"self":[{"href":"https:\/\/wydawnictwo.ug.edu.pl\/en\/wp-json\/wp\/v2\/product\/46270","targetHints":{"allow":["GET"]}}],"collection":[{"href":"https:\/\/wydawnictwo.ug.edu.pl\/en\/wp-json\/wp\/v2\/product"}],"about":[{"href":"https:\/\/wydawnictwo.ug.edu.pl\/en\/wp-json\/wp\/v2\/types\/product"}],"wp:featuredmedia":[{"embeddable":true,"href":"https:\/\/wydawnictwo.ug.edu.pl\/en\/wp-json\/wp\/v2\/media\/17881"}],"wp:attachment":[{"href":"https:\/\/wydawnictwo.ug.edu.pl\/en\/wp-json\/wp\/v2\/media?parent=46270"}],"wp:term":[{"taxonomy":"journal","embeddable":true,"href":"https:\/\/wydawnictwo.ug.edu.pl\/en\/wp-json\/wp\/v2\/journal?post=46270"},{"taxonomy":"rodzaj","embeddable":true,"href":"https:\/\/wydawnictwo.ug.edu.pl\/en\/wp-json\/wp\/v2\/rodzaj?post=46270"},{"taxonomy":"seria","embeddable":true,"href":"https:\/\/wydawnictwo.ug.edu.pl\/en\/wp-json\/wp\/v2\/seria?post=46270"},{"taxonomy":"product_brand","embeddable":true,"href":"https:\/\/wydawnictwo.ug.edu.pl\/en\/wp-json\/wp\/v2\/product_brand?post=46270"},{"taxonomy":"product_cat","embeddable":true,"href":"https:\/\/wydawnictwo.ug.edu.pl\/en\/wp-json\/wp\/v2\/product_cat?post=46270"},{"taxonomy":"product_tag","embeddable":true,"href":"https:\/\/wydawnictwo.ug.edu.pl\/en\/wp-json\/wp\/v2\/product_tag?post=46270"}],"curies":[{"name":"wp","href":"https:\/\/api.w.org\/{rel}","templated":true}]}}