{"id":46268,"date":"2022-02-18T11:21:22","date_gmt":"2022-02-18T11:21:22","guid":{"rendered":"https:\/\/wydawnictwo.ug.edu.pl\/ksiegarnia-online\/uncategorized\/musica-campanarum-z-dziejow-badan-nad-dawnymi-dzwonami\/"},"modified":"2026-02-11T13:35:57","modified_gmt":"2026-02-11T13:35:57","slug":"musica-campanarum-z-dziejow-badan-nad-dawnymi-dzwonami","status":"publish","type":"product","link":"https:\/\/wydawnictwo.ug.edu.pl\/en\/ksiegarnia-online\/historia\/musica-campanarum-z-dziejow-badan-nad-dawnymi-dzwonami\/","title":{"rendered":"Musica Campanarum. Z dziej\u00f3w bada\u0144 nad dawnymi dzwonami"},"content":{"rendered":"","protected":false},"excerpt":{"rendered":"<p>Ca\u0142o\u015b\u0107 jest cennym, potrzebnym opracowaniem w polskiej kampanologii. Krzysztof Maciej Kowalski, znakomity znawca dzwon\u00f3w oraz innych wyrob\u00f3w dawnego rzemios\u0142a, w swoim stylu, w spos\u00f3b przyst\u0119pny i rzetelny, z uwzgl\u0119dnieniem warsztatu naukowego na najwy\u017cszym poziomie, przybli\u017ca czytelnikowi meandry pomorskich bada\u0144 kampanologicznych. Praca zainteresuje z pewno\u015bci\u0105 wytrawnego badacza, ale \u2013 co wa\u017cne \u2013 tak\u017ce regionalist\u0119 i pasjonata dawnej kultury materialnej, historii ma\u0142ych miejscowo\u015bci czy przesz\u0142o\u015bci r\u00f3\u017cnorodnych zabytk\u00f3w nie tylko na Pomorzu Nadwi\u015bla\u0144skim.<\/p>\n<p style=\"text-align: right;\"><em>Z\u00a0recenzji dr. hab. Marcelego Tureczka, prof. UZ<\/em><\/p>\n","protected":false},"featured_media":17885,"template":"","meta":{"_acf_changed":false},"journal":[],"rodzaj":[7074],"seria":[],"product_brand":[],"product_cat":[6958],"product_tag":[7772],"class_list":{"0":"post-46268","1":"product","2":"type-product","3":"status-publish","4":"has-post-thumbnail","6":"rodzaj-ksiazki","7":"product_cat-historia","8":"product_tag-krzysztof-maciej-kowalskikrzysztof-maciej-kowalski","9":"pa_rok-wydania-2022-en","11":"first","12":"instock","13":"taxable","14":"shipping-taxable","15":"purchasable","16":"product-type-simple"},"acf":[],"_links":{"self":[{"href":"https:\/\/wydawnictwo.ug.edu.pl\/en\/wp-json\/wp\/v2\/product\/46268","targetHints":{"allow":["GET"]}}],"collection":[{"href":"https:\/\/wydawnictwo.ug.edu.pl\/en\/wp-json\/wp\/v2\/product"}],"about":[{"href":"https:\/\/wydawnictwo.ug.edu.pl\/en\/wp-json\/wp\/v2\/types\/product"}],"wp:featuredmedia":[{"embeddable":true,"href":"https:\/\/wydawnictwo.ug.edu.pl\/en\/wp-json\/wp\/v2\/media\/17885"}],"wp:attachment":[{"href":"https:\/\/wydawnictwo.ug.edu.pl\/en\/wp-json\/wp\/v2\/media?parent=46268"}],"wp:term":[{"taxonomy":"journal","embeddable":true,"href":"https:\/\/wydawnictwo.ug.edu.pl\/en\/wp-json\/wp\/v2\/journal?post=46268"},{"taxonomy":"rodzaj","embeddable":true,"href":"https:\/\/wydawnictwo.ug.edu.pl\/en\/wp-json\/wp\/v2\/rodzaj?post=46268"},{"taxonomy":"seria","embeddable":true,"href":"https:\/\/wydawnictwo.ug.edu.pl\/en\/wp-json\/wp\/v2\/seria?post=46268"},{"taxonomy":"product_brand","embeddable":true,"href":"https:\/\/wydawnictwo.ug.edu.pl\/en\/wp-json\/wp\/v2\/product_brand?post=46268"},{"taxonomy":"product_cat","embeddable":true,"href":"https:\/\/wydawnictwo.ug.edu.pl\/en\/wp-json\/wp\/v2\/product_cat?post=46268"},{"taxonomy":"product_tag","embeddable":true,"href":"https:\/\/wydawnictwo.ug.edu.pl\/en\/wp-json\/wp\/v2\/product_tag?post=46268"}],"curies":[{"name":"wp","href":"https:\/\/api.w.org\/{rel}","templated":true}]}}