{"id":46267,"date":"2022-02-20T10:13:24","date_gmt":"2022-02-20T10:13:24","guid":{"rendered":"https:\/\/wydawnictwo.ug.edu.pl\/ksiegarnia-online\/uncategorized\/prawo-cywilne-zobowiazania\/"},"modified":"2026-02-11T13:35:55","modified_gmt":"2026-02-11T13:35:55","slug":"prawo-cywilne-zobowiazania","status":"publish","type":"product","link":"https:\/\/wydawnictwo.ug.edu.pl\/en\/ksiegarnia-online\/prawo-i-administracja\/prawo-cywilne-zobowiazania\/","title":{"rendered":"Prawo cywilne \u2013 zobowi\u0105zania"},"content":{"rendered":"","protected":false},"excerpt":{"rendered":"<p>Publikacja stworzona przez pracownik\u00f3w Katedry Prawa Cywilnego Uniwersytetu Gda\u0144skiego ma s\u0142u\u017cy\u0107 ujednoliceniu kszta\u0142cenia student\u00f3w Uniwersytetu Gda\u0144skiego w zakresie prawa cywilnego. Wspieraj\u0105ca nowoczesn\u0105 koncepcj\u0119 problemowej metody nauczania prawa cywilnego ksi\u0105\u017cka b\u0119dzie narz\u0119dziem przydatnym w procesie nauczania zdalnego, s\u0142u\u017c\u0105c studentom zar\u00f3wno\u00a0do samodzielnego pog\u0142\u0119biania wiedzy, jak i do przygotowania pisemnych wypowiedzi dotycz\u0105cych sposobu rozwi\u0105zania problem\u00f3w prawnych. Podr\u0119cznik u\u0142atwi r\u00f3wnie\u017c powt\u00f3rzenie materia\u0142u podczas przygotowania do egzamin\u00f3w na aplikacje prawnicze.<\/p>\n","protected":false},"featured_media":17835,"template":"","meta":{"_acf_changed":false},"journal":[],"rodzaj":[7074,7330],"seria":[],"product_brand":[],"product_cat":[6932],"product_tag":[7578,7771],"class_list":{"0":"post-46267","1":"product","2":"type-product","3":"status-publish","4":"has-post-thumbnail","6":"rodzaj-ksiazki","7":"rodzaj-schoolbook","8":"product_cat-prawo-i-administracja","9":"product_tag-ewa-baginska","10":"product_tag-paulina-wyszynska-slufinska","11":"pa_rok-wydania-2022-en","13":"first","14":"instock","15":"taxable","16":"shipping-taxable","17":"product-type-simple"},"acf":[],"_links":{"self":[{"href":"https:\/\/wydawnictwo.ug.edu.pl\/en\/wp-json\/wp\/v2\/product\/46267","targetHints":{"allow":["GET"]}}],"collection":[{"href":"https:\/\/wydawnictwo.ug.edu.pl\/en\/wp-json\/wp\/v2\/product"}],"about":[{"href":"https:\/\/wydawnictwo.ug.edu.pl\/en\/wp-json\/wp\/v2\/types\/product"}],"wp:featuredmedia":[{"embeddable":true,"href":"https:\/\/wydawnictwo.ug.edu.pl\/en\/wp-json\/wp\/v2\/media\/17835"}],"wp:attachment":[{"href":"https:\/\/wydawnictwo.ug.edu.pl\/en\/wp-json\/wp\/v2\/media?parent=46267"}],"wp:term":[{"taxonomy":"journal","embeddable":true,"href":"https:\/\/wydawnictwo.ug.edu.pl\/en\/wp-json\/wp\/v2\/journal?post=46267"},{"taxonomy":"rodzaj","embeddable":true,"href":"https:\/\/wydawnictwo.ug.edu.pl\/en\/wp-json\/wp\/v2\/rodzaj?post=46267"},{"taxonomy":"seria","embeddable":true,"href":"https:\/\/wydawnictwo.ug.edu.pl\/en\/wp-json\/wp\/v2\/seria?post=46267"},{"taxonomy":"product_brand","embeddable":true,"href":"https:\/\/wydawnictwo.ug.edu.pl\/en\/wp-json\/wp\/v2\/product_brand?post=46267"},{"taxonomy":"product_cat","embeddable":true,"href":"https:\/\/wydawnictwo.ug.edu.pl\/en\/wp-json\/wp\/v2\/product_cat?post=46267"},{"taxonomy":"product_tag","embeddable":true,"href":"https:\/\/wydawnictwo.ug.edu.pl\/en\/wp-json\/wp\/v2\/product_tag?post=46267"}],"curies":[{"name":"wp","href":"https:\/\/api.w.org\/{rel}","templated":true}]}}