{"id":46265,"date":"2022-02-25T11:59:34","date_gmt":"2022-02-25T11:59:34","guid":{"rendered":"https:\/\/wydawnictwo.ug.edu.pl\/ksiegarnia-online\/uncategorized\/logistyka-miejska-w-swietle-idei-zrownowazonego-rozwoju\/"},"modified":"2026-02-11T13:35:50","modified_gmt":"2026-02-11T13:35:50","slug":"logistyka-miejska-w-swietle-idei-zrownowazonego-rozwoju","status":"publish","type":"product","link":"https:\/\/wydawnictwo.ug.edu.pl\/en\/ksiegarnia-online\/ekonomia\/logistyka-miejska-w-swietle-idei-zrownowazonego-rozwoju\/","title":{"rendered":"Logistyka miejska w \u015bwietle idei zr\u00f3wnowa\u017conego rozwoju"},"content":{"rendered":"","protected":false},"excerpt":{"rendered":"<p>Transport w miastach zajmuje coraz bardziej istotne miejsce w strategicznym projektowaniu mobilno\u015bci w miastach oraz planowaniu zagospodarowania przestrzennego. Transport towar\u00f3w miejskich, tak wa\u017cny dla funkcjonowania miasta i lokalnej gospodarki, powoduje liczne problemy poprzez zwi\u0119kszenie emisji zanieczyszcze\u0144, ha\u0142as, zat\u0142oczenie dr\u00f3g; zwi\u0119ksza r\u00f3wnie\u017c stres mieszka\u0144c\u00f3w i agresj\u0119 kierowc\u00f3w. Dystrybucja towar\u00f3w w mie\u015bcie znacz\u0105co wp\u0142ywa na \u017cycie mieszka\u0144c\u00f3w i na odczucia turyst\u00f3w. Planowanie logistyki miejskiej ma zatem zasadnicze znaczenie dla usprawnienia transportu towar\u00f3w na obszarach miejskich. Aktualno\u015b\u0107 problematyki zwi\u0105zanej z logistyk\u0105 miejsk\u0105 i rosn\u0105ca waga wyzwa\u0144 stoj\u0105cych przed dostawami do miast czyni niniejsz\u0105 monografi\u0119 u\u017cyteczn\u0105 dla tw\u00f3rc\u00f3w polityki transportowej w miastach, os\u00f3b zawodowo zajmuj\u0105cych si\u0119 przystosowaniem przestrzeni miejskiej do koncepcji zr\u00f3wnowa\u017conego rozwoju, a tak\u017ce student\u00f3w kierunk\u00f3w logistycznych.<\/p>\n","protected":false},"featured_media":17896,"template":"","meta":{"_acf_changed":false},"journal":[],"rodzaj":[7074],"seria":[],"product_brand":[],"product_cat":[6934],"product_tag":[7769],"class_list":{"0":"post-46265","1":"product","2":"type-product","3":"status-publish","4":"has-post-thumbnail","6":"rodzaj-ksiazki","7":"product_cat-ekonomia","8":"product_tag-maria-matusiewiczmaria-matusiewicz","9":"pa_rok-wydania-2022-en","11":"first","12":"instock","13":"taxable","14":"shipping-taxable","15":"purchasable","16":"product-type-simple"},"acf":[],"_links":{"self":[{"href":"https:\/\/wydawnictwo.ug.edu.pl\/en\/wp-json\/wp\/v2\/product\/46265","targetHints":{"allow":["GET"]}}],"collection":[{"href":"https:\/\/wydawnictwo.ug.edu.pl\/en\/wp-json\/wp\/v2\/product"}],"about":[{"href":"https:\/\/wydawnictwo.ug.edu.pl\/en\/wp-json\/wp\/v2\/types\/product"}],"wp:featuredmedia":[{"embeddable":true,"href":"https:\/\/wydawnictwo.ug.edu.pl\/en\/wp-json\/wp\/v2\/media\/17896"}],"wp:attachment":[{"href":"https:\/\/wydawnictwo.ug.edu.pl\/en\/wp-json\/wp\/v2\/media?parent=46265"}],"wp:term":[{"taxonomy":"journal","embeddable":true,"href":"https:\/\/wydawnictwo.ug.edu.pl\/en\/wp-json\/wp\/v2\/journal?post=46265"},{"taxonomy":"rodzaj","embeddable":true,"href":"https:\/\/wydawnictwo.ug.edu.pl\/en\/wp-json\/wp\/v2\/rodzaj?post=46265"},{"taxonomy":"seria","embeddable":true,"href":"https:\/\/wydawnictwo.ug.edu.pl\/en\/wp-json\/wp\/v2\/seria?post=46265"},{"taxonomy":"product_brand","embeddable":true,"href":"https:\/\/wydawnictwo.ug.edu.pl\/en\/wp-json\/wp\/v2\/product_brand?post=46265"},{"taxonomy":"product_cat","embeddable":true,"href":"https:\/\/wydawnictwo.ug.edu.pl\/en\/wp-json\/wp\/v2\/product_cat?post=46265"},{"taxonomy":"product_tag","embeddable":true,"href":"https:\/\/wydawnictwo.ug.edu.pl\/en\/wp-json\/wp\/v2\/product_tag?post=46265"}],"curies":[{"name":"wp","href":"https:\/\/api.w.org\/{rel}","templated":true}]}}