{"id":46264,"date":"2022-02-25T12:12:35","date_gmt":"2022-02-25T12:12:35","guid":{"rendered":"https:\/\/wydawnictwo.ug.edu.pl\/ksiegarnia-online\/uncategorized\/zywioly-motyw-ziemi-w-literaturze-kulturze-i-sztuce\/"},"modified":"2026-02-11T13:35:46","modified_gmt":"2026-02-11T13:35:46","slug":"zywioly-motyw-ziemi-w-literaturze-kulturze-i-sztuce","status":"publish","type":"product","link":"https:\/\/wydawnictwo.ug.edu.pl\/en\/ksiegarnia-online\/literaturoznawstwo\/zywioly-motyw-ziemi-w-literaturze-kulturze-i-sztuce\/","title":{"rendered":"\u017bywio\u0142y. Motyw ziemi w literaturze, kulturze i sztuce"},"content":{"rendered":"","protected":false},"excerpt":{"rendered":"<p>Trzeci tom serii \u017bywio\u0142y w literaturze sk\u0142ada si\u0119 z tekst\u00f3w literaturoznawczych, kulturoznawczych i j\u0119zykoznawczych, kt\u00f3rych autorami s\u0105 reprezentanci wielu polskich o\u015brodk\u00f3w naukowych. W niniejszej publikacji naukowcy podejmuj\u0105 problematyk\u0119 wzorc\u00f3w obecno\u015bci motywu ziemi w literaturze (m.in. rosyjskiej, polskiej i skandynawskiej), sztuce pocz\u0105tku XX wieku oraz popkulturze.<\/p>\n","protected":false},"featured_media":17897,"template":"","meta":{"_acf_changed":false},"journal":[],"rodzaj":[7074],"seria":[],"product_brand":[],"product_cat":[6936,6925],"product_tag":[7598,7457,7768],"class_list":{"0":"post-46264","1":"product","2":"type-product","3":"status-publish","4":"has-post-thumbnail","6":"rodzaj-ksiazki","7":"product_cat-historia-sztuki-i-kulturoznawstwo","8":"product_cat-literaturoznawstwo","9":"product_tag-diana-obolenska","10":"product_tag-liliana-kalitaliliana-kalita","11":"product_tag-urszula-patocka-siglowyurszula-patocka-siglowy","13":"first","14":"instock","15":"taxable","16":"shipping-taxable","17":"purchasable","18":"product-type-simple"},"acf":[],"_links":{"self":[{"href":"https:\/\/wydawnictwo.ug.edu.pl\/en\/wp-json\/wp\/v2\/product\/46264","targetHints":{"allow":["GET"]}}],"collection":[{"href":"https:\/\/wydawnictwo.ug.edu.pl\/en\/wp-json\/wp\/v2\/product"}],"about":[{"href":"https:\/\/wydawnictwo.ug.edu.pl\/en\/wp-json\/wp\/v2\/types\/product"}],"wp:featuredmedia":[{"embeddable":true,"href":"https:\/\/wydawnictwo.ug.edu.pl\/en\/wp-json\/wp\/v2\/media\/17897"}],"wp:attachment":[{"href":"https:\/\/wydawnictwo.ug.edu.pl\/en\/wp-json\/wp\/v2\/media?parent=46264"}],"wp:term":[{"taxonomy":"journal","embeddable":true,"href":"https:\/\/wydawnictwo.ug.edu.pl\/en\/wp-json\/wp\/v2\/journal?post=46264"},{"taxonomy":"rodzaj","embeddable":true,"href":"https:\/\/wydawnictwo.ug.edu.pl\/en\/wp-json\/wp\/v2\/rodzaj?post=46264"},{"taxonomy":"seria","embeddable":true,"href":"https:\/\/wydawnictwo.ug.edu.pl\/en\/wp-json\/wp\/v2\/seria?post=46264"},{"taxonomy":"product_brand","embeddable":true,"href":"https:\/\/wydawnictwo.ug.edu.pl\/en\/wp-json\/wp\/v2\/product_brand?post=46264"},{"taxonomy":"product_cat","embeddable":true,"href":"https:\/\/wydawnictwo.ug.edu.pl\/en\/wp-json\/wp\/v2\/product_cat?post=46264"},{"taxonomy":"product_tag","embeddable":true,"href":"https:\/\/wydawnictwo.ug.edu.pl\/en\/wp-json\/wp\/v2\/product_tag?post=46264"}],"curies":[{"name":"wp","href":"https:\/\/api.w.org\/{rel}","templated":true}]}}