{"id":46258,"date":"2022-03-11T10:44:47","date_gmt":"2022-03-11T10:44:47","guid":{"rendered":"https:\/\/wydawnictwo.ug.edu.pl\/ksiegarnia-online\/uncategorized\/kibice-pilkarscy-studium-socjologiczne\/"},"modified":"2026-02-11T13:35:38","modified_gmt":"2026-02-11T13:35:38","slug":"kibice-pilkarscy-studium-socjologiczne","status":"publish","type":"product","link":"https:\/\/wydawnictwo.ug.edu.pl\/en\/ksiegarnia-online\/socjologia\/kibice-pilkarscy-studium-socjologiczne\/","title":{"rendered":"Kibice pi\u0142karscy. Studium socjologiczne"},"content":{"rendered":"","protected":false},"excerpt":{"rendered":"<p>Ksi\u0105\u017cka prezentuje unikalne w skali Polski wielowymiarowe badania pozwalaj\u0105ce zajrze\u0107 w g\u0142\u0105b trudno dost\u0119pnego \u015brodowiska kibic\u00f3w pi\u0142ki no\u017cnej. [\u2026] Bardzo wysoko oceniam warsztat socjologiczny i \u015bwiadomo\u015b\u0107 metodologiczn\u0105 autora, jak r\u00f3wnie\u017c d\u0105\u017cenie do obiektywizacji opisu przedstawianych zjawisk i zachowania neutralno\u015bci badacza w obserwacji i analizie subiektywnych (lub intersubiektywnych) ocen ze strony badanych kibic\u00f3w (z ich zr\u00f3\u017cnicowaniem) oraz os\u00f3b z innych \u015brodowisk, przedstawicieli policji, urz\u0119dnik\u00f3w, dziennikarzy. Jest to szczeg\u00f3lnie cenne w sytuacji widocznego w ca\u0142ej pracy zaanga\u017cowania i wysi\u0142ku autora w przygotowanie, realizacj\u0119 i opis bada\u0144 terenowych.<\/p>\n<p style=\"text-align: right;\"><em>Z recenzji dr. hab. Micha\u0142a Lenartowicza, prof. AWF<\/em><\/p>\n","protected":false},"featured_media":17930,"template":"","meta":{"_acf_changed":false},"journal":[],"rodzaj":[7074],"seria":[],"product_brand":[],"product_cat":[6953],"product_tag":[7767],"class_list":{"0":"post-46258","1":"product","2":"type-product","3":"status-publish","4":"has-post-thumbnail","6":"rodzaj-ksiazki","7":"product_cat-socjologia","8":"product_tag-radoslaw-kossakowskiradoslaw-kossakowski","9":"pa_rok-wydania-2022-en","11":"first","12":"outofstock","13":"taxable","14":"shipping-taxable","15":"purchasable","16":"product-type-simple"},"acf":[],"_links":{"self":[{"href":"https:\/\/wydawnictwo.ug.edu.pl\/en\/wp-json\/wp\/v2\/product\/46258","targetHints":{"allow":["GET"]}}],"collection":[{"href":"https:\/\/wydawnictwo.ug.edu.pl\/en\/wp-json\/wp\/v2\/product"}],"about":[{"href":"https:\/\/wydawnictwo.ug.edu.pl\/en\/wp-json\/wp\/v2\/types\/product"}],"wp:featuredmedia":[{"embeddable":true,"href":"https:\/\/wydawnictwo.ug.edu.pl\/en\/wp-json\/wp\/v2\/media\/17930"}],"wp:attachment":[{"href":"https:\/\/wydawnictwo.ug.edu.pl\/en\/wp-json\/wp\/v2\/media?parent=46258"}],"wp:term":[{"taxonomy":"journal","embeddable":true,"href":"https:\/\/wydawnictwo.ug.edu.pl\/en\/wp-json\/wp\/v2\/journal?post=46258"},{"taxonomy":"rodzaj","embeddable":true,"href":"https:\/\/wydawnictwo.ug.edu.pl\/en\/wp-json\/wp\/v2\/rodzaj?post=46258"},{"taxonomy":"seria","embeddable":true,"href":"https:\/\/wydawnictwo.ug.edu.pl\/en\/wp-json\/wp\/v2\/seria?post=46258"},{"taxonomy":"product_brand","embeddable":true,"href":"https:\/\/wydawnictwo.ug.edu.pl\/en\/wp-json\/wp\/v2\/product_brand?post=46258"},{"taxonomy":"product_cat","embeddable":true,"href":"https:\/\/wydawnictwo.ug.edu.pl\/en\/wp-json\/wp\/v2\/product_cat?post=46258"},{"taxonomy":"product_tag","embeddable":true,"href":"https:\/\/wydawnictwo.ug.edu.pl\/en\/wp-json\/wp\/v2\/product_tag?post=46258"}],"curies":[{"name":"wp","href":"https:\/\/api.w.org\/{rel}","templated":true}]}}