{"id":46257,"date":"2022-03-15T12:45:24","date_gmt":"2022-03-15T12:45:24","guid":{"rendered":"https:\/\/wydawnictwo.ug.edu.pl\/ksiegarnia-online\/uncategorized\/nowoczesny-system-transportowy-jako-czynnik-rozwoju-regionow-w-polsce\/"},"modified":"2026-02-11T13:35:35","modified_gmt":"2026-02-11T13:35:35","slug":"nowoczesny-system-transportowy-jako-czynnik-rozwoju-regionow-w-polsce","status":"publish","type":"product","link":"https:\/\/wydawnictwo.ug.edu.pl\/en\/ksiegarnia-online\/ekonomia\/nowoczesny-system-transportowy-jako-czynnik-rozwoju-regionow-w-polsce\/","title":{"rendered":"Nowoczesny system transportowy jako czynnik rozwoju region\u00f3w w Polsce"},"content":{"rendered":"","protected":false},"excerpt":{"rendered":"<p>W ksi\u0105\u017cce poddano weryfikacji znaczenie modernizacji systemu transportowego dla rozwoju region\u00f3w w Polsce w warunkach wsp\u00f3\u0142czesnej gospodarki. Wp\u0142yw zmian w systemie transportowym na rozw\u00f3j region\u00f3w zale\u017cy od specy\ufb01ki ka\u017cdego kraju, tj. wyj\u015bciowego stanu infrastruktury, ukierunkowania inwestycji do\ufb01nansowywanych z funduszy unijnych, wyst\u0119puj\u0105cych problem\u00f3w spo\u0142eczno-gospodarczych oraz luki rozwojowej w stosunku do bardziej rozwini\u0119tych kraj\u00f3w UE. Po wej\u015bciu do Unii Europejskiej zwi\u0119kszy\u0142a si\u0119 dynamika rozwoju region\u00f3w w Polsce, a realizacja wielu projekt\u00f3w inwestycyjnych w obr\u0119bie systemu transportowego i poprawa obs\u0142ugi transportowej stwarza mo\u017cliwo\u015bci zbadania zale\u017cno\u015bci mi\u0119dzy tymi procesami. Wp\u0142yw transportu na rozw\u00f3j region\u00f3w trzeba traktowa\u0107 szerzej ni\u017c tylko przez pryzmat rozwoju infrastruktury \ufb01zycznej. Innowacyjne i skuteczne sposoby, w jaki dzia\u0142alno\u015b\u0107 transportowa odpowiada na wyzwania zintegrowanych, bardzo szybko zmieniaj\u0105cych si\u0119 system\u00f3w produkcji i konsumpcji, powinny sk\u0142oni\u0107 do ujmowania w analizach r\u00f3wnie\u017c pozosta\u0142ych element\u00f3w systemu transportowego. Postulat ten mo\u017ce by\u0107 w pewnym stopniu spe\u0142niony przez w\u0142\u0105czenie do czynnik\u00f3w rozwoju dost\u0119pno\u015bci transportowej, kt\u00f3ra uwzgl\u0119dnia zar\u00f3wno wyposa\u017cenie infrastrukturalne, ofert\u0119 podmiot\u00f3w \u015bwiadcz\u0105cych us\u0142ugi transportowe (lub szerzej \u2013 logistyczne), jak i mo\u017cliwo\u015bci stworzone przez system transportowy przedsi\u0119biorstwom i ludno\u015bci.<\/p>\n","protected":false},"featured_media":17942,"template":"","meta":{"_acf_changed":false},"journal":[],"rodzaj":[],"seria":[],"product_brand":[],"product_cat":[266],"product_tag":[1133],"class_list":{"0":"post-46257","1":"product","2":"type-product","3":"status-publish","4":"has-post-thumbnail","6":"product_cat-ekonomia","7":"product_tag-aleksandra-kozlak","9":"first","10":"instock","11":"taxable","12":"shipping-taxable","13":"product-type-simple"},"acf":[],"_links":{"self":[{"href":"https:\/\/wydawnictwo.ug.edu.pl\/en\/wp-json\/wp\/v2\/product\/46257","targetHints":{"allow":["GET"]}}],"collection":[{"href":"https:\/\/wydawnictwo.ug.edu.pl\/en\/wp-json\/wp\/v2\/product"}],"about":[{"href":"https:\/\/wydawnictwo.ug.edu.pl\/en\/wp-json\/wp\/v2\/types\/product"}],"wp:featuredmedia":[{"embeddable":true,"href":"https:\/\/wydawnictwo.ug.edu.pl\/en\/wp-json\/wp\/v2\/media\/17942"}],"wp:attachment":[{"href":"https:\/\/wydawnictwo.ug.edu.pl\/en\/wp-json\/wp\/v2\/media?parent=46257"}],"wp:term":[{"taxonomy":"journal","embeddable":true,"href":"https:\/\/wydawnictwo.ug.edu.pl\/en\/wp-json\/wp\/v2\/journal?post=46257"},{"taxonomy":"rodzaj","embeddable":true,"href":"https:\/\/wydawnictwo.ug.edu.pl\/en\/wp-json\/wp\/v2\/rodzaj?post=46257"},{"taxonomy":"seria","embeddable":true,"href":"https:\/\/wydawnictwo.ug.edu.pl\/en\/wp-json\/wp\/v2\/seria?post=46257"},{"taxonomy":"product_brand","embeddable":true,"href":"https:\/\/wydawnictwo.ug.edu.pl\/en\/wp-json\/wp\/v2\/product_brand?post=46257"},{"taxonomy":"product_cat","embeddable":true,"href":"https:\/\/wydawnictwo.ug.edu.pl\/en\/wp-json\/wp\/v2\/product_cat?post=46257"},{"taxonomy":"product_tag","embeddable":true,"href":"https:\/\/wydawnictwo.ug.edu.pl\/en\/wp-json\/wp\/v2\/product_tag?post=46257"}],"curies":[{"name":"wp","href":"https:\/\/api.w.org\/{rel}","templated":true}]}}