{"id":46255,"date":"2022-05-20T11:08:03","date_gmt":"2022-05-20T11:08:03","guid":{"rendered":"https:\/\/wydawnictwo.ug.edu.pl\/ksiegarnia-online\/uncategorized\/gorycz-zwyciestwa-los-polskich-sil-zbrojnych-na-zachodzie-po-ii-wojnie-swiatowej-1945-1949\/"},"modified":"2026-02-11T13:33:21","modified_gmt":"2026-02-11T13:33:21","slug":"gorycz-zwyciestwa-los-polskich-sil-zbrojnych-na-zachodzie-po-ii-wojnie-swiatowej-1945-1949","status":"publish","type":"product","link":"https:\/\/wydawnictwo.ug.edu.pl\/en\/ksiegarnia-online\/historia\/gorycz-zwyciestwa-los-polskich-sil-zbrojnych-na-zachodzie-po-ii-wojnie-swiatowej-1945-1949\/","title":{"rendered":"Gorycz zwyci\u0119stwa. Los Polskich Si\u0142 Zbrojnych na Zachodzie po II wojnie \u015bwiatowej 1945-1949"},"content":{"rendered":"","protected":false},"excerpt":{"rendered":"<p>Ksi\u0105\u017cka Mieczys\u0142awa Nurka\u00a0<em>Gorycz zwyci\u0119stwa. Los Polskich Si\u0142 Zbrojnych na Zachodzie po II wojnie \u015bwiatowej, 1945\u20131949<\/em> by\u0142a nominowana do nagr\u00f3d i zosta\u0142a nagrodzona w presti\u017cowych konkursach og\u00f3lnopolskich: Nagroda im. Jana D\u0142ugosza (2010); Nagroda Ksi\u0105\u017cka Historyczna Roku im. Oskara Haleckiego w kategorii najlepsza ksi\u0105\u017cka naukowa opisuj\u0105ca losy Polski i Polak\u00f3w w okresie XX wieku (2010); Nagroda Historyczna im. Kazimierza Moczarskiego (2010) oraz nominacj\u0119 do Nagrody Tygodnika \u201ePolityka\u201d.<\/p>\n","protected":false},"featured_media":19318,"template":"","meta":{"_acf_changed":false},"journal":[],"rodzaj":[],"seria":[],"product_brand":[],"product_cat":[6958],"product_tag":[7766],"class_list":{"0":"post-46255","1":"product","2":"type-product","3":"status-publish","4":"has-post-thumbnail","6":"product_cat-historia","7":"product_tag-mieczyslaw-nurek","8":"pa_rok-wydania-2018-en","10":"first","11":"instock","12":"taxable","13":"shipping-taxable","14":"purchasable","15":"product-type-simple"},"acf":[],"_links":{"self":[{"href":"https:\/\/wydawnictwo.ug.edu.pl\/en\/wp-json\/wp\/v2\/product\/46255","targetHints":{"allow":["GET"]}}],"collection":[{"href":"https:\/\/wydawnictwo.ug.edu.pl\/en\/wp-json\/wp\/v2\/product"}],"about":[{"href":"https:\/\/wydawnictwo.ug.edu.pl\/en\/wp-json\/wp\/v2\/types\/product"}],"wp:featuredmedia":[{"embeddable":true,"href":"https:\/\/wydawnictwo.ug.edu.pl\/en\/wp-json\/wp\/v2\/media\/19318"}],"wp:attachment":[{"href":"https:\/\/wydawnictwo.ug.edu.pl\/en\/wp-json\/wp\/v2\/media?parent=46255"}],"wp:term":[{"taxonomy":"journal","embeddable":true,"href":"https:\/\/wydawnictwo.ug.edu.pl\/en\/wp-json\/wp\/v2\/journal?post=46255"},{"taxonomy":"rodzaj","embeddable":true,"href":"https:\/\/wydawnictwo.ug.edu.pl\/en\/wp-json\/wp\/v2\/rodzaj?post=46255"},{"taxonomy":"seria","embeddable":true,"href":"https:\/\/wydawnictwo.ug.edu.pl\/en\/wp-json\/wp\/v2\/seria?post=46255"},{"taxonomy":"product_brand","embeddable":true,"href":"https:\/\/wydawnictwo.ug.edu.pl\/en\/wp-json\/wp\/v2\/product_brand?post=46255"},{"taxonomy":"product_cat","embeddable":true,"href":"https:\/\/wydawnictwo.ug.edu.pl\/en\/wp-json\/wp\/v2\/product_cat?post=46255"},{"taxonomy":"product_tag","embeddable":true,"href":"https:\/\/wydawnictwo.ug.edu.pl\/en\/wp-json\/wp\/v2\/product_tag?post=46255"}],"curies":[{"name":"wp","href":"https:\/\/api.w.org\/{rel}","templated":true}]}}