{"id":46254,"date":"2022-05-30T10:50:11","date_gmt":"2022-05-30T10:50:11","guid":{"rendered":"https:\/\/wydawnictwo.ug.edu.pl\/ksiegarnia-online\/uncategorized\/dwuznacznosc-niewygody-i-dobrodziejstwa-opozycji-nieczystych\/"},"modified":"2026-02-11T13:33:18","modified_gmt":"2026-02-11T13:33:18","slug":"dwuznacznosc-niewygody-i-dobrodziejstwa-opozycji-nieczystych","status":"publish","type":"product","link":"https:\/\/wydawnictwo.ug.edu.pl\/en\/ksiegarnia-online\/literaturoznawstwo\/dwuznacznosc-niewygody-i-dobrodziejstwa-opozycji-nieczystych\/","title":{"rendered":"Dwuznaczno\u015b\u0107. Niewygody i dobrodziejstwa opozycji nieczystych"},"content":{"rendered":"","protected":false},"excerpt":{"rendered":"<p>Dwuznaczno\u015b\u0107, kt\u00f3rej przygl\u0105dam si\u0119 w ksi\u0105\u017cce, wykre\u015bla perspektyw\u0119 opozycji, ale opozycji nieczystej, zawieraj\u0105cej jaki\u015b rodzaj wiedzy niechcianej, spychanej w niebyt. Tak rozumiana dwuznaczno\u015b\u0107 wymusza prawd\u0119, z kt\u00f3r\u0105 trudno si\u0119 zgodzi\u0107, poniewa\u017c wszystko w nas przeciwko niej si\u0119 buntuje. A jednak do\u015bwiadczenie dwuznaczno\u015bci zdaje si\u0119 by\u0107 niemo\u017cliwe do omini\u0119cia w ludzkim \u017cyciu.<\/p>\n<p>W niniejszej monografii owe do\u015bwiadczenia s\u0105 intensyfikowane dzi\u0119ki miejscom (Odessa Mickiewicza, Grodno Na\u0142kowskiej, Europa \u015arodkowa Andruchowycza i Stasiuka), ale te\u017c dzi\u0119ki pozbawionym topograficznych wyznacznik\u00f3w marzeniom o pi\u0119knie, doskona\u0142o\u015bci, szcz\u0119\u015bciu, jak r\u00f3wnie\u017c\u00a0obawom przed chaosem, niesp\u00f3jno\u015bci\u0105, cierpieniem i \u015bmierci\u0105. Prezentuje si\u0119 je z jeden strony przez utwory literackie, a z\u00a0drugiej \u2014 przez\u00a0problemy zwi\u0105zane z recepcj\u0105 literatury w edukacji polonistycznej i skutki ograniczania wymowy poddawanych uwadze tekst\u00f3w.<\/p>\n","protected":false},"featured_media":19559,"template":"","meta":{"_acf_changed":false},"journal":[],"rodzaj":[7074],"seria":[],"product_brand":[],"product_cat":[6925],"product_tag":[7589],"class_list":{"0":"post-46254","1":"product","2":"type-product","3":"status-publish","4":"has-post-thumbnail","6":"rodzaj-ksiazki","7":"product_cat-literaturoznawstwo","8":"product_tag-grazyna-b-tomaszewskagrazyna-b-tomaszewska","9":"pa_rok-wydania-2022-en","11":"first","12":"instock","13":"taxable","14":"shipping-taxable","15":"purchasable","16":"product-type-simple"},"acf":[],"_links":{"self":[{"href":"https:\/\/wydawnictwo.ug.edu.pl\/en\/wp-json\/wp\/v2\/product\/46254","targetHints":{"allow":["GET"]}}],"collection":[{"href":"https:\/\/wydawnictwo.ug.edu.pl\/en\/wp-json\/wp\/v2\/product"}],"about":[{"href":"https:\/\/wydawnictwo.ug.edu.pl\/en\/wp-json\/wp\/v2\/types\/product"}],"wp:featuredmedia":[{"embeddable":true,"href":"https:\/\/wydawnictwo.ug.edu.pl\/en\/wp-json\/wp\/v2\/media\/19559"}],"wp:attachment":[{"href":"https:\/\/wydawnictwo.ug.edu.pl\/en\/wp-json\/wp\/v2\/media?parent=46254"}],"wp:term":[{"taxonomy":"journal","embeddable":true,"href":"https:\/\/wydawnictwo.ug.edu.pl\/en\/wp-json\/wp\/v2\/journal?post=46254"},{"taxonomy":"rodzaj","embeddable":true,"href":"https:\/\/wydawnictwo.ug.edu.pl\/en\/wp-json\/wp\/v2\/rodzaj?post=46254"},{"taxonomy":"seria","embeddable":true,"href":"https:\/\/wydawnictwo.ug.edu.pl\/en\/wp-json\/wp\/v2\/seria?post=46254"},{"taxonomy":"product_brand","embeddable":true,"href":"https:\/\/wydawnictwo.ug.edu.pl\/en\/wp-json\/wp\/v2\/product_brand?post=46254"},{"taxonomy":"product_cat","embeddable":true,"href":"https:\/\/wydawnictwo.ug.edu.pl\/en\/wp-json\/wp\/v2\/product_cat?post=46254"},{"taxonomy":"product_tag","embeddable":true,"href":"https:\/\/wydawnictwo.ug.edu.pl\/en\/wp-json\/wp\/v2\/product_tag?post=46254"}],"curies":[{"name":"wp","href":"https:\/\/api.w.org\/{rel}","templated":true}]}}