{"id":46253,"date":"2022-05-30T12:13:09","date_gmt":"2022-05-30T12:13:09","guid":{"rendered":"https:\/\/wydawnictwo.ug.edu.pl\/ksiegarnia-online\/uncategorized\/miedzy-niebem-a-ziemia\/"},"modified":"2026-02-11T13:33:15","modified_gmt":"2026-02-11T13:33:15","slug":"miedzy-niebem-a-ziemia","status":"publish","type":"product","link":"https:\/\/wydawnictwo.ug.edu.pl\/en\/ksiegarnia-online\/literatura-piekna\/miedzy-niebem-a-ziemia\/","title":{"rendered":"Mi\u0119dzy niebem a ziemi\u0105"},"content":{"rendered":"","protected":false},"excerpt":{"rendered":"<p>Ksi\u0105\u017ceczka Mi\u0119dzy niebem a ziemi\u0105 stanowi wyb\u00f3r fragment\u00f3w z trzech ksi\u0105\u017cek prozatorskich Jerzego Limona: debiutanckiej M\u00fcnchhauseniady (1980), Wieloryba (1998) i Koncertu Wielkiej Nied\u017awiedzicy (1999). Wszystkie te fragmenty, poza drobnymi korektami edytorskimi o charakterze technicznym, zosta\u0142y przedrukowane bez zmian. S\u0105 one darem Pani Justyny Limon oraz Wydawnictwa Uniwersytetu Gda\u0144skiego dla uczestnik\u00f3w konferencji odbywaj\u0105cej si\u0119 w Gda\u0144skim Teatrze Szekspirowskim, kt\u00f3rej celem jest upami\u0119tnienie Profesora Jerzego Limona, a tak\u017ce dla os\u00f3b zaanga\u017cowanych w wydarzenia z cyklu \u201eJerzy Limon: Inspiracja \u2013 Dialog \u2013 Polemika\u201d, organizowane wsp\u00f3lnie przez Fundacj\u0119 Theatrum Gedanense, Gda\u0144ski Teatr Szekspirowski i Uniwersytet Gda\u0144ski w dniach 24\u201329 maja 2022 r. Ksi\u0105\u017ceczka, tytu\u0142em nawi\u0105zuj\u0105ca do ksi\u0105\u017cki J. Limona Mi\u0119dzy niebem a scen\u0105, ma przypomnie\u0107 o pisarskim dorobku wybitnego humanisty, kt\u00f3ry nie tylko pisa\u0142 o literaturze epoki el\u017cbieta\u0144skiej, lecz tak\u017ce czasem przenosi\u0142 si\u0119 do \u015bwiata pi\u0119knych ba\u015bni, mit\u00f3w i historii, do \u015bwiata, w kt\u00f3rym sam dorasta\u0142 i na kt\u00f3ry nawet po wielu latach potrafi\u0142 wci\u0105\u017c spojrze\u0107 oczami dziecka, ch\u0142opca z ulicy Bieruta w Sopocie.<\/p>\n<p><em>Joanna Kamie\u0144<\/em><\/p>\n","protected":false},"featured_media":19570,"template":"","meta":{"_acf_changed":false},"journal":[],"rodzaj":[7074],"seria":[],"product_brand":[],"product_cat":[6979],"product_tag":[7632,7417,7765],"class_list":{"0":"post-46253","1":"product","2":"type-product","3":"status-publish","4":"has-post-thumbnail","6":"rodzaj-ksiazki","7":"product_cat-literatura-piekna","8":"product_tag-jerzy-limonjerzy-limon","9":"product_tag-joanna-kamienjoanna-kamien","10":"product_tag-justyna-limon","11":"pa_rok-wydania-2022-en","13":"first","14":"instock","15":"taxable","16":"shipping-taxable","17":"purchasable","18":"product-type-simple"},"acf":[],"_links":{"self":[{"href":"https:\/\/wydawnictwo.ug.edu.pl\/en\/wp-json\/wp\/v2\/product\/46253","targetHints":{"allow":["GET"]}}],"collection":[{"href":"https:\/\/wydawnictwo.ug.edu.pl\/en\/wp-json\/wp\/v2\/product"}],"about":[{"href":"https:\/\/wydawnictwo.ug.edu.pl\/en\/wp-json\/wp\/v2\/types\/product"}],"wp:featuredmedia":[{"embeddable":true,"href":"https:\/\/wydawnictwo.ug.edu.pl\/en\/wp-json\/wp\/v2\/media\/19570"}],"wp:attachment":[{"href":"https:\/\/wydawnictwo.ug.edu.pl\/en\/wp-json\/wp\/v2\/media?parent=46253"}],"wp:term":[{"taxonomy":"journal","embeddable":true,"href":"https:\/\/wydawnictwo.ug.edu.pl\/en\/wp-json\/wp\/v2\/journal?post=46253"},{"taxonomy":"rodzaj","embeddable":true,"href":"https:\/\/wydawnictwo.ug.edu.pl\/en\/wp-json\/wp\/v2\/rodzaj?post=46253"},{"taxonomy":"seria","embeddable":true,"href":"https:\/\/wydawnictwo.ug.edu.pl\/en\/wp-json\/wp\/v2\/seria?post=46253"},{"taxonomy":"product_brand","embeddable":true,"href":"https:\/\/wydawnictwo.ug.edu.pl\/en\/wp-json\/wp\/v2\/product_brand?post=46253"},{"taxonomy":"product_cat","embeddable":true,"href":"https:\/\/wydawnictwo.ug.edu.pl\/en\/wp-json\/wp\/v2\/product_cat?post=46253"},{"taxonomy":"product_tag","embeddable":true,"href":"https:\/\/wydawnictwo.ug.edu.pl\/en\/wp-json\/wp\/v2\/product_tag?post=46253"}],"curies":[{"name":"wp","href":"https:\/\/api.w.org\/{rel}","templated":true}]}}