{"id":46251,"date":"2022-06-02T07:53:26","date_gmt":"2022-06-02T07:53:26","guid":{"rendered":"https:\/\/wydawnictwo.ug.edu.pl\/ksiegarnia-online\/uncategorized\/co-nas-smieszy-dowcip-jezykowy-w-polskim-kabarecie-xxi-wieku\/"},"modified":"2026-02-11T13:33:11","modified_gmt":"2026-02-11T13:33:11","slug":"co-nas-smieszy-dowcip-jezykowy-w-polskim-kabarecie-xxi-wieku","status":"publish","type":"product","link":"https:\/\/wydawnictwo.ug.edu.pl\/en\/ksiegarnia-online\/jezykoznawstwo\/co-nas-smieszy-dowcip-jezykowy-w-polskim-kabarecie-xxi-wieku\/","title":{"rendered":"Co nas \u015bmieszy. Dowcip j\u0119zykowy w polskim kabarecie XXI wieku"},"content":{"rendered":"","protected":false},"excerpt":{"rendered":"<p>Efektem refleksji metodologicznej jest wypracowanie rozumienia podstawowych poj\u0119\u0107. Humor (za Januszem Sikorskim) zosta\u0142 zdefiniowany jako kulturowa wra\u017cliwo\u015b\u0107 na potencja\u0142 i przejawy \u015bmieszno\u015bci. \u015amieszno\u015b\u0107 to kategoria psychologiczna przynale\u017cna odbiorcy, b\u0119d\u0105ca zdolno\u015bci\u0105 do odczuwania zjawisk jako humorystyczne. Komizm z kolei jest poj\u0119ciem nadrz\u0119dnym, opisuj\u0105cym zjawiska powoduj\u0105ce mimowolny \u015bmiech b\u0105d\u017a poznawcz\u0105 satysfakcj\u0119 wywo\u0142uj\u0105c\u0105 odczucia zawieraj\u0105ce pozytywny element (dopuszczam wi\u0119c odczucia ambiwalentne). Komizm j\u0119zykowy to og\u00f3\u0142 zabieg\u00f3w zale\u017cnych od kontekstu i zwi\u0105zanych z odbiorem, kt\u00f3rych efekt stanowi \u015bmieszno\u015b\u0107 lub poznawcze zadowolenie. Dowcip jest rozumiany jako gatunek tekstu (zwany potocznie kawa\u0142em). Dowcip j\u0119zykowy natomiast to zabieg tekstowy lub og\u00f3\u0142 zabieg\u00f3w maj\u0105cych wywo\u0142a\u0107 reakcj\u0119 \u015bmieszno\u015bci albo poznawcze zadowolenie. Jest autonomiczny, niezale\u017cny od kontekstu, zwi\u0105zany z nadawc\u0105.<\/p>\n<p style=\"text-align: right;\">Od Autorki<\/p>\n","protected":false},"featured_media":19649,"template":"","meta":{"_acf_changed":false},"journal":[],"rodzaj":[7074],"seria":[],"product_brand":[],"product_cat":[6924],"product_tag":[7762],"class_list":{"0":"post-46251","1":"product","2":"type-product","3":"status-publish","4":"has-post-thumbnail","6":"rodzaj-ksiazki","7":"product_cat-jezykoznawstwo","8":"product_tag-anna-butowska-iwanowska","9":"pa_rok-wydania-2022-en","11":"first","12":"instock","13":"taxable","14":"shipping-taxable","15":"purchasable","16":"product-type-simple"},"acf":[],"_links":{"self":[{"href":"https:\/\/wydawnictwo.ug.edu.pl\/en\/wp-json\/wp\/v2\/product\/46251","targetHints":{"allow":["GET"]}}],"collection":[{"href":"https:\/\/wydawnictwo.ug.edu.pl\/en\/wp-json\/wp\/v2\/product"}],"about":[{"href":"https:\/\/wydawnictwo.ug.edu.pl\/en\/wp-json\/wp\/v2\/types\/product"}],"wp:featuredmedia":[{"embeddable":true,"href":"https:\/\/wydawnictwo.ug.edu.pl\/en\/wp-json\/wp\/v2\/media\/19649"}],"wp:attachment":[{"href":"https:\/\/wydawnictwo.ug.edu.pl\/en\/wp-json\/wp\/v2\/media?parent=46251"}],"wp:term":[{"taxonomy":"journal","embeddable":true,"href":"https:\/\/wydawnictwo.ug.edu.pl\/en\/wp-json\/wp\/v2\/journal?post=46251"},{"taxonomy":"rodzaj","embeddable":true,"href":"https:\/\/wydawnictwo.ug.edu.pl\/en\/wp-json\/wp\/v2\/rodzaj?post=46251"},{"taxonomy":"seria","embeddable":true,"href":"https:\/\/wydawnictwo.ug.edu.pl\/en\/wp-json\/wp\/v2\/seria?post=46251"},{"taxonomy":"product_brand","embeddable":true,"href":"https:\/\/wydawnictwo.ug.edu.pl\/en\/wp-json\/wp\/v2\/product_brand?post=46251"},{"taxonomy":"product_cat","embeddable":true,"href":"https:\/\/wydawnictwo.ug.edu.pl\/en\/wp-json\/wp\/v2\/product_cat?post=46251"},{"taxonomy":"product_tag","embeddable":true,"href":"https:\/\/wydawnictwo.ug.edu.pl\/en\/wp-json\/wp\/v2\/product_tag?post=46251"}],"curies":[{"name":"wp","href":"https:\/\/api.w.org\/{rel}","templated":true}]}}