{"id":46250,"date":"2022-06-13T09:41:59","date_gmt":"2022-06-13T09:41:59","guid":{"rendered":"https:\/\/wydawnictwo.ug.edu.pl\/ksiegarnia-online\/uncategorized\/idee-waclawa-dawidowicza-kierunki-inspiracje-krytyka\/"},"modified":"2026-02-11T13:33:09","modified_gmt":"2026-02-11T13:33:09","slug":"idee-waclawa-dawidowicza-kierunki-inspiracje-krytyka","status":"publish","type":"product","link":"https:\/\/wydawnictwo.ug.edu.pl\/en\/ksiegarnia-online\/prawo-i-administracja\/idee-waclawa-dawidowicza-kierunki-inspiracje-krytyka\/","title":{"rendered":"Idee Wac\u0142awa Dawidowicza. Kierunki \u2013 Inspiracje \u2013 Krytyka"},"content":{"rendered":"","protected":false},"excerpt":{"rendered":"<p>Merytoryczna zawarto\u015b\u0107 publikacji odzwierciedla przedmiotowo szeroki wachlarz naukowych pasji Profesora, kt\u00f3re charakteryzuj\u0105c si\u0119 r\u00f3\u017cnorodno\u015bci\u0105, zawsze jednak dotyka\u0142y w\u0119z\u0142owych problem\u00f3w prawa i administracji. T\u0119 wieloaspektowo\u015b\u0107 wyra\u017ca przyj\u0119ty uk\u0142ad pracy. Jej poszczeg\u00f3lne cz\u0119\u015bci odnosz\u0105 si\u0119 bowiem do tradycyjnie wyodr\u0119bnionych pi\u0119ciu obszar\u00f3w, okre\u015blanych wsp\u00f3lnym mianem nauk prawno-administracyjnych.<\/p>\n<p>Spoiwem dla r\u00f3\u017cnych w swej tematyce metodologii i g\u0142\u0119bi opracowa\u0144 drugiego tomu Gda\u0144skiej Koncepcji Prawa Administracyjnego jest, jak si\u0119 okazuje, ponadczasowa my\u015bl Profesora Dawidowicza, inspiruj\u0105ca do bada\u0144 nad podstawowymi problemami prawa administracyjnego i nadal zachowuj\u0105ca sw\u00f3j donios\u0142y naukowo walor. Dorobek pozostawiony przez Uczonego pobudza te\u017c do weryfikacji i konfrontacji sformu\u0142owanych w nim twierdze\u0144 ze wsp\u00f3\u0142czesnymi uwarunkowaniami prawnymi, spo\u0142ecznymi, gospodarczymi i politycznymi. Wydaje si\u0119, \u017ce r\u00f3wnie skutecznie dorobek ten zach\u0119ca do pod\u0105\u017cania intelektualnymi \u015bcie\u017ckami, kt\u00f3re wytycza\u0142 Profesor Wac\u0142aw Dawidowicz przez po\u0142ow\u0119 XX w., w znacznej mierze nie\u0142atwego dla nauki, w tym nauki prawa administracyjnego.<\/p>\n","protected":false},"featured_media":19760,"template":"","meta":{"_acf_changed":false},"journal":[],"rodzaj":[],"seria":[],"product_brand":[],"product_cat":[6932],"product_tag":[7592,7610],"class_list":{"0":"post-46250","1":"product","2":"type-product","3":"status-publish","4":"has-post-thumbnail","6":"product_cat-prawo-i-administracja","7":"product_tag-mariusz-boguszmariusz-bogusz","8":"product_tag-tomasz-bakowski","10":"first","11":"instock","12":"taxable","13":"shipping-taxable","14":"purchasable","15":"product-type-simple"},"acf":[],"_links":{"self":[{"href":"https:\/\/wydawnictwo.ug.edu.pl\/en\/wp-json\/wp\/v2\/product\/46250","targetHints":{"allow":["GET"]}}],"collection":[{"href":"https:\/\/wydawnictwo.ug.edu.pl\/en\/wp-json\/wp\/v2\/product"}],"about":[{"href":"https:\/\/wydawnictwo.ug.edu.pl\/en\/wp-json\/wp\/v2\/types\/product"}],"wp:featuredmedia":[{"embeddable":true,"href":"https:\/\/wydawnictwo.ug.edu.pl\/en\/wp-json\/wp\/v2\/media\/19760"}],"wp:attachment":[{"href":"https:\/\/wydawnictwo.ug.edu.pl\/en\/wp-json\/wp\/v2\/media?parent=46250"}],"wp:term":[{"taxonomy":"journal","embeddable":true,"href":"https:\/\/wydawnictwo.ug.edu.pl\/en\/wp-json\/wp\/v2\/journal?post=46250"},{"taxonomy":"rodzaj","embeddable":true,"href":"https:\/\/wydawnictwo.ug.edu.pl\/en\/wp-json\/wp\/v2\/rodzaj?post=46250"},{"taxonomy":"seria","embeddable":true,"href":"https:\/\/wydawnictwo.ug.edu.pl\/en\/wp-json\/wp\/v2\/seria?post=46250"},{"taxonomy":"product_brand","embeddable":true,"href":"https:\/\/wydawnictwo.ug.edu.pl\/en\/wp-json\/wp\/v2\/product_brand?post=46250"},{"taxonomy":"product_cat","embeddable":true,"href":"https:\/\/wydawnictwo.ug.edu.pl\/en\/wp-json\/wp\/v2\/product_cat?post=46250"},{"taxonomy":"product_tag","embeddable":true,"href":"https:\/\/wydawnictwo.ug.edu.pl\/en\/wp-json\/wp\/v2\/product_tag?post=46250"}],"curies":[{"name":"wp","href":"https:\/\/api.w.org\/{rel}","templated":true}]}}