{"id":46249,"date":"2022-06-14T08:36:28","date_gmt":"2022-06-14T08:36:28","guid":{"rendered":"https:\/\/wydawnictwo.ug.edu.pl\/ksiegarnia-online\/uncategorized\/wybrane-problemy-zarzadzania-leczeniem-farmakologicznym-osob-starszych\/"},"modified":"2026-02-11T13:33:07","modified_gmt":"2026-02-11T13:33:07","slug":"wybrane-problemy-zarzadzania-leczeniem-farmakologicznym-osob-starszych","status":"publish","type":"product","link":"https:\/\/wydawnictwo.ug.edu.pl\/en\/ksiegarnia-online\/zarzadzanie\/wybrane-problemy-zarzadzania-leczeniem-farmakologicznym-osob-starszych\/","title":{"rendered":"Wybrane problemy zarz\u0105dzania leczeniem farmakologicznym os\u00f3b starszych"},"content":{"rendered":"","protected":false},"excerpt":{"rendered":"<p>Jednym z najwa\u017cniejszych wsp\u00f3\u0142czesnych problem\u00f3w w krajach rozwini\u0119tych w tym w Polsce, jest post\u0119puj\u0105ce starzenie si\u0119 spo\u0142ecze\u0144stw, z czym wi\u0105\u017ce si\u0119 szereg skutk\u00f3w, jakie wywo\u0142uje ono w r\u00f3\u017cnych dziedzinach \u017cycia i funkcjonowania pa\u0144stwa. Nale\u017cy do nich m.in. wzrost poziomu zachorowa\u0144 na schorzenia typowe dla wieku podesz\u0142ego. Cz\u0119sto s\u0105 to wsp\u00f3\u0142istniej\u0105ce ze sob\u0105 choroby przewlek\u0142e, wymagaj\u0105ce przyjmowania przez chorego kilku lek\u00f3w jednocze\u015bnie. To z kolei rodzi ryzyko niepo\u017c\u0105danych interakcji mi\u0119dzy lekami i powstania efektu polipragmazji, czyli sytuacji, w kt\u00f3rej stosowanie wielu lek\u00f3w nie wzmacnia efektu terapeutycznego, lecz zwi\u0119ksza niebezpiecze\u0144stwo polekowych dzia\u0142a\u0144 niepo\u017c\u0105danych.<\/p>\n<p>W monografii\u00a0autorzy \u2014 korzystaj\u0105c\u00a0ze wsp\u00f3\u0142czesnych do\u015bwiadcze\u0144 niemieckich w zakresie zarz\u0105dzania w ochronie\u00a0zdrowia \u2014 przedstawiaj\u0105\u00a0oryginaln\u0105 koncepcj\u0119 wykorzystania informacji ze \u017ar\u00f3de\u0142 wt\u00f3rnych, gromadzonych przez jednostki finansuj\u0105ce system publicznej opieki zdrowotnej, do identyfikacji pacjent\u00f3w o podwy\u017cszonym ryzyku wyst\u0105pienia negatywnych konsekwencji\u00a0<span class=\"hiddenSpellError\">wielolekowo\u015bci<\/span>. Zakres analizy przedstawionej w ksi\u0105\u017cce obejmuje zidentyfikowanie zjawiska polipragmazji i prognoz\u0119 ryzyka jej wyst\u0105pienia u pacjent\u00f3w o okre\u015blonych charakterystykach.<\/p>\n<p>&nbsp;<\/p>\n<p><a href=\"https:\/\/wydawnictwo.ug.edu.pl\/wp-content\/uploads\/2022\/10\/Polityka_Spoleczna_nr_8_2022.pdf\">Recenzja<\/a> ksi\u0105\u017cki w czasopi\u015bmie \u201ePolityka Spo\u0142eczna\u201d.<\/p>\n","protected":false},"featured_media":19770,"template":"","meta":{"_acf_changed":false},"journal":[],"rodzaj":[7074],"seria":[],"product_brand":[],"product_cat":[6942],"product_tag":[7761,7612],"class_list":{"0":"post-46249","1":"product","2":"type-product","3":"status-publish","4":"has-post-thumbnail","6":"rodzaj-ksiazki","7":"product_cat-zarzadzanie","8":"product_tag-anna-seiffert","9":"product_tag-miroslaw-szredermiroslaw-szreder","10":"pa_rok-wydania-2022-en","12":"first","13":"instock","14":"taxable","15":"shipping-taxable","16":"purchasable","17":"product-type-simple"},"acf":[],"_links":{"self":[{"href":"https:\/\/wydawnictwo.ug.edu.pl\/en\/wp-json\/wp\/v2\/product\/46249","targetHints":{"allow":["GET"]}}],"collection":[{"href":"https:\/\/wydawnictwo.ug.edu.pl\/en\/wp-json\/wp\/v2\/product"}],"about":[{"href":"https:\/\/wydawnictwo.ug.edu.pl\/en\/wp-json\/wp\/v2\/types\/product"}],"wp:featuredmedia":[{"embeddable":true,"href":"https:\/\/wydawnictwo.ug.edu.pl\/en\/wp-json\/wp\/v2\/media\/19770"}],"wp:attachment":[{"href":"https:\/\/wydawnictwo.ug.edu.pl\/en\/wp-json\/wp\/v2\/media?parent=46249"}],"wp:term":[{"taxonomy":"journal","embeddable":true,"href":"https:\/\/wydawnictwo.ug.edu.pl\/en\/wp-json\/wp\/v2\/journal?post=46249"},{"taxonomy":"rodzaj","embeddable":true,"href":"https:\/\/wydawnictwo.ug.edu.pl\/en\/wp-json\/wp\/v2\/rodzaj?post=46249"},{"taxonomy":"seria","embeddable":true,"href":"https:\/\/wydawnictwo.ug.edu.pl\/en\/wp-json\/wp\/v2\/seria?post=46249"},{"taxonomy":"product_brand","embeddable":true,"href":"https:\/\/wydawnictwo.ug.edu.pl\/en\/wp-json\/wp\/v2\/product_brand?post=46249"},{"taxonomy":"product_cat","embeddable":true,"href":"https:\/\/wydawnictwo.ug.edu.pl\/en\/wp-json\/wp\/v2\/product_cat?post=46249"},{"taxonomy":"product_tag","embeddable":true,"href":"https:\/\/wydawnictwo.ug.edu.pl\/en\/wp-json\/wp\/v2\/product_tag?post=46249"}],"curies":[{"name":"wp","href":"https:\/\/api.w.org\/{rel}","templated":true}]}}