{"id":46248,"date":"2022-06-14T08:57:05","date_gmt":"2022-06-14T08:57:05","guid":{"rendered":"https:\/\/wydawnictwo.ug.edu.pl\/ksiegarnia-online\/uncategorized\/teksty-internetu-internet-tekstu\/"},"modified":"2026-02-11T13:33:06","modified_gmt":"2026-02-11T13:33:06","slug":"teksty-internetu-internet-tekstu","status":"publish","type":"product","link":"https:\/\/wydawnictwo.ug.edu.pl\/en\/ksiegarnia-online\/literaturoznawstwo\/teksty-internetu-internet-tekstu\/","title":{"rendered":"Teksty Internetu \u2014 Internet tekst\u00f3w"},"content":{"rendered":"","protected":false},"excerpt":{"rendered":"<p>W zamy\u015ble <em>Teksty Internetu\u2026<\/em> by\u0142y pr\u00f3b\u0105 przerzucenia mostu (nawet je\u015bli jest to na razie tylko mostek linowy) pomi\u0119dzy oddalaj\u0105cymi si\u0119 od prawie wieku samotnymi wyspami refleksji humanistycznej oraz zakorzenionej w dorobku nauk \u015bcis\u0142ych technologii. M\u0142odzi autorzy starali si\u0119 tu \u2013 z dobrym, mamy nadziej\u0119, skutkiem \u2013 \u0142\u0105czy\u0107 dyskursy, a po cz\u0119\u015bci r\u00f3wnie\u017c metody tego, co w nowej humanistyce \u015bwie\u017ce, \u017cywotne i aktualne, z tym, co zgodnie z modelami nauk \u015bcis\u0142ych i in\u017cynierii aspiruje do trwa\u0142o\u015bci i uniwersalno\u015bci.<\/p>\n<p style=\"text-align: right;\"><em>Z Kr\u00f3tkiego wprowadzenia dr. Macieja Dajnowskiego<\/em><\/p>\n<p>Najwa\u017cniejszym punktem niniejszego zbioru jest Internet \u2013 poj\u0119cie na wskro\u015b transdyscyplinarne, kt\u00f3rego analiza koncentrowa\u0107 si\u0119 mo\u017ce na dziesi\u0105tkach r\u00f3\u017cnych podej\u015b\u0107 skupionych wok\u00f3\u0142 literaturoznawstwa, medioznawstwa, kulturoznawstwa, j\u0119zykoznawstwa. Owa transdyscyplinarno\u015b\u0107 i szeroki kontekst omawianego zjawiska stanowi\u0105 g\u0142\u00f3wn\u0105 o\u015b tematyczn\u0105 zbioru i jednocze\u015bnie jego niepodwa\u017calny walor. Godne uwagi s\u0105 nie tylko tematyka i zasi\u0119g problem\u00f3w, lecz tak\u017ce zastosowane przez Autor\u00f3w metodologie, [\u2026] aktualno\u015b\u0107 podejmowanych [\u2026] zagadnie\u0144 oraz wielokrotnie ju\u017c akcentowana umiej\u0119tno\u015b\u0107 \u0142\u0105czenia r\u00f3\u017cnych przestrzeni badawczych. Mamy wi\u0119c do czynienia nie tylko z wykorzystaniem znanych ju\u017c narz\u0119dzi badawczych, ale i ciekawymi propozycjami wynikaj\u0105cymi z dog\u0142\u0119bnej analizy literatury przedmiotu i transdycyplinarnego podej\u015bcia.<\/p>\n<p style=\"text-align: right;\"><em>Z recenzji dr. hab. Konrada Dominasa, prof. UAM<\/em><\/p>\n","protected":false},"featured_media":19777,"template":"","meta":{"_acf_changed":false},"journal":[],"rodzaj":[7074],"seria":[],"product_brand":[],"product_cat":[6925],"product_tag":[7758,7759,7760],"class_list":{"0":"post-46248","1":"product","2":"type-product","3":"status-publish","4":"has-post-thumbnail","6":"rodzaj-ksiazki","7":"product_cat-literaturoznawstwo","8":"product_tag-karol-rawski","9":"product_tag-maciej-dajnowski","10":"product_tag-michal-bolek","11":"pa_rok-wydania-2022-en","13":"first","14":"instock","15":"taxable","16":"shipping-taxable","17":"purchasable","18":"product-type-simple"},"acf":[],"jetpack_sharing_enabled":true,"_links":{"self":[{"href":"https:\/\/wydawnictwo.ug.edu.pl\/en\/wp-json\/wp\/v2\/product\/46248","targetHints":{"allow":["GET"]}}],"collection":[{"href":"https:\/\/wydawnictwo.ug.edu.pl\/en\/wp-json\/wp\/v2\/product"}],"about":[{"href":"https:\/\/wydawnictwo.ug.edu.pl\/en\/wp-json\/wp\/v2\/types\/product"}],"wp:featuredmedia":[{"embeddable":true,"href":"https:\/\/wydawnictwo.ug.edu.pl\/en\/wp-json\/wp\/v2\/media\/19777"}],"wp:attachment":[{"href":"https:\/\/wydawnictwo.ug.edu.pl\/en\/wp-json\/wp\/v2\/media?parent=46248"}],"wp:term":[{"taxonomy":"journal","embeddable":true,"href":"https:\/\/wydawnictwo.ug.edu.pl\/en\/wp-json\/wp\/v2\/journal?post=46248"},{"taxonomy":"rodzaj","embeddable":true,"href":"https:\/\/wydawnictwo.ug.edu.pl\/en\/wp-json\/wp\/v2\/rodzaj?post=46248"},{"taxonomy":"seria","embeddable":true,"href":"https:\/\/wydawnictwo.ug.edu.pl\/en\/wp-json\/wp\/v2\/seria?post=46248"},{"taxonomy":"product_brand","embeddable":true,"href":"https:\/\/wydawnictwo.ug.edu.pl\/en\/wp-json\/wp\/v2\/product_brand?post=46248"},{"taxonomy":"product_cat","embeddable":true,"href":"https:\/\/wydawnictwo.ug.edu.pl\/en\/wp-json\/wp\/v2\/product_cat?post=46248"},{"taxonomy":"product_tag","embeddable":true,"href":"https:\/\/wydawnictwo.ug.edu.pl\/en\/wp-json\/wp\/v2\/product_tag?post=46248"}],"curies":[{"name":"wp","href":"https:\/\/api.w.org\/{rel}","templated":true}]}}