{"id":46246,"date":"2022-06-26T08:25:06","date_gmt":"2022-06-26T08:25:06","guid":{"rendered":"https:\/\/wydawnictwo.ug.edu.pl\/ksiegarnia-online\/uncategorized\/slowotworstwo-w-systemie-i-w-tekscie\/"},"modified":"2026-02-11T13:24:18","modified_gmt":"2026-02-11T13:24:18","slug":"slowotworstwo-w-systemie-i-w-tekscie","status":"publish","type":"product","link":"https:\/\/wydawnictwo.ug.edu.pl\/en\/ksiegarnia-online\/jezykoznawstwo\/slowotworstwo-w-systemie-i-w-tekscie\/","title":{"rendered":"S\u0142owotw\u00f3rstwo w systemie i w tek\u015bcie"},"content":{"rendered":"","protected":false},"excerpt":{"rendered":"<p>Wok\u00f3\u0142 s\u0142\u00f3w i znacze\u0144 to seria wydawanych od 2005 r. monografii s\u0142owotw\u00f3rczych po\u015bwi\u0119conych pami\u0119ci Profesora Bogus\u0142awa Krei (1931\u20132002), wybitnego badacza j\u0119zyka, znawcy s\u0142owotw\u00f3rstwa polskiego i s\u0142owia\u0144skiego. Na poprzednie monografie sk\u0142ada\u0142y si\u0119 referaty wyg\u0142aszane na konferencjach, kt\u00f3re by\u0142y cyklicznie organizowane przez j\u0119zykoznawc\u00f3w z Instytutu Filologii Polskiej Uniwersytetu Gda\u0144skiego. Inicjatork\u0105 i wsp\u00f3\u0142organizatork\u0105 tych konferencji, a tak\u017ce wsp\u00f3\u0142redaktork\u0105 wszystkich tom\u00f3w s\u0142owotw\u00f3rczych oraz autork\u0105 wielu zamieszczonych w nich tekst\u00f3w by\u0142a uczennica Profesora Krei, pasjonatka s\u0142owotw\u00f3rstwa i jego wielka znawczyni, Profesor Ewa Rogowska-Cybulska, kt\u00f3ra niestety odesz\u0142a od nas w 2019 r. Pragniemy, aby niniejszy dziewi\u0105ty tom serii pt. S\u0142owotw\u00f3rstwo w systemie i w tek\u015bcie by\u0142 ho\u0142dem z\u0142o\u017conym obojgu mistrzom: Profesorowi Bogus\u0142awowi Krei i Profesor Ewie Rogowskiej-Cybulskiej. Wyra\u017caj\u0105c przekonanie, \u017ce najlepszym sposobem kultywowania pami\u0119ci o uczonych jest rozwijanie ich dzie\u0142a, oddajemy do r\u0105k czytelnik\u00f3w monografi\u0119, kt\u00f3ra stanowi miejsce kontynuacji podejmowanych przez nich z pasj\u0105 dyskusji o problemach s\u0142owotw\u00f3rczych.<\/p>\n","protected":false},"featured_media":19818,"template":"","meta":{"_acf_changed":false},"journal":[],"rodzaj":[2602,2604],"seria":[6767],"product_brand":[],"product_cat":[254],"product_tag":[567],"class_list":{"0":"post-46246","1":"product","2":"type-product","3":"status-publish","4":"has-post-thumbnail","6":"rodzaj-ksiazki","7":"rodzaj-serie-wydawnicze","8":"seria-wokol-slow-i-znaczen","9":"product_cat-jezykoznawstwo","10":"product_tag-beata-jedrzejczak","11":"pa_rok-wydania-1179","13":"first","14":"instock","15":"taxable","16":"shipping-taxable","17":"purchasable","18":"product-type-simple"},"acf":[],"_links":{"self":[{"href":"https:\/\/wydawnictwo.ug.edu.pl\/en\/wp-json\/wp\/v2\/product\/46246","targetHints":{"allow":["GET"]}}],"collection":[{"href":"https:\/\/wydawnictwo.ug.edu.pl\/en\/wp-json\/wp\/v2\/product"}],"about":[{"href":"https:\/\/wydawnictwo.ug.edu.pl\/en\/wp-json\/wp\/v2\/types\/product"}],"wp:featuredmedia":[{"embeddable":true,"href":"https:\/\/wydawnictwo.ug.edu.pl\/en\/wp-json\/wp\/v2\/media\/19818"}],"wp:attachment":[{"href":"https:\/\/wydawnictwo.ug.edu.pl\/en\/wp-json\/wp\/v2\/media?parent=46246"}],"wp:term":[{"taxonomy":"journal","embeddable":true,"href":"https:\/\/wydawnictwo.ug.edu.pl\/en\/wp-json\/wp\/v2\/journal?post=46246"},{"taxonomy":"rodzaj","embeddable":true,"href":"https:\/\/wydawnictwo.ug.edu.pl\/en\/wp-json\/wp\/v2\/rodzaj?post=46246"},{"taxonomy":"seria","embeddable":true,"href":"https:\/\/wydawnictwo.ug.edu.pl\/en\/wp-json\/wp\/v2\/seria?post=46246"},{"taxonomy":"product_brand","embeddable":true,"href":"https:\/\/wydawnictwo.ug.edu.pl\/en\/wp-json\/wp\/v2\/product_brand?post=46246"},{"taxonomy":"product_cat","embeddable":true,"href":"https:\/\/wydawnictwo.ug.edu.pl\/en\/wp-json\/wp\/v2\/product_cat?post=46246"},{"taxonomy":"product_tag","embeddable":true,"href":"https:\/\/wydawnictwo.ug.edu.pl\/en\/wp-json\/wp\/v2\/product_tag?post=46246"}],"curies":[{"name":"wp","href":"https:\/\/api.w.org\/{rel}","templated":true}]}}