{"id":46245,"date":"2022-06-27T09:25:46","date_gmt":"2022-06-27T09:25:46","guid":{"rendered":"https:\/\/wydawnictwo.ug.edu.pl\/ksiegarnia-online\/uncategorized\/prawo-karne-procesowe-zarys-instytucji-wyd-v-poprawione\/"},"modified":"2026-02-11T13:24:17","modified_gmt":"2026-02-11T13:24:17","slug":"prawo-karne-procesowe-zarys-instytucji-wyd-v-poprawione","status":"publish","type":"product","link":"https:\/\/wydawnictwo.ug.edu.pl\/en\/ksiegarnia-online\/prawo-i-administracja\/prawo-karne-procesowe-zarys-instytucji-wyd-v-poprawione\/","title":{"rendered":"Prawo karne procesowe. Zarys instytucji. Wyd. V poprawione"},"content":{"rendered":"","protected":false},"excerpt":{"rendered":"<p>Ksi\u0105\u017cka stanowi nowe wydanie ksi\u0105\u017cki <a href=\"https:\/\/wydawnictwo.ug.edu.pl\/produkt\/prawo-karne-procesowe-zarys-instytucji\/\"><em>Prawo karne procesowe. Zarys instytucji<\/em><\/a> Krzysztofa Wo\u017aniaka.<\/p>\n<p>Krzysztof Wo\u017aniewski \u2012 profesor Uniwersytetu Gda\u0144skiego, doktor habilitowany nauk prawnych, kierownik Zak\u0142adu Kryminalistyki i Prawa Dowodowego w Katedrze Prawa Karnego Procesowego i Kryminalistyki na Wydziale Prawa i Administracji UG; autor kilkudziesi\u0119ciu opracowa\u0144 naukowych (w tym monografii) oraz dydaktycznych z zakresu prawa karnego procesowego.<\/p>\n","protected":false},"featured_media":19897,"template":"","meta":{"_acf_changed":false},"journal":[],"rodzaj":[7074],"seria":[],"product_brand":[],"product_cat":[6932],"product_tag":[7754],"class_list":{"0":"post-46245","1":"product","2":"type-product","3":"status-publish","4":"has-post-thumbnail","6":"rodzaj-ksiazki","7":"product_cat-prawo-i-administracja","8":"product_tag-krzysztof-wozniewski","9":"pa_rok-wydania-2022-en","11":"first","12":"instock","13":"taxable","14":"shipping-taxable","15":"purchasable","16":"product-type-simple"},"acf":[],"_links":{"self":[{"href":"https:\/\/wydawnictwo.ug.edu.pl\/en\/wp-json\/wp\/v2\/product\/46245","targetHints":{"allow":["GET"]}}],"collection":[{"href":"https:\/\/wydawnictwo.ug.edu.pl\/en\/wp-json\/wp\/v2\/product"}],"about":[{"href":"https:\/\/wydawnictwo.ug.edu.pl\/en\/wp-json\/wp\/v2\/types\/product"}],"wp:featuredmedia":[{"embeddable":true,"href":"https:\/\/wydawnictwo.ug.edu.pl\/en\/wp-json\/wp\/v2\/media\/19897"}],"wp:attachment":[{"href":"https:\/\/wydawnictwo.ug.edu.pl\/en\/wp-json\/wp\/v2\/media?parent=46245"}],"wp:term":[{"taxonomy":"journal","embeddable":true,"href":"https:\/\/wydawnictwo.ug.edu.pl\/en\/wp-json\/wp\/v2\/journal?post=46245"},{"taxonomy":"rodzaj","embeddable":true,"href":"https:\/\/wydawnictwo.ug.edu.pl\/en\/wp-json\/wp\/v2\/rodzaj?post=46245"},{"taxonomy":"seria","embeddable":true,"href":"https:\/\/wydawnictwo.ug.edu.pl\/en\/wp-json\/wp\/v2\/seria?post=46245"},{"taxonomy":"product_brand","embeddable":true,"href":"https:\/\/wydawnictwo.ug.edu.pl\/en\/wp-json\/wp\/v2\/product_brand?post=46245"},{"taxonomy":"product_cat","embeddable":true,"href":"https:\/\/wydawnictwo.ug.edu.pl\/en\/wp-json\/wp\/v2\/product_cat?post=46245"},{"taxonomy":"product_tag","embeddable":true,"href":"https:\/\/wydawnictwo.ug.edu.pl\/en\/wp-json\/wp\/v2\/product_tag?post=46245"}],"curies":[{"name":"wp","href":"https:\/\/api.w.org\/{rel}","templated":true}]}}