{"id":46237,"date":"2022-08-10T07:36:55","date_gmt":"2022-08-10T07:36:55","guid":{"rendered":"https:\/\/wydawnictwo.ug.edu.pl\/ksiegarnia-online\/uncategorized\/problemy-slowotworcze-dotyczace-rzeczownikow-i-przymiotnikow-na-podstawie-materialu-z-internetowych-poradni-jezykowych\/"},"modified":"2026-02-11T13:23:57","modified_gmt":"2026-02-11T13:23:57","slug":"problemy-slowotworcze-dotyczace-rzeczownikow-i-przymiotnikow-na-podstawie-materialu-z-internetowych-poradni-jezykowych","status":"publish","type":"product","link":"https:\/\/wydawnictwo.ug.edu.pl\/en\/ksiegarnia-online\/jezykoznawstwo\/problemy-slowotworcze-dotyczace-rzeczownikow-i-przymiotnikow-na-podstawie-materialu-z-internetowych-poradni-jezykowych\/","title":{"rendered":"Problemy s\u0142owotw\u00f3rcze dotycz\u0105ce rzeczownik\u00f3w i przymiotnik\u00f3w na podstawie materia\u0142u z internetowych poradni j\u0119zykowych"},"content":{"rendered":"","protected":false},"excerpt":{"rendered":"<p>Zuzanna Kalicka-Karpowicz \u2013 doktor nauk humanistycznych w zakresie j\u0119zykoznawstwa, redaktor naczelna wydawnictwa Harmonia Universalis. Absolwentka filologii polskiej Uniwersytetu Warszawskiego, filologii rosyjskiej<br \/>\ni Filologicznych Studi\u00f3w Doktoranckich Uniwersytetu Gda\u0144skiego, a tak\u017ce studi\u00f3w podyplomowych z zakresu t\u0142umacze\u0144 specjalistycznych oraz prawa w\u0142asno\u015bci intelektualnej. Za prac\u0119 <em>Problemy s\u0142owotw\u00f3rcze dotycz\u0105ce rzeczownik\u00f3w i przymiotnik\u00f3w na podstawie materia\u0142u z internetowych poradni j\u0119zykowych<\/em> zosta\u0142a laureatk\u0105 Konkursu Prorektora ds. Bada\u0144 Naukowych Uniwersytetu Gda\u0144skiego na dofinansowanie wydania wyr\u00f3\u017cniaj\u0105cych si\u0119 prac doktorskich w Wydawnictwie Uniwersytetu Gda\u0144skiego, kt\u00f3ry jest wy razem wsparcia m\u0142odych naukowc\u00f3w oraz nowo wypromowanych doktor\u00f3w<\/p>\n","protected":false},"featured_media":20822,"template":"","meta":{"_acf_changed":false},"journal":[],"rodzaj":[7074],"seria":[],"product_brand":[],"product_cat":[6924],"product_tag":[7745],"class_list":{"0":"post-46237","1":"product","2":"type-product","3":"status-publish","4":"has-post-thumbnail","6":"rodzaj-ksiazki","7":"product_cat-jezykoznawstwo","8":"product_tag-zuzanna-kalicka-karpowiczzuzanna-kalicka-karpowicz","10":"first","11":"instock","12":"taxable","13":"shipping-taxable","14":"purchasable","15":"product-type-simple"},"acf":[],"_links":{"self":[{"href":"https:\/\/wydawnictwo.ug.edu.pl\/en\/wp-json\/wp\/v2\/product\/46237","targetHints":{"allow":["GET"]}}],"collection":[{"href":"https:\/\/wydawnictwo.ug.edu.pl\/en\/wp-json\/wp\/v2\/product"}],"about":[{"href":"https:\/\/wydawnictwo.ug.edu.pl\/en\/wp-json\/wp\/v2\/types\/product"}],"wp:featuredmedia":[{"embeddable":true,"href":"https:\/\/wydawnictwo.ug.edu.pl\/en\/wp-json\/wp\/v2\/media\/20822"}],"wp:attachment":[{"href":"https:\/\/wydawnictwo.ug.edu.pl\/en\/wp-json\/wp\/v2\/media?parent=46237"}],"wp:term":[{"taxonomy":"journal","embeddable":true,"href":"https:\/\/wydawnictwo.ug.edu.pl\/en\/wp-json\/wp\/v2\/journal?post=46237"},{"taxonomy":"rodzaj","embeddable":true,"href":"https:\/\/wydawnictwo.ug.edu.pl\/en\/wp-json\/wp\/v2\/rodzaj?post=46237"},{"taxonomy":"seria","embeddable":true,"href":"https:\/\/wydawnictwo.ug.edu.pl\/en\/wp-json\/wp\/v2\/seria?post=46237"},{"taxonomy":"product_brand","embeddable":true,"href":"https:\/\/wydawnictwo.ug.edu.pl\/en\/wp-json\/wp\/v2\/product_brand?post=46237"},{"taxonomy":"product_cat","embeddable":true,"href":"https:\/\/wydawnictwo.ug.edu.pl\/en\/wp-json\/wp\/v2\/product_cat?post=46237"},{"taxonomy":"product_tag","embeddable":true,"href":"https:\/\/wydawnictwo.ug.edu.pl\/en\/wp-json\/wp\/v2\/product_tag?post=46237"}],"curies":[{"name":"wp","href":"https:\/\/api.w.org\/{rel}","templated":true}]}}