{"id":46235,"date":"2022-08-17T11:37:25","date_gmt":"2022-08-17T11:37:25","guid":{"rendered":"https:\/\/wydawnictwo.ug.edu.pl\/ksiegarnia-online\/uncategorized\/wstep-do-matematyki\/"},"modified":"2026-02-11T13:23:50","modified_gmt":"2026-02-11T13:23:50","slug":"wstep-do-matematyki","status":"publish","type":"product","link":"https:\/\/wydawnictwo.ug.edu.pl\/en\/ksiegarnia-online\/matematyka-i-informatyka\/wstep-do-matematyki\/","title":{"rendered":"Wst\u0119p do matematyki"},"content":{"rendered":"","protected":false},"excerpt":{"rendered":"<p>Jest to najnowsza wersja wyk\u0142ad\u00f3w i \u0107wicze\u0144 dla student\u00f3w pierwszego semestru matematyki i informatyki, prowadzonych przez autora na Uniwersytecie Gda\u0144skim i Politechnice Gda\u0144skiej.<\/p>\n<p>Tre\u015b\u0107 obejmuje rachunek zda\u0144 i elementy logiki, rachunek zbior\u00f3w, kwantyfikatory, funkcje, relacje, moce zbior\u00f3w oraz elementy algebry Boole&#8217;a. Ca\u0142o\u015b\u0107 jest przedstawiona intuicyjnie, z jednej strony, a dostatecznie poprawnie i formalnie, z drugiej strony. Zamieszczono dowody prawie wszystkich prezentowanych twierdze\u0144. Wi\u0119kszo\u015b\u0107 poj\u0119\u0107, w\u0142asno\u015bci i twierdze\u0144 jest zilustrowana przyk\u0142adami i rysunkami. Powinno to u\u0142atwi\u0107 zrozumienie materia\u0142u, kt\u00f3ry jest stosunkowo \u0142atwy, ale bogaty w nowe poj\u0119cia i formalizmy. Dodatkowo ka\u017cdy rozdzia\u0142 zako\u0144czono wieloma, w wi\u0119kszo\u015bci typowymi, zadaniami i testem.<\/p>\n<p>Do korzystania z tego podr\u0119cznika nie jest konieczna znajomo\u015b\u0107 \u017cadnej teorii matematycznej. To w\u0142a\u015bnie elementarna znajomo\u015b\u0107 przedstawionego materia\u0142u powinna u\u0142atwi\u0107 studentom czytanie kolejnych podr\u0119cznik\u00f3w, s\u0142uchanie innych wyk\u0142ad\u00f3w matematycznych oraz poznawanie nowych teorii.<\/p>\n","protected":false},"featured_media":20956,"template":"","meta":{"_acf_changed":false},"journal":[],"rodzaj":[2605],"seria":[],"product_brand":[],"product_cat":[275],"product_tag":[1001],"class_list":{"0":"post-46235","1":"product","2":"type-product","3":"status-publish","4":"has-post-thumbnail","6":"rodzaj-podreczniki","7":"product_cat-matematyka-i-informatyka","8":"product_tag-jerzy-topp","9":"pa_rok-wydania-899","11":"first","12":"instock","13":"taxable","14":"shipping-taxable","15":"purchasable","16":"product-type-simple"},"acf":[],"_links":{"self":[{"href":"https:\/\/wydawnictwo.ug.edu.pl\/en\/wp-json\/wp\/v2\/product\/46235","targetHints":{"allow":["GET"]}}],"collection":[{"href":"https:\/\/wydawnictwo.ug.edu.pl\/en\/wp-json\/wp\/v2\/product"}],"about":[{"href":"https:\/\/wydawnictwo.ug.edu.pl\/en\/wp-json\/wp\/v2\/types\/product"}],"wp:featuredmedia":[{"embeddable":true,"href":"https:\/\/wydawnictwo.ug.edu.pl\/en\/wp-json\/wp\/v2\/media\/20956"}],"wp:attachment":[{"href":"https:\/\/wydawnictwo.ug.edu.pl\/en\/wp-json\/wp\/v2\/media?parent=46235"}],"wp:term":[{"taxonomy":"journal","embeddable":true,"href":"https:\/\/wydawnictwo.ug.edu.pl\/en\/wp-json\/wp\/v2\/journal?post=46235"},{"taxonomy":"rodzaj","embeddable":true,"href":"https:\/\/wydawnictwo.ug.edu.pl\/en\/wp-json\/wp\/v2\/rodzaj?post=46235"},{"taxonomy":"seria","embeddable":true,"href":"https:\/\/wydawnictwo.ug.edu.pl\/en\/wp-json\/wp\/v2\/seria?post=46235"},{"taxonomy":"product_brand","embeddable":true,"href":"https:\/\/wydawnictwo.ug.edu.pl\/en\/wp-json\/wp\/v2\/product_brand?post=46235"},{"taxonomy":"product_cat","embeddable":true,"href":"https:\/\/wydawnictwo.ug.edu.pl\/en\/wp-json\/wp\/v2\/product_cat?post=46235"},{"taxonomy":"product_tag","embeddable":true,"href":"https:\/\/wydawnictwo.ug.edu.pl\/en\/wp-json\/wp\/v2\/product_tag?post=46235"}],"curies":[{"name":"wp","href":"https:\/\/api.w.org\/{rel}","templated":true}]}}