{"id":46234,"date":"2022-08-18T11:41:42","date_gmt":"2022-08-18T11:41:42","guid":{"rendered":"https:\/\/wydawnictwo.ug.edu.pl\/ksiegarnia-online\/uncategorized\/matematyka-funkcje-jednej-zmiennej\/"},"modified":"2026-02-11T13:23:45","modified_gmt":"2026-02-11T13:23:45","slug":"matematyka-funkcje-jednej-zmiennej","status":"publish","type":"product","link":"https:\/\/wydawnictwo.ug.edu.pl\/en\/ksiegarnia-online\/matematyka-i-informatyka\/matematyka-funkcje-jednej-zmiennej\/","title":{"rendered":"Matematyka. Funkcje jednej zmiennej"},"content":{"rendered":"","protected":false},"excerpt":{"rendered":"<p>W ksi\u0105\u017cce tej, stanowi\u0105cej po\u0142\u0105czenie klasycznego podr\u0119cznika ze zbiorem zada\u0144, om\u00f3wiono elementy rachunku r\u00f3\u017cniczkowego i ca\u0142kowego funkcji jednej zmiennej. Przedstawiono podstawowe definicje i twierdzenia, du\u017c\u0105 liczb\u0119 przyk\u0142ad\u00f3w i rysunk\u00f3w, ilustruj\u0105cych poj\u0119cia i teori\u0119, oraz bardzo obszerne zestawy zada\u0144 (wraz z odpowiedziami), przydatne zar\u00f3wno do prowadzenia \u0107wicze\u0144 na uczelniach, jak i do samodzielnego rozwi\u0105zywania.<\/p>\n<p>Studenci, zaczynaj\u0105cy korzysta\u0107 z tego podr\u0119cznika, powinni w stopniu zadowalaj\u0105cym zna\u0107 ju\u017c podstawy matematyki w zakresie liceum \u2013 podstawowe w\u0142asno\u015bci dzia\u0142a\u0144 na liczbach oraz w\u0142asno\u015bci podstawowych funkcji elementarnych. To opracowanie ma u\u0142atwi\u0107 im poznanie element\u00f3w matematyki na poziomie wymaganym w szkole wy\u017cszej. Dostarcza te\u017c prostych narz\u0119dzi matematycznych i przygotowuje do zrozumienia kolejnych przedmiot\u00f3w \u015bcis\u0142ych, informatycznych oraz technicznych, znajduj\u0105cych si\u0119 w programach studi\u00f3w.<\/p>\n","protected":false},"featured_media":20972,"template":"","meta":{"_acf_changed":false},"journal":[],"rodzaj":[7330],"seria":[],"product_brand":[],"product_cat":[7309],"product_tag":[7744],"class_list":{"0":"post-46234","1":"product","2":"type-product","3":"status-publish","4":"has-post-thumbnail","6":"rodzaj-schoolbook","7":"product_cat-matematyka-i-informatyka","8":"product_tag-jerzy-topp","9":"pa_rok-wydania-2016-en","11":"first","12":"instock","13":"taxable","14":"shipping-taxable","15":"purchasable","16":"product-type-simple"},"acf":[],"_links":{"self":[{"href":"https:\/\/wydawnictwo.ug.edu.pl\/en\/wp-json\/wp\/v2\/product\/46234","targetHints":{"allow":["GET"]}}],"collection":[{"href":"https:\/\/wydawnictwo.ug.edu.pl\/en\/wp-json\/wp\/v2\/product"}],"about":[{"href":"https:\/\/wydawnictwo.ug.edu.pl\/en\/wp-json\/wp\/v2\/types\/product"}],"wp:featuredmedia":[{"embeddable":true,"href":"https:\/\/wydawnictwo.ug.edu.pl\/en\/wp-json\/wp\/v2\/media\/20972"}],"wp:attachment":[{"href":"https:\/\/wydawnictwo.ug.edu.pl\/en\/wp-json\/wp\/v2\/media?parent=46234"}],"wp:term":[{"taxonomy":"journal","embeddable":true,"href":"https:\/\/wydawnictwo.ug.edu.pl\/en\/wp-json\/wp\/v2\/journal?post=46234"},{"taxonomy":"rodzaj","embeddable":true,"href":"https:\/\/wydawnictwo.ug.edu.pl\/en\/wp-json\/wp\/v2\/rodzaj?post=46234"},{"taxonomy":"seria","embeddable":true,"href":"https:\/\/wydawnictwo.ug.edu.pl\/en\/wp-json\/wp\/v2\/seria?post=46234"},{"taxonomy":"product_brand","embeddable":true,"href":"https:\/\/wydawnictwo.ug.edu.pl\/en\/wp-json\/wp\/v2\/product_brand?post=46234"},{"taxonomy":"product_cat","embeddable":true,"href":"https:\/\/wydawnictwo.ug.edu.pl\/en\/wp-json\/wp\/v2\/product_cat?post=46234"},{"taxonomy":"product_tag","embeddable":true,"href":"https:\/\/wydawnictwo.ug.edu.pl\/en\/wp-json\/wp\/v2\/product_tag?post=46234"}],"curies":[{"name":"wp","href":"https:\/\/api.w.org\/{rel}","templated":true}]}}