{"id":46232,"date":"2022-08-25T09:18:26","date_gmt":"2022-08-25T09:18:26","guid":{"rendered":"https:\/\/wydawnictwo.ug.edu.pl\/ksiegarnia-online\/uncategorized\/finanse-po-pandemii-bankowosc-kapital-nadzor\/"},"modified":"2026-02-11T13:23:35","modified_gmt":"2026-02-11T13:23:35","slug":"finanse-po-pandemii-bankowosc-kapital-nadzor","status":"publish","type":"product","link":"https:\/\/wydawnictwo.ug.edu.pl\/en\/ksiegarnia-online\/zarzadzanie\/finanse-po-pandemii-bankowosc-kapital-nadzor\/","title":{"rendered":"Finanse po pandemii. Bankowo\u015b\u0107, kapita\u0142, nadz\u00f3r"},"content":{"rendered":"","protected":false},"excerpt":{"rendered":"<p>Monografia <em>Finanse po pandemii. Bankowo\u015b\u0107, kapita\u0142, nadz\u00f3r<\/em> sk\u0142ada si\u0119 z 6 proporcjonalnych rozdzia\u0142\u00f3w, struktur\u0119 publikacji podporz\u0105dkowano przegl\u0105dowi teorii ekonomicznych, monetarnych i finansowych dotycz\u0105cych zjawisk kryzysowych oraz narz\u0119dzi oddzia\u0142ywania w obszarze polityki fiskalnej, pieni\u0119\u017cnej, a tak\u017ce w zakresie nadzoru i regulacji nad bankami. Ostatni rozdzia\u0142 zawiera analiz\u0119 ekonometryczn\u0105 kszta\u0142towania si\u0119 PKB i inflacji. [\u2026] Najwi\u0119ksz\u0105 warto\u015b\u0107 ksi\u0105\u017cki stanowi jej walor przegl\u0105dowy i porz\u0105dkuj\u0105cy. Jakkolwiek dost\u0119pne s\u0105 ju\u017c na rynku dzie\u0142a o podobnym profilu, to ich liczba jest stosunkowo niewielka. Ponadto, z uwagi na nowo\u015b\u0107 i aktualno\u015b\u0107 zagadnie\u0144, ka\u017cda kolejna pozycja w tym zakresie stanowi istotny krok przybli\u017caj\u0105cy nas do zrozumienia zjawisk ekonomicznych i finansowych zwi\u0105zanych przede wszystkim z jednoczesnym szokiem poda\u017cowym i popytowym (jakie mia\u0142y miejsce w drugim kwartale 2020 r.), ale tak\u017ce z utrzymuj\u0105c\u0105 si\u0119 pandemi\u0105, w zasadzie do chwili obecnej.<\/p>\n<p><em>dr hab. Marcin Liberadzki, prof. SGH<\/em><\/p>\n","protected":false},"featured_media":20983,"template":"","meta":{"_acf_changed":false},"journal":[],"rodzaj":[],"seria":[],"product_brand":[],"product_cat":[6942],"product_tag":[7743],"class_list":{"0":"post-46232","1":"product","2":"type-product","3":"status-publish","4":"has-post-thumbnail","6":"product_cat-zarzadzanie","7":"product_tag-patryk-kaczmarekpatryk-kaczmarek","8":"pa_rok-wydania-2022-en","10":"first","11":"instock","12":"taxable","13":"shipping-taxable","14":"product-type-simple"},"acf":[],"_links":{"self":[{"href":"https:\/\/wydawnictwo.ug.edu.pl\/en\/wp-json\/wp\/v2\/product\/46232","targetHints":{"allow":["GET"]}}],"collection":[{"href":"https:\/\/wydawnictwo.ug.edu.pl\/en\/wp-json\/wp\/v2\/product"}],"about":[{"href":"https:\/\/wydawnictwo.ug.edu.pl\/en\/wp-json\/wp\/v2\/types\/product"}],"wp:featuredmedia":[{"embeddable":true,"href":"https:\/\/wydawnictwo.ug.edu.pl\/en\/wp-json\/wp\/v2\/media\/20983"}],"wp:attachment":[{"href":"https:\/\/wydawnictwo.ug.edu.pl\/en\/wp-json\/wp\/v2\/media?parent=46232"}],"wp:term":[{"taxonomy":"journal","embeddable":true,"href":"https:\/\/wydawnictwo.ug.edu.pl\/en\/wp-json\/wp\/v2\/journal?post=46232"},{"taxonomy":"rodzaj","embeddable":true,"href":"https:\/\/wydawnictwo.ug.edu.pl\/en\/wp-json\/wp\/v2\/rodzaj?post=46232"},{"taxonomy":"seria","embeddable":true,"href":"https:\/\/wydawnictwo.ug.edu.pl\/en\/wp-json\/wp\/v2\/seria?post=46232"},{"taxonomy":"product_brand","embeddable":true,"href":"https:\/\/wydawnictwo.ug.edu.pl\/en\/wp-json\/wp\/v2\/product_brand?post=46232"},{"taxonomy":"product_cat","embeddable":true,"href":"https:\/\/wydawnictwo.ug.edu.pl\/en\/wp-json\/wp\/v2\/product_cat?post=46232"},{"taxonomy":"product_tag","embeddable":true,"href":"https:\/\/wydawnictwo.ug.edu.pl\/en\/wp-json\/wp\/v2\/product_tag?post=46232"}],"curies":[{"name":"wp","href":"https:\/\/api.w.org\/{rel}","templated":true}]}}