{"id":46227,"date":"2022-12-11T13:22:38","date_gmt":"2022-12-11T13:22:38","guid":{"rendered":"https:\/\/wydawnictwo.ug.edu.pl\/ksiegarnia-online\/uncategorized\/studia-germanica-gedanensia-47-kommunikationswelten\/"},"modified":"2026-02-11T13:18:59","modified_gmt":"2026-02-11T13:18:59","slug":"studia-germanica-gedanensia-47-kommunikationswelten","status":"publish","type":"product","link":"https:\/\/wydawnictwo.ug.edu.pl\/en\/ksiegarnia-online\/jezykoznawstwo\/studia-germanica-gedanensia-47-kommunikationswelten\/","title":{"rendered":"Studia Germanica Gedanensia 47. Kommunikationswelten"},"content":{"rendered":"","protected":false},"excerpt":{"rendered":"<p>Czasopismo \u201eStudia Germanica Gedanensia\u201d ma za zadanie prezentowa\u0107 wyniki oryginalnych bada\u0144 z zakresu filologii germa\u0144skiej. Szczeg\u00f3lnym znaczeniem zosta\u0142y obj\u0119te takie obszary badawcze, jak: historia literatury niemieckiej i komparatystyka literacka, literatura regionalna, lingwistyka stosowana i germanistyczna, lingwistyka kontrastywna, kontakty j\u0119zykowe i kulturowe w Europie \u015arodkowej, germanistyka interkulturowa, historia kultury niemieckiej, czy polsko-niemieckie relacje kulturowe.<\/p>\n","protected":false},"featured_media":22590,"template":"","meta":{"_acf_changed":false},"journal":[7069],"rodzaj":[7077],"seria":[],"product_brand":[],"product_cat":[6924,6925,6926],"product_tag":[7548,7337,7547,7738],"class_list":{"0":"post-46227","1":"product","2":"type-product","3":"status-publish","4":"has-post-thumbnail","6":"journal-studia-germanica-gedanensia","7":"rodzaj-czasopismo","8":"product_cat-jezykoznawstwo","9":"product_cat-literaturoznawstwo","10":"product_cat-przekladoznawstwo","11":"product_tag-anna-socka","12":"product_tag-izabela-olszewska","13":"product_tag-marion-brandt","14":"product_tag-marta-turska","15":"pa_rok-wydania-2023-en","17":"first","18":"instock","19":"taxable","20":"shipping-taxable","21":"product-type-simple"},"acf":[],"_links":{"self":[{"href":"https:\/\/wydawnictwo.ug.edu.pl\/en\/wp-json\/wp\/v2\/product\/46227","targetHints":{"allow":["GET"]}}],"collection":[{"href":"https:\/\/wydawnictwo.ug.edu.pl\/en\/wp-json\/wp\/v2\/product"}],"about":[{"href":"https:\/\/wydawnictwo.ug.edu.pl\/en\/wp-json\/wp\/v2\/types\/product"}],"wp:featuredmedia":[{"embeddable":true,"href":"https:\/\/wydawnictwo.ug.edu.pl\/en\/wp-json\/wp\/v2\/media\/22590"}],"wp:attachment":[{"href":"https:\/\/wydawnictwo.ug.edu.pl\/en\/wp-json\/wp\/v2\/media?parent=46227"}],"wp:term":[{"taxonomy":"journal","embeddable":true,"href":"https:\/\/wydawnictwo.ug.edu.pl\/en\/wp-json\/wp\/v2\/journal?post=46227"},{"taxonomy":"rodzaj","embeddable":true,"href":"https:\/\/wydawnictwo.ug.edu.pl\/en\/wp-json\/wp\/v2\/rodzaj?post=46227"},{"taxonomy":"seria","embeddable":true,"href":"https:\/\/wydawnictwo.ug.edu.pl\/en\/wp-json\/wp\/v2\/seria?post=46227"},{"taxonomy":"product_brand","embeddable":true,"href":"https:\/\/wydawnictwo.ug.edu.pl\/en\/wp-json\/wp\/v2\/product_brand?post=46227"},{"taxonomy":"product_cat","embeddable":true,"href":"https:\/\/wydawnictwo.ug.edu.pl\/en\/wp-json\/wp\/v2\/product_cat?post=46227"},{"taxonomy":"product_tag","embeddable":true,"href":"https:\/\/wydawnictwo.ug.edu.pl\/en\/wp-json\/wp\/v2\/product_tag?post=46227"}],"curies":[{"name":"wp","href":"https:\/\/api.w.org\/{rel}","templated":true}]}}