{"id":46225,"date":"2022-12-15T15:27:56","date_gmt":"2022-12-15T15:27:56","guid":{"rendered":"https:\/\/wydawnictwo.ug.edu.pl\/ksiegarnia-online\/uncategorized\/22481\/"},"modified":"2026-02-11T13:18:56","modified_gmt":"2026-02-11T13:18:56","slug":"22481","status":"publish","type":"product","link":"https:\/\/wydawnictwo.ug.edu.pl\/en\/ksiegarnia-online\/sztuka\/22481\/","title":{"rendered":"Kino mniejsze. W kr\u0119gu film\u00f3w czeskiej i s\u0142owackiej Nowej Fali"},"content":{"rendered":"","protected":false},"excerpt":{"rendered":"<p>Oto pr\u00f3ba odczytania fragmentu historii kinematografii \u015brodkowoeuropejskiej za pomoc\u0105 poj\u0119\u0107 wyprowadzonych z praktyki my\u015blenia kinem. Jest to akt analitycznej ingerencji w terytorium, a w\u0142a\u015bciwie map\u0119 historycznego atlasu kinematograficznego, kt\u00f3r\u0105 mo\u017cna widzie\u0107 w najszerszym planie jako pole \u015bwiadomych politycznie eksperyment\u00f3w estetycznych. Celem nie jest powr\u00f3t do film\u00f3w i tw\u00f3rc\u00f3w uznanych, ale opis tendencji, kt\u00f3re wyst\u0119puj\u0105 raczej na peryferiach tradycyjnego wizerunku kina i wchodz\u0105 w dialog z praktykami globalnego kina artystycznego, modernistycznego. Za pod\u0142o\u017ce my\u015blowe do obserwacji tego obszaru praktyk filmowych pos\u0142u\u017cy\u0142 kierunek refleksji zaproponowany przez Gilles\u2019a Deleuze\u2019a. Organiczne poj\u0119cia zrodzone z natury kina, w tym schematy sensoryczno-motoryczne, kt\u00f3re stopniowo ust\u0119puj\u0105 miejsca sytuacjom czysto optycznym i d\u017awi\u0119kowym, pozwalaj\u0105 zobaczy\u0107 kino modernistyczne jako pr\u00f3b\u0119 przezwyci\u0119\u017cenia kryzysu podmiotowo\u015bci i przywr\u00f3cenia zerwanej wi\u0119zi ze \u015bwiatem.<\/p>\n<p>Zar\u00f3wno perspektywa modernistyczna, jak i deleuzja\u0144ska pozwalaj\u0105 spojrze\u0107 na kino czechos\u0142owackie jako cz\u0119\u015b\u0107 europejskiego dyskursu. (\u2026) Jest to zabieg w jakim\u015b sensie oczyszczaj\u0105cy, pozwalaj\u0105cy spojrze\u0107 na te filmy na nowo. (\u2026) Ksi\u0105\u017cka jest \u201eg\u0119sta\u201d interpretacyjnie, a analizy poszczeg\u00f3lnych film\u00f3w s\u0105 wnikliwe, przekonywaj\u0105ce i inspiruj\u0105ce. Mo\u017cna z nimi polemizowa\u0107, proponowa\u0107 inne wybory, ale trzeba przyzna\u0107, \u017ce s\u0105 one sp\u00f3jne. Dzieje si\u0119 tak dzi\u0119ki precyzyjnie okre\u015blonej podstawie teoretycznej.<\/p>\n<p><em>Z recenzji prof. dr. hab. Piotra Zwierzchowskiego\u00a0<\/em><\/p>\n","protected":false},"featured_media":22488,"template":"","meta":{"_acf_changed":false},"journal":[],"rodzaj":[7074,7076],"seria":[7629],"product_brand":[],"product_cat":[6939],"product_tag":[7736],"class_list":{"0":"post-46225","1":"product","2":"type-product","3":"status-publish","4":"has-post-thumbnail","6":"rodzaj-ksiazki","7":"rodzaj-serie-wydawnicze","8":"seria-linia-filmowa","9":"product_cat-sztuka","10":"product_tag-grazyna-swietochowska-autorzy","11":"pa_rok-wydania-2022-en","13":"first","14":"instock","15":"taxable","16":"shipping-taxable","17":"purchasable","18":"product-type-simple"},"acf":[],"jetpack_sharing_enabled":true,"_links":{"self":[{"href":"https:\/\/wydawnictwo.ug.edu.pl\/en\/wp-json\/wp\/v2\/product\/46225","targetHints":{"allow":["GET"]}}],"collection":[{"href":"https:\/\/wydawnictwo.ug.edu.pl\/en\/wp-json\/wp\/v2\/product"}],"about":[{"href":"https:\/\/wydawnictwo.ug.edu.pl\/en\/wp-json\/wp\/v2\/types\/product"}],"wp:featuredmedia":[{"embeddable":true,"href":"https:\/\/wydawnictwo.ug.edu.pl\/en\/wp-json\/wp\/v2\/media\/22488"}],"wp:attachment":[{"href":"https:\/\/wydawnictwo.ug.edu.pl\/en\/wp-json\/wp\/v2\/media?parent=46225"}],"wp:term":[{"taxonomy":"journal","embeddable":true,"href":"https:\/\/wydawnictwo.ug.edu.pl\/en\/wp-json\/wp\/v2\/journal?post=46225"},{"taxonomy":"rodzaj","embeddable":true,"href":"https:\/\/wydawnictwo.ug.edu.pl\/en\/wp-json\/wp\/v2\/rodzaj?post=46225"},{"taxonomy":"seria","embeddable":true,"href":"https:\/\/wydawnictwo.ug.edu.pl\/en\/wp-json\/wp\/v2\/seria?post=46225"},{"taxonomy":"product_brand","embeddable":true,"href":"https:\/\/wydawnictwo.ug.edu.pl\/en\/wp-json\/wp\/v2\/product_brand?post=46225"},{"taxonomy":"product_cat","embeddable":true,"href":"https:\/\/wydawnictwo.ug.edu.pl\/en\/wp-json\/wp\/v2\/product_cat?post=46225"},{"taxonomy":"product_tag","embeddable":true,"href":"https:\/\/wydawnictwo.ug.edu.pl\/en\/wp-json\/wp\/v2\/product_tag?post=46225"}],"curies":[{"name":"wp","href":"https:\/\/api.w.org\/{rel}","templated":true}]}}