{"id":46223,"date":"2022-12-21T13:36:07","date_gmt":"2022-12-21T13:36:07","guid":{"rendered":"https:\/\/wydawnictwo.ug.edu.pl\/ksiegarnia-online\/uncategorized\/gospodarka-bez-ekonoma-ii\/"},"modified":"2026-02-11T13:18:00","modified_gmt":"2026-02-11T13:18:00","slug":"gospodarka-bez-ekonoma-ii","status":"publish","type":"product","link":"https:\/\/wydawnictwo.ug.edu.pl\/en\/ksiegarnia-online\/ekonomia\/gospodarka-bez-ekonoma-ii\/","title":{"rendered":"Gospodarka bez ekonoma II"},"content":{"rendered":"<p>asdsa<\/p>\n","protected":false},"excerpt":{"rendered":"<p><em>Gospodarka bez ekonoma II. Wyzwania wsp\u00f3\u0142czesnej gospodarki. Materia\u0142y z II Og\u00f3lnopolskiej Konferencji Naukowej im. prof. Jana Winieckiego<\/em><\/p>\n<p>O prof. Janie Winieckim patronie Og\u00f3lnopolskiej Konferencji Naukowej, na kt\u00f3r\u0105 zosta\u0142a przygotowana niniejsza monografia<\/p>\n<p>Prof. Jan Winiecki pracowa\u0142 w Wy\u017cszej Szkole Informatyki i Zarz\u0105dzania w Rzeszowie 13 lat. Dzi\u0119ki naszym licznym rozmowom ja, jako in\u017cynier, korzysta\u0142em z jego znakomitej wiedzy ekonomicznej. Mi\u0119dzy innymi Pan Profesor utwierdzi\u0142 mnie w przekonaniu, \u017ce dywersyfikacja \u017ar\u00f3de\u0142 przychod\u00f3w da uczelni stabilno\u015b\u0107 i dobre perspektywy rozwoju.<\/p>\n<p style=\"text-align: right;\">Tadeusz Pomianek<\/p>\n<p>Janek Winiecki by\u0142 cz\u0142owiekiem wielkiego umys\u0142u, z ci\u0119tym poczuciem humoru, zw\u0142aszcza gdy chodzi\u0142o o apologet\u00f3w socjalizmu.<\/p>\n<p style=\"text-align: right;\">Leszek Balcerowicz<\/p>\n<p>Janek Winiecki nie ba\u0142 si\u0119 g\u0142osi\u0107 prawdy o kapitalizmie.<\/p>\n<p style=\"text-align: right;\">Andrzej Kondratowicz<\/p>\n<p style=\"text-align: left;\">Prof. Jan Winiecki inspirowa\u0142: by krytycznie patrze\u0107 na otaczaj\u0105c\u0105 nas rzeczywisto\u015b\u0107, by dyskutowa\u0107 i logicznie argumentowa\u0107, by szanowa\u0107 partnera w tej dyskusji (a zw\u0142aszcza tego maj\u0105cego odmienne pogl\u0105dy). B\u0119d\u0105c bardzo aktywnym naukowcem i zwolennikiem liberalizmu, stanowi\u0142 dla nas wzorzec do bycia r\u00f3wnie aktywnym.<\/p>\n<p style=\"text-align: right;\">Witold Kwa\u015bnicki<\/p>\n<p>Towarzystwo Ekonomist\u00f3w Polskich, Wy\u017csza Szko\u0142a Informatyki i Zarz\u0105dzania z siedzib\u0105 w Rzeszowie, Uniwersytet Gda\u0144ski<\/p>\n<p style=\"text-align: center;\"><a href=\"https:\/\/wydawnictwo.ug.edu.pl\/wp-content\/uploads\/2023\/08\/Gospodarka-bez-ekonoma-eb.pdf\" target=\"_blank\" rel=\"noopener\">Ksi\u0105\u017cka dost\u0119pna r\u00f3wnie\u017c w wersji elektronicznej<\/a><\/p>\n","protected":false},"featured_media":22678,"template":"","meta":{"_acf_changed":false},"journal":[],"rodzaj":[2602],"seria":[],"product_brand":[],"product_cat":[266],"product_tag":[291,2222],"class_list":{"0":"post-46223","1":"product","2":"type-product","3":"status-publish","4":"has-post-thumbnail","6":"rodzaj-ksiazki","7":"product_cat-ekonomia","8":"product_tag-elzbieta-adamowicz","9":"product_tag-jaroslaw-janecki","10":"pa_rok-wydania-1179","12":"first","13":"instock","14":"taxable","15":"shipping-taxable","16":"purchasable","17":"product-type-simple"},"acf":[],"_links":{"self":[{"href":"https:\/\/wydawnictwo.ug.edu.pl\/en\/wp-json\/wp\/v2\/product\/46223","targetHints":{"allow":["GET"]}}],"collection":[{"href":"https:\/\/wydawnictwo.ug.edu.pl\/en\/wp-json\/wp\/v2\/product"}],"about":[{"href":"https:\/\/wydawnictwo.ug.edu.pl\/en\/wp-json\/wp\/v2\/types\/product"}],"wp:featuredmedia":[{"embeddable":true,"href":"https:\/\/wydawnictwo.ug.edu.pl\/en\/wp-json\/wp\/v2\/media\/22678"}],"wp:attachment":[{"href":"https:\/\/wydawnictwo.ug.edu.pl\/en\/wp-json\/wp\/v2\/media?parent=46223"}],"wp:term":[{"taxonomy":"journal","embeddable":true,"href":"https:\/\/wydawnictwo.ug.edu.pl\/en\/wp-json\/wp\/v2\/journal?post=46223"},{"taxonomy":"rodzaj","embeddable":true,"href":"https:\/\/wydawnictwo.ug.edu.pl\/en\/wp-json\/wp\/v2\/rodzaj?post=46223"},{"taxonomy":"seria","embeddable":true,"href":"https:\/\/wydawnictwo.ug.edu.pl\/en\/wp-json\/wp\/v2\/seria?post=46223"},{"taxonomy":"product_brand","embeddable":true,"href":"https:\/\/wydawnictwo.ug.edu.pl\/en\/wp-json\/wp\/v2\/product_brand?post=46223"},{"taxonomy":"product_cat","embeddable":true,"href":"https:\/\/wydawnictwo.ug.edu.pl\/en\/wp-json\/wp\/v2\/product_cat?post=46223"},{"taxonomy":"product_tag","embeddable":true,"href":"https:\/\/wydawnictwo.ug.edu.pl\/en\/wp-json\/wp\/v2\/product_tag?post=46223"}],"curies":[{"name":"wp","href":"https:\/\/api.w.org\/{rel}","templated":true}]}}