{"id":46221,"date":"2022-12-24T08:53:57","date_gmt":"2022-12-24T08:53:57","guid":{"rendered":"https:\/\/wydawnictwo.ug.edu.pl\/ksiegarnia-online\/uncategorized\/zatoka-pucka-tom-i-aspekty-geologiczne-i-fizyczne\/"},"modified":"2026-02-11T13:17:52","modified_gmt":"2026-02-11T13:17:52","slug":"zatoka-pucka-tom-i-aspekty-geologiczne-i-fizyczne","status":"publish","type":"product","link":"https:\/\/wydawnictwo.ug.edu.pl\/en\/ksiegarnia-online\/geografia-i-oceanografia\/zatoka-pucka-tom-i-aspekty-geologiczne-i-fizyczne\/","title":{"rendered":"Zatoka Pucka. Tom I. Aspekty geologiczne i fizyczne"},"content":{"rendered":"","protected":false},"excerpt":{"rendered":"<p>Monografia obejmuje najwa\u017cniejsze informacje o ekosystemie Zatoki Puckiej zebrane na podstawie dost\u0119pnych dla tego akwenu bada\u0144, szczeg\u00f3lnie tych prowadzonych w Instytucie Oceanografii Uniwersytetu Gda\u0144skiego od 1970 roku. Zatoka Pucka, b\u0119d\u0105ca wydzielon\u0105 cz\u0119\u015bci\u0105 Zatoki Gda\u0144skiej, jest akwenem niezwykle urozmaiconym pod wzgl\u0119dem geologicznym, fizycznym, biologicznym i chemicznym. Jego granic\u0119 stanowi umowna linia \u0142\u0105cz\u0105ca Cypel Helski z Cyplem Or\u0142owskim. Pierwszy tom publikacji zbiorowej po\u015bwi\u0119cony jest aspektom geologicznym i fizycznym akwenu. Autorzy artyku\u0142\u00f3w przygl\u0105daj\u0105 si\u0119 morfometrii Zatoki Puckiej, jej warunkom fizyczno-geograficznym, hydrologii czy dop\u0142ywowi w\u00f3d podziemnych do zatoki.<\/p>\n<p>W przygotowaniu trzytomowej monografii o Zatoce Puckiej wzi\u0119\u0142o udzia\u0142 79 naukowc\u00f3w z Wydzia\u0142u Oceanografii i Geografii, Wydzia\u0142u Biologii, Wydzia\u0142u Chemii oraz Wydzia\u0142u Prawa i Administracji Uniwersytetu Gda\u0144skiego. W\u015br\u00f3d autor\u00f3w opracowania znale\u017ali si\u0119 tak\u017ce pracownicy Instytutu Oceanologii PAN, Politechniki Gda\u0144skiej, Instytutu Meteorologii i Gospodarki Wodnej PIB, Centralnego Laboratorium Ochrony Radiologicznej, Morskiego Instytutu Rybackiego PIB, stacji ornitologicznej PAN w Gda\u0144sku oraz Uniwersytetu Adama Mickiewicza w Poznaniu \u2013 Nadnoteckiego Instytutu UAM w Pile.<\/p>\n","protected":false},"featured_media":22687,"template":"","meta":{"_acf_changed":false},"journal":[],"rodzaj":[2602],"seria":[],"product_brand":[],"product_cat":[276],"product_tag":[2223,353],"class_list":{"0":"post-46221","1":"product","2":"type-product","3":"status-publish","4":"has-post-thumbnail","6":"rodzaj-ksiazki","7":"product_cat-geografia-i-oceanografia","8":"product_tag-dorota-burska","9":"product_tag-jerzy-bolalek","10":"pa_rok-wydania-1179","12":"first","13":"instock","14":"taxable","15":"shipping-taxable","16":"purchasable","17":"product-type-simple"},"acf":[],"_links":{"self":[{"href":"https:\/\/wydawnictwo.ug.edu.pl\/en\/wp-json\/wp\/v2\/product\/46221","targetHints":{"allow":["GET"]}}],"collection":[{"href":"https:\/\/wydawnictwo.ug.edu.pl\/en\/wp-json\/wp\/v2\/product"}],"about":[{"href":"https:\/\/wydawnictwo.ug.edu.pl\/en\/wp-json\/wp\/v2\/types\/product"}],"wp:featuredmedia":[{"embeddable":true,"href":"https:\/\/wydawnictwo.ug.edu.pl\/en\/wp-json\/wp\/v2\/media\/22687"}],"wp:attachment":[{"href":"https:\/\/wydawnictwo.ug.edu.pl\/en\/wp-json\/wp\/v2\/media?parent=46221"}],"wp:term":[{"taxonomy":"journal","embeddable":true,"href":"https:\/\/wydawnictwo.ug.edu.pl\/en\/wp-json\/wp\/v2\/journal?post=46221"},{"taxonomy":"rodzaj","embeddable":true,"href":"https:\/\/wydawnictwo.ug.edu.pl\/en\/wp-json\/wp\/v2\/rodzaj?post=46221"},{"taxonomy":"seria","embeddable":true,"href":"https:\/\/wydawnictwo.ug.edu.pl\/en\/wp-json\/wp\/v2\/seria?post=46221"},{"taxonomy":"product_brand","embeddable":true,"href":"https:\/\/wydawnictwo.ug.edu.pl\/en\/wp-json\/wp\/v2\/product_brand?post=46221"},{"taxonomy":"product_cat","embeddable":true,"href":"https:\/\/wydawnictwo.ug.edu.pl\/en\/wp-json\/wp\/v2\/product_cat?post=46221"},{"taxonomy":"product_tag","embeddable":true,"href":"https:\/\/wydawnictwo.ug.edu.pl\/en\/wp-json\/wp\/v2\/product_tag?post=46221"}],"curies":[{"name":"wp","href":"https:\/\/api.w.org\/{rel}","templated":true}]}}