{"id":46220,"date":"2022-12-24T09:31:30","date_gmt":"2022-12-24T09:31:30","guid":{"rendered":"https:\/\/wydawnictwo.ug.edu.pl\/ksiegarnia-online\/uncategorized\/zatoka-pucka-tom-iii-aspekty-swiata-ozywionego\/"},"modified":"2026-02-11T13:17:47","modified_gmt":"2026-02-11T13:17:47","slug":"zatoka-pucka-tom-iii-aspekty-swiata-ozywionego","status":"publish","type":"product","link":"https:\/\/wydawnictwo.ug.edu.pl\/en\/ksiegarnia-online\/geografia-i-oceanografia\/zatoka-pucka-tom-iii-aspekty-swiata-ozywionego\/","title":{"rendered":"Zatoka Pucka. Tom III. Aspekty \u015bwiata o\u017cywionego"},"content":{"rendered":"","protected":false},"excerpt":{"rendered":"<p>Monografia obejmuje najwa\u017cniejsze informacje o ekosystemie Zatoki Puckiej zebrane na podstawie dost\u0119pnych dla tego akwenu bada\u0144, szczeg\u00f3lnie tych prowadzonych w Instytucie Oceanografii Uniwersytetu Gda\u0144skiego od 1970 roku. Zatoka Pucka, b\u0119d\u0105ca wydzielon\u0105 cz\u0119\u015bci\u0105 Zatoki Gda\u0144skiej, jest akwenem niezwykle urozmaiconym pod wzgl\u0119dem geologicznym, fizycznym, biologicznym i chemicznym. Jego granic\u0119 stanowi umowna linia \u0142\u0105cz\u0105ca Cypel Helski z Cyplem Or\u0142owskim. Trzeci tom publikacji zbiorowej po\u015bwi\u0119cony jest aspektom \u015bwiata o\u017cywionego w akwenie, m.in.: mikro- i makroflorze wyst\u0119puj\u0105cej w Zatoce, ichtiofaunie, awifaunie, oddzia\u0142ywaniu makroglon\u00f3w na ba\u0142tyckie sinice czy patogennym i lekoopornym bakteriom ekosystemu Zatoki Puckiej.<\/p>\n","protected":false},"featured_media":22691,"template":"","meta":{"_acf_changed":false},"journal":[],"rodzaj":[2602],"seria":[],"product_brand":[],"product_cat":[276],"product_tag":[2223,353],"class_list":{"0":"post-46220","1":"product","2":"type-product","3":"status-publish","4":"has-post-thumbnail","6":"rodzaj-ksiazki","7":"product_cat-geografia-i-oceanografia","8":"product_tag-dorota-burska","9":"product_tag-jerzy-bolalek","10":"pa_rok-wydania-1179","12":"first","13":"instock","14":"taxable","15":"shipping-taxable","16":"purchasable","17":"product-type-simple"},"acf":[],"_links":{"self":[{"href":"https:\/\/wydawnictwo.ug.edu.pl\/en\/wp-json\/wp\/v2\/product\/46220","targetHints":{"allow":["GET"]}}],"collection":[{"href":"https:\/\/wydawnictwo.ug.edu.pl\/en\/wp-json\/wp\/v2\/product"}],"about":[{"href":"https:\/\/wydawnictwo.ug.edu.pl\/en\/wp-json\/wp\/v2\/types\/product"}],"wp:featuredmedia":[{"embeddable":true,"href":"https:\/\/wydawnictwo.ug.edu.pl\/en\/wp-json\/wp\/v2\/media\/22691"}],"wp:attachment":[{"href":"https:\/\/wydawnictwo.ug.edu.pl\/en\/wp-json\/wp\/v2\/media?parent=46220"}],"wp:term":[{"taxonomy":"journal","embeddable":true,"href":"https:\/\/wydawnictwo.ug.edu.pl\/en\/wp-json\/wp\/v2\/journal?post=46220"},{"taxonomy":"rodzaj","embeddable":true,"href":"https:\/\/wydawnictwo.ug.edu.pl\/en\/wp-json\/wp\/v2\/rodzaj?post=46220"},{"taxonomy":"seria","embeddable":true,"href":"https:\/\/wydawnictwo.ug.edu.pl\/en\/wp-json\/wp\/v2\/seria?post=46220"},{"taxonomy":"product_brand","embeddable":true,"href":"https:\/\/wydawnictwo.ug.edu.pl\/en\/wp-json\/wp\/v2\/product_brand?post=46220"},{"taxonomy":"product_cat","embeddable":true,"href":"https:\/\/wydawnictwo.ug.edu.pl\/en\/wp-json\/wp\/v2\/product_cat?post=46220"},{"taxonomy":"product_tag","embeddable":true,"href":"https:\/\/wydawnictwo.ug.edu.pl\/en\/wp-json\/wp\/v2\/product_tag?post=46220"}],"curies":[{"name":"wp","href":"https:\/\/api.w.org\/{rel}","templated":true}]}}