{"id":46218,"date":"2022-12-25T18:29:35","date_gmt":"2022-12-25T18:29:35","guid":{"rendered":"https:\/\/wydawnictwo.ug.edu.pl\/ksiegarnia-online\/uncategorized\/progress-11-2022\/"},"modified":"2026-02-11T13:17:42","modified_gmt":"2026-02-11T13:17:42","slug":"progress-11-2022","status":"publish","type":"product","link":"https:\/\/wydawnictwo.ug.edu.pl\/en\/ksiegarnia-online\/prawo-i-administracja\/progress-11-2022\/","title":{"rendered":"Progress 11\/2022"},"content":{"rendered":"","protected":false},"excerpt":{"rendered":"<p>Czasopismo Progress jest p\u00f3\u0142rocznikiem, w kt\u00f3rym publikowane s\u0105 artyku\u0142y naukowe, recenzje, wywiady, sprawozdania z konferencji tworzone zar\u00f3wno przez m\u0142odych naukowc\u00f3w jak i autorytety z r\u00f3\u017cnych dyscyplin.<\/p>\n","protected":false},"featured_media":22999,"template":"","meta":{"_acf_changed":false},"journal":[7067],"rodzaj":[7077],"seria":[],"product_brand":[],"product_cat":[6932,7007,7047,6953],"product_tag":[],"class_list":{"0":"post-46218","1":"product","2":"type-product","3":"status-publish","4":"has-post-thumbnail","6":"journal-progress","7":"rodzaj-czasopismo","8":"product_cat-prawo-i-administracja","9":"product_cat-pedagogika-i-psychologia","10":"product_cat-politologia","11":"product_cat-socjologia","13":"first","14":"instock","15":"taxable","16":"shipping-taxable","17":"purchasable","18":"product-type-external"},"acf":[],"jetpack_sharing_enabled":true,"_links":{"self":[{"href":"https:\/\/wydawnictwo.ug.edu.pl\/en\/wp-json\/wp\/v2\/product\/46218","targetHints":{"allow":["GET"]}}],"collection":[{"href":"https:\/\/wydawnictwo.ug.edu.pl\/en\/wp-json\/wp\/v2\/product"}],"about":[{"href":"https:\/\/wydawnictwo.ug.edu.pl\/en\/wp-json\/wp\/v2\/types\/product"}],"wp:featuredmedia":[{"embeddable":true,"href":"https:\/\/wydawnictwo.ug.edu.pl\/en\/wp-json\/wp\/v2\/media\/22999"}],"wp:attachment":[{"href":"https:\/\/wydawnictwo.ug.edu.pl\/en\/wp-json\/wp\/v2\/media?parent=46218"}],"wp:term":[{"taxonomy":"journal","embeddable":true,"href":"https:\/\/wydawnictwo.ug.edu.pl\/en\/wp-json\/wp\/v2\/journal?post=46218"},{"taxonomy":"rodzaj","embeddable":true,"href":"https:\/\/wydawnictwo.ug.edu.pl\/en\/wp-json\/wp\/v2\/rodzaj?post=46218"},{"taxonomy":"seria","embeddable":true,"href":"https:\/\/wydawnictwo.ug.edu.pl\/en\/wp-json\/wp\/v2\/seria?post=46218"},{"taxonomy":"product_brand","embeddable":true,"href":"https:\/\/wydawnictwo.ug.edu.pl\/en\/wp-json\/wp\/v2\/product_brand?post=46218"},{"taxonomy":"product_cat","embeddable":true,"href":"https:\/\/wydawnictwo.ug.edu.pl\/en\/wp-json\/wp\/v2\/product_cat?post=46218"},{"taxonomy":"product_tag","embeddable":true,"href":"https:\/\/wydawnictwo.ug.edu.pl\/en\/wp-json\/wp\/v2\/product_tag?post=46218"}],"curies":[{"name":"wp","href":"https:\/\/api.w.org\/{rel}","templated":true}]}}