{"id":46217,"date":"2022-12-27T14:13:15","date_gmt":"2022-12-27T14:13:15","guid":{"rendered":"https:\/\/wydawnictwo.ug.edu.pl\/ksiegarnia-online\/uncategorized\/wycena-kontraktow-terminowych-na-miedz-na-londynskiej-gieldzie-metali-w-okresach-niestabilnosci-na-rynkach-finansowych\/"},"modified":"2026-02-11T13:17:39","modified_gmt":"2026-02-11T13:17:39","slug":"wycena-kontraktow-terminowych-na-miedz-na-londynskiej-gieldzie-metali-w-okresach-niestabilnosci-na-rynkach-finansowych","status":"publish","type":"product","link":"https:\/\/wydawnictwo.ug.edu.pl\/en\/ksiegarnia-online\/zarzadzanie\/wycena-kontraktow-terminowych-na-miedz-na-londynskiej-gieldzie-metali-w-okresach-niestabilnosci-na-rynkach-finansowych\/","title":{"rendered":"Wycena kontrakt\u00f3w terminowych na mied\u017a na Londy\u0144skiej Gie\u0142dzie Metali w okresach niestabilno\u015bci na rynkach finansowych"},"content":{"rendered":"","protected":false},"excerpt":{"rendered":"<p>Publikacja przedstawia rol\u0119 i znaczenie miedzi we wsp\u00f3\u0142czesnej gospodarce. Wskazuje na podstawowe w\u0142asno\u015bci fizykochemiczne miedzi, miejsca jej wydobycia i przetw\u00f3rstwa oraz zastosowania ko\u0144cowe; przybli\u017ca teoretyczne podstawy wyceny towarowych kontrakt\u00f3w terminowych i ukazuje problemy specyfikacji i estymacji takich modeli, a tak\u017ce stan bada\u0144 nad wycen\u0105 kontrakt\u00f3w terminowych na mied\u017a. Ponadto przybli\u017ca poj\u0119cie niestabilno\u015bci na rynkach finansowych, jej \u017ar\u00f3d\u0142a i okresy wyst\u0119powania na podstawie bada\u0144 przeprowadzonych na Londy\u0144skiej Gie\u0142dzie Metali w latach 1998\u20132017.<\/p>\n","protected":false},"featured_media":22750,"template":"","meta":{"_acf_changed":false},"journal":[],"rodzaj":[7074],"seria":[],"product_brand":[],"product_cat":[6942],"product_tag":[7731],"class_list":{"0":"post-46217","1":"product","2":"type-product","3":"status-publish","4":"has-post-thumbnail","6":"rodzaj-ksiazki","7":"product_cat-zarzadzanie","8":"product_tag-marta-chylinska","9":"pa_rok-wydania-2022-en","11":"first","12":"instock","13":"taxable","14":"shipping-taxable","15":"purchasable","16":"product-type-simple"},"acf":[],"_links":{"self":[{"href":"https:\/\/wydawnictwo.ug.edu.pl\/en\/wp-json\/wp\/v2\/product\/46217","targetHints":{"allow":["GET"]}}],"collection":[{"href":"https:\/\/wydawnictwo.ug.edu.pl\/en\/wp-json\/wp\/v2\/product"}],"about":[{"href":"https:\/\/wydawnictwo.ug.edu.pl\/en\/wp-json\/wp\/v2\/types\/product"}],"wp:featuredmedia":[{"embeddable":true,"href":"https:\/\/wydawnictwo.ug.edu.pl\/en\/wp-json\/wp\/v2\/media\/22750"}],"wp:attachment":[{"href":"https:\/\/wydawnictwo.ug.edu.pl\/en\/wp-json\/wp\/v2\/media?parent=46217"}],"wp:term":[{"taxonomy":"journal","embeddable":true,"href":"https:\/\/wydawnictwo.ug.edu.pl\/en\/wp-json\/wp\/v2\/journal?post=46217"},{"taxonomy":"rodzaj","embeddable":true,"href":"https:\/\/wydawnictwo.ug.edu.pl\/en\/wp-json\/wp\/v2\/rodzaj?post=46217"},{"taxonomy":"seria","embeddable":true,"href":"https:\/\/wydawnictwo.ug.edu.pl\/en\/wp-json\/wp\/v2\/seria?post=46217"},{"taxonomy":"product_brand","embeddable":true,"href":"https:\/\/wydawnictwo.ug.edu.pl\/en\/wp-json\/wp\/v2\/product_brand?post=46217"},{"taxonomy":"product_cat","embeddable":true,"href":"https:\/\/wydawnictwo.ug.edu.pl\/en\/wp-json\/wp\/v2\/product_cat?post=46217"},{"taxonomy":"product_tag","embeddable":true,"href":"https:\/\/wydawnictwo.ug.edu.pl\/en\/wp-json\/wp\/v2\/product_tag?post=46217"}],"curies":[{"name":"wp","href":"https:\/\/api.w.org\/{rel}","templated":true}]}}