{"id":46216,"date":"2022-12-30T14:14:32","date_gmt":"2022-12-30T14:14:32","guid":{"rendered":"https:\/\/wydawnictwo.ug.edu.pl\/ksiegarnia-online\/uncategorized\/hodowla-koni-arabskich-w-polsce-klacze-stadne-i-ich-przychowek-2007-2016\/"},"modified":"2026-02-11T13:17:36","modified_gmt":"2026-02-11T13:17:36","slug":"hodowla-koni-arabskich-w-polsce-klacze-stadne-i-ich-przychowek-2007-2016","status":"publish","type":"product","link":"https:\/\/wydawnictwo.ug.edu.pl\/en\/ksiegarnia-online\/biologia\/hodowla-koni-arabskich-w-polsce-klacze-stadne-i-ich-przychowek-2007-2016\/","title":{"rendered":"Hodowla koni arabskich w Polsce. Klacze stadne i ich przych\u00f3wek 2007-2016"},"content":{"rendered":"","protected":false},"excerpt":{"rendered":"<p>Ksi\u0105\u017cka jest kontynuacj\u0105 opracowania <em>Hodowla koni arabskich w Polsce. Klacze stadne i ich przych\u00f3wek 1992\u20132006<\/em> i zawiera dane o koniach arabskich hodowanych w stadninach pa\u0144stwowych i prywatnych w latach 2007\u20132016. Podobnie jak poprzedni tom, ma charakter bazy danych rodowodowych, prezentuj\u0105c informacje o 2205 klaczach stadnych, 539 reproduktorach oraz 5879 \u017arebi\u0119tach urodzonych w tym okresie. Ponadto zawiera spis 719 w\u0142a\u015bcicieli klaczy stadnych wraz z wykazem posiadanych klaczy. Publikacja jest adresowana do naukowc\u00f3w z zakresu hodowli i genetyki koni oraz do hodowc\u00f3w i mi\u0142o\u015bnik\u00f3w koni arabskich, dla kt\u00f3rych mo\u017ce stanowi\u0107 cenne \u017ar\u00f3d\u0142o informacji o wsp\u00f3\u0142czesnej polskiej hodowli.<\/p>\n","protected":false},"featured_media":22784,"template":"","meta":{"_acf_changed":false},"journal":[],"rodzaj":[7074],"seria":[],"product_brand":[],"product_cat":[7307],"product_tag":[7730],"class_list":{"0":"post-46216","1":"product","2":"type-product","3":"status-publish","4":"has-post-thumbnail","6":"rodzaj-ksiazki","7":"product_cat-biologia","8":"product_tag-iwona-glazewska","9":"pa_rok-wydania-2022-en","11":"first","12":"instock","13":"taxable","14":"shipping-taxable","15":"product-type-simple"},"acf":[],"_links":{"self":[{"href":"https:\/\/wydawnictwo.ug.edu.pl\/en\/wp-json\/wp\/v2\/product\/46216","targetHints":{"allow":["GET"]}}],"collection":[{"href":"https:\/\/wydawnictwo.ug.edu.pl\/en\/wp-json\/wp\/v2\/product"}],"about":[{"href":"https:\/\/wydawnictwo.ug.edu.pl\/en\/wp-json\/wp\/v2\/types\/product"}],"wp:featuredmedia":[{"embeddable":true,"href":"https:\/\/wydawnictwo.ug.edu.pl\/en\/wp-json\/wp\/v2\/media\/22784"}],"wp:attachment":[{"href":"https:\/\/wydawnictwo.ug.edu.pl\/en\/wp-json\/wp\/v2\/media?parent=46216"}],"wp:term":[{"taxonomy":"journal","embeddable":true,"href":"https:\/\/wydawnictwo.ug.edu.pl\/en\/wp-json\/wp\/v2\/journal?post=46216"},{"taxonomy":"rodzaj","embeddable":true,"href":"https:\/\/wydawnictwo.ug.edu.pl\/en\/wp-json\/wp\/v2\/rodzaj?post=46216"},{"taxonomy":"seria","embeddable":true,"href":"https:\/\/wydawnictwo.ug.edu.pl\/en\/wp-json\/wp\/v2\/seria?post=46216"},{"taxonomy":"product_brand","embeddable":true,"href":"https:\/\/wydawnictwo.ug.edu.pl\/en\/wp-json\/wp\/v2\/product_brand?post=46216"},{"taxonomy":"product_cat","embeddable":true,"href":"https:\/\/wydawnictwo.ug.edu.pl\/en\/wp-json\/wp\/v2\/product_cat?post=46216"},{"taxonomy":"product_tag","embeddable":true,"href":"https:\/\/wydawnictwo.ug.edu.pl\/en\/wp-json\/wp\/v2\/product_tag?post=46216"}],"curies":[{"name":"wp","href":"https:\/\/api.w.org\/{rel}","templated":true}]}}